{"id":9802,"date":"2024-10-24T02:45:43","date_gmt":"2024-10-24T00:45:43","guid":{"rendered":"http:\/\/billigtrikots.com\/?post_type=product&#038;p=9802"},"modified":"2024-10-24T02:48:01","modified_gmt":"2024-10-24T00:48:01","slug":"herren-england-fifa-wm-katar-2022-weiss-blau-heimtrikot-kurzarm-ramsdale-13","status":"publish","type":"product","link":"https:\/\/www.billigtrikotde.com\/sv\/herren-england-fifa-wm-katar-2022-weiss-blau-heimtrikot-kurzarm-ramsdale-13\/","title":{"rendered":"Herr England FIFA VM Katar 2022 vit bl\u00e5 hemmatr\u00f6ja kort\u00e4rmad RAMSDALE 13"},"content":{"rendered":"<p>VM 2022 Nike Hemmastadion f\u00f6r England, som har en ren vit grund, h\u00e4mtar st\u00f6rre delen av sin f\u00f6rs\u00e4ljning ist\u00e4llet fr\u00e5n f\u00e4rg\u00f6verg\u00e5ngarna p\u00e5 raglans\u00e4rmarna. B\u00f6rjande bakom axlarna b\u00f6rjar den vita basen en gradvis och blekande \u00f6verg\u00e5ng mot bl\u00e5tt, med b\u00f6rjan i en ljus nyans innan den faller i en mycket djupare ton runt den runda halsringningen. De ljusa och m\u00f6rkbl\u00e5 tonerna appliceras i ett tydligt halvt-och-halvt-design p\u00e5 \u00e4rmbanden och liknar f\u00e4rgerna p\u00e5 Kroatiens bortast\u00e4ll f\u00f6r n\u00e4mnda \u00e5r. Historiskt sett ger den anv\u00e4nda m\u00f6rkbl\u00e5 f\u00e4rgen p\u00e5 n\u00e5got s\u00e4tt tillbaka k\u00e4nslan av 90-talets kit.<\/p>\n<p>Tips f\u00f6r utskrift: Om namn och nummer p\u00e5 bilden \u00e4r exakt vad du vill ha, beh\u00f6ver du inte ange dem igen. Om inte, ska du ange \u00f6nskat namn och nummer.<\/p>\n<p>Tips f\u00f6r tv\u00e4tt: Det \u00e4r rekommenderat att tv\u00e4tta fotbollstr\u00f6jor f\u00f6r hand. Om du vill anv\u00e4nda tv\u00e4ttmaskinen ska du komma ih\u00e5g att v\u00e4nda fotbollstr\u00f6jorna ut och in och sedan tv\u00e4tta dem. Fyll maskinen med kallt vatten och anv\u00e4nd ett skonsamt program f\u00f6r att b\u00e4ttre skydda f\u00e4rgerna.<\/p>","protected":false},"excerpt":{"rendered":"<p>Das WM 2022 Nike Heimstadion von England, das eine saubere wei\u00dfe Grundlage hat, bezieht einen Gro\u00dfteil seines Verkaufs stattdessen aus der Farbverl\u00e4ufe auf den Raglan\u00e4rmeln. Beginnend hinter den Schultern beginnt die wei\u00dfe Basis einen allm\u00e4hlichen und verblassten \u00dcbergang in Richtung Blau, beginnend mit einem hellen Ton, bevor sie in einen sehr tiefen Ton um den [&hellip;]<\/p>","protected":false},"featured_media":9842,"comment_status":"open","ping_status":"closed","template":"","meta":[],"product_brand":[],"product_cat":[115],"product_tag":[20,363,116,407,21,22,23,24],"class_list":{"0":"post-9802","1":"product","2":"type-product","3":"status-publish","4":"has-post-thumbnail","6":"product_cat-england-trikots","7":"product_tag-coole-fussballtrikots","8":"product_tag-england-2022-world-cup-trikot","9":"product_tag-england-heimtrikot","10":"product_tag-fifa-wm-katar-2022-trikot","11":"product_tag-fussballtrikot-fuer-herren","12":"product_tag-fussballtrikot-guenstig-kaufen","13":"product_tag-fussballtrikot-kurzarm","14":"product_tag-guenstiges-fussballtrikot","16":"first","17":"instock","18":"shipping-taxable","19":"purchasable","20":"product-type-variable"},"_links":{"self":[{"href":"https:\/\/www.billigtrikotde.com\/sv\/wp-json\/wp\/v2\/product\/9802","targetHints":{"allow":["GET"]}}],"collection":[{"href":"https:\/\/www.billigtrikotde.com\/sv\/wp-json\/wp\/v2\/product"}],"about":[{"href":"https:\/\/www.billigtrikotde.com\/sv\/wp-json\/wp\/v2\/types\/product"}],"replies":[{"embeddable":true,"href":"https:\/\/www.billigtrikotde.com\/sv\/wp-json\/wp\/v2\/comments?post=9802"}],"wp:featuredmedia":[{"embeddable":true,"href":"https:\/\/www.billigtrikotde.com\/sv\/wp-json\/wp\/v2\/media\/9842"}],"wp:attachment":[{"href":"https:\/\/www.billigtrikotde.com\/sv\/wp-json\/wp\/v2\/media?parent=9802"}],"wp:term":[{"taxonomy":"product_brand","embeddable":true,"href":"https:\/\/www.billigtrikotde.com\/sv\/wp-json\/wp\/v2\/product_brand?post=9802"},{"taxonomy":"product_cat","embeddable":true,"href":"https:\/\/www.billigtrikotde.com\/sv\/wp-json\/wp\/v2\/product_cat?post=9802"},{"taxonomy":"product_tag","embeddable":true,"href":"https:\/\/www.billigtrikotde.com\/sv\/wp-json\/wp\/v2\/product_tag?post=9802"}],"curies":[{"name":"wp","href":"https:\/\/api.w.org\/{rel}","templated":true}]}}