{"id":9740,"date":"2024-10-24T02:42:40","date_gmt":"2024-10-24T00:42:40","guid":{"rendered":"http:\/\/billigtrikots.com\/?post_type=product&#038;p=9740"},"modified":"2024-10-24T02:44:57","modified_gmt":"2024-10-24T00:44:57","slug":"mexiko-fifa-wm-katar-2022-heimtrikot-gruen-kurzarm-mit-namen-c-vela-11","status":"publish","type":"product","link":"https:\/\/www.billigtrikotde.com\/sv\/mexiko-fifa-wm-katar-2022-heimtrikot-gruen-kurzarm-mit-namen-c-vela-11\/","title":{"rendered":"Mexiko FIFA World Cup Qatar 2022 Hemmatr\u00f6ja gr\u00f6n kort\u00e4rmad med namn C.VELA 11"},"content":{"rendered":"<p>Det \u00e4r f\u00f6rsta g\u00e5ngen p\u00e5 m\u00e5nga \u00e5r som Mexiko kommer att ha en gr\u00f6n tr\u00f6ja. Mexikos VM-tr\u00f6ja 2018 var gr\u00f6n och en v\u00e4nskapsmatch mot Argentina samma \u00e5r var sista g\u00e5ngen den mexikanska A-landslaget bar en gr\u00f6n tr\u00f6ja. Olympiatr\u00f6jan som U24-landslaget bar i sommar och som inte tillverkades av Adidas var ocks\u00e5 gr\u00f6n.<br \/>\nAdidas Mexiko 2022 VM-tr\u00f6ja \u00e4r gr\u00f6n med vita byxor och r\u00f6da strumpor och \u00e5terupplivar d\u00e4rmed Mexikos ikoniska f\u00e4rger.<\/p>\n<p>Det viktigaste designdraget f\u00f6r Mexiko 2022 hemma-tr\u00f6jan \u00e4r ett subtilt grafiskt tryck p\u00e5 \u00f6verdelen och \u00e4rmarna, inspirerat av Quetzalcoatl.<br \/>\nI den mexikanska kulturen \u00e4r Quetzalcoatl vindens gud, pr\u00e4sternas skyddshelgon och uppfinnare av kalendrar och b\u00f6cker. Ibland framst\u00e4lls han ocks\u00e5 som en symbol f\u00f6r d\u00f6den och uppst\u00e5ndelsen. En Quetzalcoatl-grafik finns ocks\u00e5 p\u00e5 baksidan under kragen.<\/p>\n<p>Tips f\u00f6r utskrift: Om namn och nummer p\u00e5 bilden \u00e4r exakt vad du vill ha, beh\u00f6ver du inte ange dem igen. Om inte, ska du ange \u00f6nskat namn och nummer.<\/p>\n<p>Tips f\u00f6r tv\u00e4tt: Det \u00e4r rekommenderat att tv\u00e4tta fotbollstr\u00f6jor f\u00f6r hand. Om du vill anv\u00e4nda tv\u00e4ttmaskinen ska du komma ih\u00e5g att v\u00e4nda fotbollstr\u00f6jorna ut och in och sedan tv\u00e4tta dem. Fyll maskinen med kallt vatten och anv\u00e4nd ett skonsamt program f\u00f6r att b\u00e4ttre skydda f\u00e4rgerna.<\/p>","protected":false},"excerpt":{"rendered":"<p>Det \u00e4r f\u00f6rsta g\u00e5ngen p\u00e5 m\u00e5nga \u00e5r som Mexiko kommer att ha en gr\u00f6n tr\u00f6ja. Mexikos VM-tr\u00f6ja 2018 var gr\u00f6n och en v\u00e4nskapsmatch mot Argentina samma \u00e5r var sista g\u00e5ngen den mexikanska A-landslaget bar en gr\u00f6n tr\u00f6ja. Olympiatr\u00f6jan som U24-landslaget bar i sommar och som inte tillverkades av Adidas var ocks\u00e5 gr\u00f6n.<\/p>","protected":false},"featured_media":9781,"comment_status":"open","ping_status":"closed","template":"","meta":[],"product_brand":[],"product_cat":[251],"product_tag":[20,405,21,22,23,24,252,406,253],"class_list":{"0":"post-9740","1":"product","2":"type-product","3":"status-publish","4":"has-post-thumbnail","6":"product_cat-mexiko-trikots","7":"product_tag-coole-fussballtrikots","8":"product_tag-fifa-wm-katar-2022","9":"product_tag-fussballtrikot-fuer-herren","10":"product_tag-fussballtrikot-guenstig-kaufen","11":"product_tag-fussballtrikot-kurzarm","12":"product_tag-guenstiges-fussballtrikot","13":"product_tag-mexiko-2022-trikots","14":"product_tag-mexiko-2022-wm-heimtrikot","15":"product_tag-mexiko-heimtrikot","17":"first","18":"instock","19":"shipping-taxable","20":"purchasable","21":"product-type-variable"},"_links":{"self":[{"href":"https:\/\/www.billigtrikotde.com\/sv\/wp-json\/wp\/v2\/product\/9740","targetHints":{"allow":["GET"]}}],"collection":[{"href":"https:\/\/www.billigtrikotde.com\/sv\/wp-json\/wp\/v2\/product"}],"about":[{"href":"https:\/\/www.billigtrikotde.com\/sv\/wp-json\/wp\/v2\/types\/product"}],"replies":[{"embeddable":true,"href":"https:\/\/www.billigtrikotde.com\/sv\/wp-json\/wp\/v2\/comments?post=9740"}],"wp:featuredmedia":[{"embeddable":true,"href":"https:\/\/www.billigtrikotde.com\/sv\/wp-json\/wp\/v2\/media\/9781"}],"wp:attachment":[{"href":"https:\/\/www.billigtrikotde.com\/sv\/wp-json\/wp\/v2\/media?parent=9740"}],"wp:term":[{"taxonomy":"product_brand","embeddable":true,"href":"https:\/\/www.billigtrikotde.com\/sv\/wp-json\/wp\/v2\/product_brand?post=9740"},{"taxonomy":"product_cat","embeddable":true,"href":"https:\/\/www.billigtrikotde.com\/sv\/wp-json\/wp\/v2\/product_cat?post=9740"},{"taxonomy":"product_tag","embeddable":true,"href":"https:\/\/www.billigtrikotde.com\/sv\/wp-json\/wp\/v2\/product_tag?post=9740"}],"curies":[{"name":"wp","href":"https:\/\/api.w.org\/{rel}","templated":true}]}}