{"id":9671,"date":"2024-10-24T02:39:07","date_gmt":"2024-10-24T00:39:07","guid":{"rendered":"http:\/\/billigtrikots.com\/?post_type=product&#038;p=9671"},"modified":"2024-10-24T02:41:21","modified_gmt":"2024-10-24T00:41:21","slug":"herren-italien-trikots-2022-23-heimtrikot-blau-kurzarm-mit-aufdruck-chiellini-3","status":"publish","type":"product","link":"https:\/\/www.billigtrikotde.com\/sv\/herren-italien-trikots-2022-23-heimtrikot-blau-kurzarm-mit-aufdruck-chiellini-3\/","title":{"rendered":"Italien Herrtr\u00f6jor 2022-23 Hemmatr\u00f6ja Bl\u00e5 Kort\u00e4rmad med Tryck CHIELLINI 3"},"content":{"rendered":"<p>Hemtr\u00f6jan f\u00f6r Squadra Azzurra 2022 presenterar sig i den klassiska bl\u00e5 f\u00e4rgen. De fyra kvadraterna p\u00e5 framsidan av tr\u00f6jan ska hedra varje VM-generation av Italien. Varje kvadrat h\u00e4nvisar till ett VM-triumf fr\u00e5n \u00e5ren 1934, 1938, 1982 och 2006. Gyllene detaljer, samt kragen som best\u00e5r av f\u00e4rgerna i den italienska trikoloren, full\u00e4ndar tr\u00f6jan.<\/p>\n<p>PUMAs bl\u00e5a tr\u00f6ja l\u00e5ter dig b\u00e4ra f\u00e4rgerna av ditt favoritlag och visa f\u00f6r alla vad ditt hj\u00e4rta sl\u00e5r f\u00f6r. Denna italienska tr\u00f6ja f\u00e5r inte saknas i n\u00e5gon fan-samling. Den andningsbara, l\u00e4tta, svettavvisande och superbekv\u00e4ma funktionaliteten g\u00f6r att den imponerar. P\u00e5 denna sporttop kan du visuellt lita p\u00e5 f\u00f6rbundsloggan p\u00e5 br\u00f6stet. Med denna tr\u00f6ja kan du f\u00f6rbereda dig perfekt f\u00f6r din n\u00e4sta motst\u00e5ndare.<\/p>\n<p>Tips f\u00f6r utskrift: Om namn och nummer p\u00e5 bilden \u00e4r exakt vad du vill ha, beh\u00f6ver du inte ange dem igen. Om inte, ska du ange \u00f6nskat namn och nummer.<\/p>\n<p>Tips f\u00f6r tv\u00e4tt: Det \u00e4r rekommenderat att tv\u00e4tta fotbollstr\u00f6jor f\u00f6r hand. Om du vill anv\u00e4nda tv\u00e4ttmaskinen ska du komma ih\u00e5g att v\u00e4nda fotbollstr\u00f6jorna ut och in och sedan tv\u00e4tta dem. Fyll maskinen med kallt vatten och anv\u00e4nd ett skonsamt program f\u00f6r att b\u00e4ttre skydda f\u00e4rgerna.<\/p>","protected":false},"excerpt":{"rendered":"<p>Hemtr\u00f6jan f\u00f6r Squadra Azzurra 2022 presenterar sig i den klassiska bl\u00e5 f\u00e4rgen. De fyra kvadraterna p\u00e5 framsidan av tr\u00f6jan ska hedra varje VM-generation av Italien. Varje kvadrat h\u00e4nvisar till ett VM-triumf fr\u00e5n \u00e5ren 1934, 1938, 1982 och 2006. Gyllene detaljer, samt kragen som best\u00e5r av f\u00e4rgerna i den italienska trikoloren, full\u00e4ndar tr\u00f6jan.<\/p>","protected":false},"featured_media":9711,"comment_status":"open","ping_status":"closed","template":"","meta":[],"product_brand":[],"product_cat":[316],"product_tag":[20,21,22,23,24,404,317,318],"class_list":{"0":"post-9671","1":"product","2":"type-product","3":"status-publish","4":"has-post-thumbnail","6":"product_cat-italien-trikots","7":"product_tag-coole-fussballtrikots","8":"product_tag-fussballtrikot-fuer-herren","9":"product_tag-fussballtrikot-guenstig-kaufen","10":"product_tag-fussballtrikot-kurzarm","11":"product_tag-guenstiges-fussballtrikot","12":"product_tag-herren-italien-trikots","13":"product_tag-italien-heimtrikot","14":"product_tag-italien-trikots","16":"first","17":"instock","18":"shipping-taxable","19":"purchasable","20":"product-type-variable"},"_links":{"self":[{"href":"https:\/\/www.billigtrikotde.com\/sv\/wp-json\/wp\/v2\/product\/9671","targetHints":{"allow":["GET"]}}],"collection":[{"href":"https:\/\/www.billigtrikotde.com\/sv\/wp-json\/wp\/v2\/product"}],"about":[{"href":"https:\/\/www.billigtrikotde.com\/sv\/wp-json\/wp\/v2\/types\/product"}],"replies":[{"embeddable":true,"href":"https:\/\/www.billigtrikotde.com\/sv\/wp-json\/wp\/v2\/comments?post=9671"}],"wp:featuredmedia":[{"embeddable":true,"href":"https:\/\/www.billigtrikotde.com\/sv\/wp-json\/wp\/v2\/media\/9711"}],"wp:attachment":[{"href":"https:\/\/www.billigtrikotde.com\/sv\/wp-json\/wp\/v2\/media?parent=9671"}],"wp:term":[{"taxonomy":"product_brand","embeddable":true,"href":"https:\/\/www.billigtrikotde.com\/sv\/wp-json\/wp\/v2\/product_brand?post=9671"},{"taxonomy":"product_cat","embeddable":true,"href":"https:\/\/www.billigtrikotde.com\/sv\/wp-json\/wp\/v2\/product_cat?post=9671"},{"taxonomy":"product_tag","embeddable":true,"href":"https:\/\/www.billigtrikotde.com\/sv\/wp-json\/wp\/v2\/product_tag?post=9671"}],"curies":[{"name":"wp","href":"https:\/\/api.w.org\/{rel}","templated":true}]}}