{"id":9613,"date":"2024-10-24T02:36:11","date_gmt":"2024-10-24T00:36:11","guid":{"rendered":"http:\/\/billigtrikots.com\/?post_type=product&#038;p=9613"},"modified":"2024-10-24T02:38:24","modified_gmt":"2024-10-24T00:38:24","slug":"2022-uefa-european-england-womens-euro-heimtrikot-kurzarm-mit-aufdruck-mings-15","status":"publish","type":"product","link":"https:\/\/www.billigtrikotde.com\/sv\/2022-uefa-european-england-womens-euro-heimtrikot-kurzarm-mit-aufdruck-mings-15\/","title":{"rendered":"2022 UEFA European England Women's Euro hemmatr\u00f6ja kort\u00e4rmad med tryck MINGS 15"},"content":{"rendered":"<p>Nike England Women\u2019s Euro 2022-tr\u00f6jan kombinerar en vit grundf\u00e4rg med i\u00f6gonfallande skiftande logotyper \u2013 det \u00e4r f\u00f6rsta g\u00e5ngen en England-tr\u00f6ja har iriserande logotyper. Bortsett fr\u00e5n de skiftande logotyperna \u00e4r designen av Nike England Women 2022-hemmatr\u00f6jan diskret. Den \u00e4r t\u00e4ckt av ett mycket subtilt skimrande geometriskt m\u00f6nster.<\/p>\n<p>Tips f\u00f6r utskrift: Om namn och nummer p\u00e5 bilden \u00e4r exakt vad du vill ha, beh\u00f6ver du inte ange dem igen. Om inte, ska du ange \u00f6nskat namn och nummer.<\/p>\n<p>Tips f\u00f6r tv\u00e4tt: Det \u00e4r rekommenderat att tv\u00e4tta fotbollstr\u00f6jor f\u00f6r hand. Om du vill anv\u00e4nda tv\u00e4ttmaskinen ska du komma ih\u00e5g att v\u00e4nda fotbollstr\u00f6jorna ut och in och sedan tv\u00e4tta dem. Fyll maskinen med kallt vatten och anv\u00e4nd ett skonsamt program f\u00f6r att b\u00e4ttre skydda f\u00e4rgerna.<\/p>","protected":false},"excerpt":{"rendered":"<p>Nike England Women\u2019s Euro 2022-tr\u00f6jan kombinerar en vit grundf\u00e4rg med i\u00f6gonfallande skiftande logotyper \u2013 det \u00e4r f\u00f6rsta g\u00e5ngen en England-tr\u00f6ja har iriserande logotyper. Bortsett fr\u00e5n de skiftande logotyperna \u00e4r designen av Nike England Women 2022-hemmatr\u00f6jan diskret. Den \u00e4r t\u00e4ckt av ett mycket subtilt skimrande geometriskt m\u00f6nster.<\/p>","protected":false},"featured_media":9653,"comment_status":"open","ping_status":"closed","template":"","meta":[],"product_brand":[],"product_cat":[115],"product_tag":[20,402,116,218,403,21,22,23,24],"class_list":{"0":"post-9613","1":"product","2":"type-product","3":"status-publish","4":"has-post-thumbnail","6":"product_cat-england-trikots","7":"product_tag-coole-fussballtrikots","8":"product_tag-england-frauen-2022-trikot","9":"product_tag-england-heimtrikot","10":"product_tag-england-heimtrikot-euro-2022-damen","11":"product_tag-england-womens-euro-2022-trikot","12":"product_tag-fussballtrikot-fuer-herren","13":"product_tag-fussballtrikot-guenstig-kaufen","14":"product_tag-fussballtrikot-kurzarm","15":"product_tag-guenstiges-fussballtrikot","17":"first","18":"instock","19":"shipping-taxable","20":"purchasable","21":"product-type-variable"},"_links":{"self":[{"href":"https:\/\/www.billigtrikotde.com\/sv\/wp-json\/wp\/v2\/product\/9613","targetHints":{"allow":["GET"]}}],"collection":[{"href":"https:\/\/www.billigtrikotde.com\/sv\/wp-json\/wp\/v2\/product"}],"about":[{"href":"https:\/\/www.billigtrikotde.com\/sv\/wp-json\/wp\/v2\/types\/product"}],"replies":[{"embeddable":true,"href":"https:\/\/www.billigtrikotde.com\/sv\/wp-json\/wp\/v2\/comments?post=9613"}],"wp:featuredmedia":[{"embeddable":true,"href":"https:\/\/www.billigtrikotde.com\/sv\/wp-json\/wp\/v2\/media\/9653"}],"wp:attachment":[{"href":"https:\/\/www.billigtrikotde.com\/sv\/wp-json\/wp\/v2\/media?parent=9613"}],"wp:term":[{"taxonomy":"product_brand","embeddable":true,"href":"https:\/\/www.billigtrikotde.com\/sv\/wp-json\/wp\/v2\/product_brand?post=9613"},{"taxonomy":"product_cat","embeddable":true,"href":"https:\/\/www.billigtrikotde.com\/sv\/wp-json\/wp\/v2\/product_cat?post=9613"},{"taxonomy":"product_tag","embeddable":true,"href":"https:\/\/www.billigtrikotde.com\/sv\/wp-json\/wp\/v2\/product_tag?post=9613"}],"curies":[{"name":"wp","href":"https:\/\/api.w.org\/{rel}","templated":true}]}}