{"id":934,"date":"2024-10-23T13:09:45","date_gmt":"2024-10-23T11:09:45","guid":{"rendered":"http:\/\/billigtrikots.com\/?post_type=product&#038;p=934"},"modified":"2024-10-23T13:11:41","modified_gmt":"2024-10-23T11:11:41","slug":"real-madrid-herren-auswaertstrikot-2022-blau-weiss-mit-aufdruck-bale-18","status":"publish","type":"product","link":"https:\/\/www.billigtrikotde.com\/sv\/real-madrid-herren-auswaertstrikot-2022-blau-weiss-mit-aufdruck-bale-18\/","title":{"rendered":"Real Madrid bortatr\u00f6ja f\u00f6r herrar 2022 bl\u00e5\/vit med tryck Bale 18"},"content":{"rendered":"<p>Det \u00e4r inte bara Real Madrids proffs som g\u00f6r livet i den spanska huvudstaden mer f\u00e4rgstarkt. Den h\u00e4r a-didas fotbollstr\u00f6jan \u00e4r inspirerad av graffitin p\u00e5 Madrids gatukonstscene. De subtila detaljerna - varav en \u00e4r i nackomr\u00e5det - \u00e4r ett bevis p\u00e5 detta. Det mjuka materialet \u00e4r ocks\u00e5 utrustat med fuktabsorberande AEROREADY-teknik f\u00f6r en bekv\u00e4m och torr k\u00e4nsla.<\/p>\n<p>Tips f\u00f6r utskrift: Om namn och nummer p\u00e5 bilden \u00e4r exakt vad du vill ha, beh\u00f6ver du inte ange dem igen. Om inte, ska du ange \u00f6nskat namn och nummer.<\/p>\n<p>Tips f\u00f6r tv\u00e4tt: Det \u00e4r rekommenderat att tv\u00e4tta fotbollstr\u00f6jor f\u00f6r hand. Om du vill anv\u00e4nda tv\u00e4ttmaskinen ska du komma ih\u00e5g att v\u00e4nda fotbollstr\u00f6jorna ut och in och sedan tv\u00e4tta dem. Fyll maskinen med kallt vatten och anv\u00e4nd ett skonsamt program f\u00f6r att b\u00e4ttre skydda f\u00e4rgerna.<\/p>","protected":false},"excerpt":{"rendered":"<p>Det \u00e4r inte bara Real Madrids proffs som g\u00f6r livet i den spanska huvudstaden mer f\u00e4rgstarkt. Den h\u00e4r a-didas fotbollstr\u00f6jan \u00e4r inspirerad av graffitin p\u00e5 Madrids gatukonstscene. De subtila detaljerna - varav en \u00e4r i nackomr\u00e5det - \u00e4r ett bevis p\u00e5 detta. Det mjuka materialet \u00e4r ocks\u00e5 utrustat med fuktabsorberande AEROREADY-teknik f\u00f6r en bekv\u00e4m och torr k\u00e4nsla.<\/p>","protected":false},"featured_media":980,"comment_status":"open","ping_status":"closed","template":"","meta":[],"product_brand":[],"product_cat":[45],"product_tag":[20,21,22,23,24,49,47],"class_list":{"0":"post-934","1":"product","2":"type-product","3":"status-publish","4":"has-post-thumbnail","6":"product_cat-real-madrid","7":"product_tag-coole-fussballtrikots","8":"product_tag-fussballtrikot-fuer-herren","9":"product_tag-fussballtrikot-guenstig-kaufen","10":"product_tag-fussballtrikot-kurzarm","11":"product_tag-guenstiges-fussballtrikot","12":"product_tag-real-madrid-auswaertstrikot","13":"product_tag-real-madrid-trikots","15":"first","16":"instock","17":"shipping-taxable","18":"purchasable","19":"product-type-variable"},"_links":{"self":[{"href":"https:\/\/www.billigtrikotde.com\/sv\/wp-json\/wp\/v2\/product\/934","targetHints":{"allow":["GET"]}}],"collection":[{"href":"https:\/\/www.billigtrikotde.com\/sv\/wp-json\/wp\/v2\/product"}],"about":[{"href":"https:\/\/www.billigtrikotde.com\/sv\/wp-json\/wp\/v2\/types\/product"}],"replies":[{"embeddable":true,"href":"https:\/\/www.billigtrikotde.com\/sv\/wp-json\/wp\/v2\/comments?post=934"}],"wp:featuredmedia":[{"embeddable":true,"href":"https:\/\/www.billigtrikotde.com\/sv\/wp-json\/wp\/v2\/media\/980"}],"wp:attachment":[{"href":"https:\/\/www.billigtrikotde.com\/sv\/wp-json\/wp\/v2\/media?parent=934"}],"wp:term":[{"taxonomy":"product_brand","embeddable":true,"href":"https:\/\/www.billigtrikotde.com\/sv\/wp-json\/wp\/v2\/product_brand?post=934"},{"taxonomy":"product_cat","embeddable":true,"href":"https:\/\/www.billigtrikotde.com\/sv\/wp-json\/wp\/v2\/product_cat?post=934"},{"taxonomy":"product_tag","embeddable":true,"href":"https:\/\/www.billigtrikotde.com\/sv\/wp-json\/wp\/v2\/product_tag?post=934"}],"curies":[{"name":"wp","href":"https:\/\/api.w.org\/{rel}","templated":true}]}}