{"id":9260,"date":"2024-10-24T02:18:24","date_gmt":"2024-10-24T00:18:24","guid":{"rendered":"http:\/\/billigtrikots.com\/?post_type=product&#038;p=9260"},"modified":"2024-10-24T02:20:41","modified_gmt":"2024-10-24T00:20:41","slug":"neuen-fussballtrikot-fuer-herren-niederlande-heimtrikot-wm-2022-orange-f-de-jong-21","status":"publish","type":"product","link":"https:\/\/www.billigtrikotde.com\/sv\/neuen-fussballtrikot-fuer-herren-niederlande-heimtrikot-wm-2022-orange-f-de-jong-21\/","title":{"rendered":"Ny fotbollsjersey f\u00f6r herrar Nederl\u00e4nderna Hemtr\u00f6ja VM 2022 Orange F.DE JONG 21"},"content":{"rendered":"<p>Se p\u00e5 Nike-tr\u00f6jan f\u00f6r fotbolls-VM 2022 i Nederl\u00e4nderna.<\/p>\n<p>Nike Nederl\u00e4nderna 2022-tr\u00f6jan har en annan orange nyans \u00e4n tidigare Nike-hemtr\u00f6jor \u2013 Nike Nederl\u00e4nderna 2022-tr\u00f6jan \u00e4r \"Laser Orange\", vilket \u00e4r en mycket gul-orange f\u00e4rg. En andra, m\u00f6rkare och mer \u201etraditionell\u201c orange nyans anv\u00e4nds f\u00f6r grafiken.<\/p>\n<p>Den framst\u00e5ende egenskapen \u00e4r ett allover-grafikdesign som \u00e4r inspirerad av lejonets p\u00e4ls. Enligt Nike p\u00e5minner det \u201edansande virvlar\u201c-designen inte bara om lejonets man, utan st\u00e5r ocks\u00e5 f\u00f6r flytigheten i det taktiska systemet i Total Football.<\/p>\n<p>Tips f\u00f6r utskrift: Om namn och nummer p\u00e5 bilden \u00e4r exakt vad du vill ha, beh\u00f6ver du inte ange dem igen. Om inte, ska du ange \u00f6nskat namn och nummer.<\/p>\n<p>Tips f\u00f6r tv\u00e4tt: Det \u00e4r rekommenderat att tv\u00e4tta fotbollstr\u00f6jor f\u00f6r hand. Om du vill anv\u00e4nda tv\u00e4ttmaskinen ska du komma ih\u00e5g att v\u00e4nda fotbollstr\u00f6jorna ut och in och sedan tv\u00e4tta dem. Fyll maskinen med kallt vatten och anv\u00e4nd ett skonsamt program f\u00f6r att b\u00e4ttre skydda f\u00e4rgerna.<\/p>","protected":false},"excerpt":{"rendered":"<p>Se p\u00e5 Nike-tr\u00f6jan f\u00f6r fotbolls-VM 2022 i Holland. Nike Holland 2022-tr\u00f6jan har en annan orange nyans \u00e4n tidigare Nike hemmatr\u00f6jor \u2013 Nike Holland 2022-tr\u00f6jan \u00e4r \u201eLaser Orange\u201c, vilket \u00e4r en mycket gul-orange f\u00e4rg. En andra, m\u00f6rkare och \u201etraditionellare\u201c orange nyans anv\u00e4nds f\u00f6r grafiken. Det framtr\u00e4dande k\u00e4nnetecknet \u00e4r [\u2026]<\/p>","protected":false},"featured_media":9301,"comment_status":"open","ping_status":"closed","template":"","meta":[],"product_brand":[],"product_cat":[219],"product_tag":[20,222,21,22,23,24,392,221],"class_list":{"0":"post-9260","1":"product","2":"type-product","3":"status-publish","4":"has-post-thumbnail","6":"product_cat-niederlande-trikots","7":"product_tag-coole-fussballtrikots","8":"product_tag-fussball-wm-2022-trikots","9":"product_tag-fussballtrikot-fuer-herren","10":"product_tag-fussballtrikot-guenstig-kaufen","11":"product_tag-fussballtrikot-kurzarm","12":"product_tag-guenstiges-fussballtrikot","13":"product_tag-niederlande-heimtrikot","14":"product_tag-niederlande-trikots","16":"first","17":"instock","18":"shipping-taxable","19":"purchasable","20":"product-type-variable"},"_links":{"self":[{"href":"https:\/\/www.billigtrikotde.com\/sv\/wp-json\/wp\/v2\/product\/9260","targetHints":{"allow":["GET"]}}],"collection":[{"href":"https:\/\/www.billigtrikotde.com\/sv\/wp-json\/wp\/v2\/product"}],"about":[{"href":"https:\/\/www.billigtrikotde.com\/sv\/wp-json\/wp\/v2\/types\/product"}],"replies":[{"embeddable":true,"href":"https:\/\/www.billigtrikotde.com\/sv\/wp-json\/wp\/v2\/comments?post=9260"}],"wp:featuredmedia":[{"embeddable":true,"href":"https:\/\/www.billigtrikotde.com\/sv\/wp-json\/wp\/v2\/media\/9301"}],"wp:attachment":[{"href":"https:\/\/www.billigtrikotde.com\/sv\/wp-json\/wp\/v2\/media?parent=9260"}],"wp:term":[{"taxonomy":"product_brand","embeddable":true,"href":"https:\/\/www.billigtrikotde.com\/sv\/wp-json\/wp\/v2\/product_brand?post=9260"},{"taxonomy":"product_cat","embeddable":true,"href":"https:\/\/www.billigtrikotde.com\/sv\/wp-json\/wp\/v2\/product_cat?post=9260"},{"taxonomy":"product_tag","embeddable":true,"href":"https:\/\/www.billigtrikotde.com\/sv\/wp-json\/wp\/v2\/product_tag?post=9260"}],"curies":[{"name":"wp","href":"https:\/\/api.w.org\/{rel}","templated":true}]}}