{"id":9162,"date":"2024-10-24T02:13:35","date_gmt":"2024-10-24T00:13:35","guid":{"rendered":"http:\/\/billigtrikots.com\/?post_type=product&#038;p=9162"},"modified":"2024-10-24T02:15:54","modified_gmt":"2024-10-24T00:15:54","slug":"herren-niederlande-auswaertstrikot-blau-fussball-wm-2022-kurzarm-kurze-hosen-malacia-16","status":"publish","type":"product","link":"https:\/\/www.billigtrikotde.com\/sv\/herren-niederlande-auswaertstrikot-blau-fussball-wm-2022-kurzarm-kurze-hosen-malacia-16\/","title":{"rendered":"Nederl\u00e4ndernas bortast\u00e4ll bl\u00e5 VM 2022 kort\u00e4rmad + shorts f\u00f6r herrar MALACIA 16"},"content":{"rendered":"<p>Nike har utvecklat skr\u00e4ddarsydda typsnitt f\u00f6r m\u00e5nga tr\u00f6jor under fotbolls-VM 2022. Idag tittar vi n\u00e4rmare p\u00e5 typsnittet f\u00f6r hemmatr\u00f6jorna och bortatr\u00f6jorna f\u00f6r Nederl\u00e4nderna under VM 2022.<br \/>\nDen nya FIFA-v\u00e4rldspokalen 2022 f\u00f6r Nederl\u00e4nderna har en unik design, s\u00e4rskilt f\u00f6r siffrorna. Den \u00e4r m\u00f6jligen inspirerad av de utskurna metalltyperna fr\u00e5n den gyllene epoken i Nederl\u00e4nderna.<\/p>\n<p>Typsnittet f\u00f6r Nederl\u00e4ndernas nya hemmatr\u00f6ja f\u00f6r VM 2022 \u00e4r svart, medan typsnittet f\u00f6r bortatr\u00f6jan \u00e4r sl\u00e5ende r\u00f6tt.<\/p>\n<p>Tips f\u00f6r utskrift: Om namn och nummer p\u00e5 bilden \u00e4r exakt vad du vill ha, beh\u00f6ver du inte ange dem igen. Om inte, ska du ange \u00f6nskat namn och nummer.<\/p>\n<p>Tips f\u00f6r tv\u00e4tt: Det \u00e4r rekommenderat att tv\u00e4tta fotbollstr\u00f6jor f\u00f6r hand. Om du vill anv\u00e4nda tv\u00e4ttmaskinen ska du komma ih\u00e5g att v\u00e4nda fotbollstr\u00f6jorna ut och in och sedan tv\u00e4tta dem. Fyll maskinen med kallt vatten och anv\u00e4nd ett skonsamt program f\u00f6r att b\u00e4ttre skydda f\u00e4rgerna.<\/p>","protected":false},"excerpt":{"rendered":"<p>Nike har f\u00f6r m\u00e5nga tr\u00f6jor i fotbolls-VM 2022 utvecklat skr\u00e4ddarsydda typsnitt. Idag tar vi en n\u00e4rmare titt p\u00e5 typsnittet f\u00f6r Nederl\u00e4ndernas hemma- och bortatr\u00f6jor till VM 2022. Den nya FIFA-v\u00e4rldspokalen 2022 f\u00f6r Nederl\u00e4nderna har en unik design, s\u00e4rskilt i siffrorna. Den h\u00e4r kanske kommer fr\u00e5n de skulpterade metalltyperna i Guldets [\u2026]<\/p>","protected":false},"featured_media":9196,"comment_status":"open","ping_status":"closed","template":"","meta":[],"product_brand":[],"product_cat":[219],"product_tag":[20,393,21,22,23,24,394,355,221],"class_list":{"0":"post-9162","1":"product","2":"type-product","3":"status-publish","4":"has-post-thumbnail","6":"product_cat-niederlande-trikots","7":"product_tag-coole-fussballtrikots","8":"product_tag-fussball-weltmeisterschaft-2022","9":"product_tag-fussballtrikot-fuer-herren","10":"product_tag-fussballtrikot-guenstig-kaufen","11":"product_tag-fussballtrikot-kurzarm","12":"product_tag-guenstiges-fussballtrikot","13":"product_tag-niederlande-2022-world-cup-trikotschrift","14":"product_tag-niederlande-auswaertstrikot","15":"product_tag-niederlande-trikots","17":"first","18":"instock","19":"shipping-taxable","20":"purchasable","21":"product-type-variable"},"_links":{"self":[{"href":"https:\/\/www.billigtrikotde.com\/sv\/wp-json\/wp\/v2\/product\/9162","targetHints":{"allow":["GET"]}}],"collection":[{"href":"https:\/\/www.billigtrikotde.com\/sv\/wp-json\/wp\/v2\/product"}],"about":[{"href":"https:\/\/www.billigtrikotde.com\/sv\/wp-json\/wp\/v2\/types\/product"}],"replies":[{"embeddable":true,"href":"https:\/\/www.billigtrikotde.com\/sv\/wp-json\/wp\/v2\/comments?post=9162"}],"wp:featuredmedia":[{"embeddable":true,"href":"https:\/\/www.billigtrikotde.com\/sv\/wp-json\/wp\/v2\/media\/9196"}],"wp:attachment":[{"href":"https:\/\/www.billigtrikotde.com\/sv\/wp-json\/wp\/v2\/media?parent=9162"}],"wp:term":[{"taxonomy":"product_brand","embeddable":true,"href":"https:\/\/www.billigtrikotde.com\/sv\/wp-json\/wp\/v2\/product_brand?post=9162"},{"taxonomy":"product_cat","embeddable":true,"href":"https:\/\/www.billigtrikotde.com\/sv\/wp-json\/wp\/v2\/product_cat?post=9162"},{"taxonomy":"product_tag","embeddable":true,"href":"https:\/\/www.billigtrikotde.com\/sv\/wp-json\/wp\/v2\/product_tag?post=9162"}],"curies":[{"name":"wp","href":"https:\/\/api.w.org\/{rel}","templated":true}]}}