{"id":8983,"date":"2024-10-24T02:04:16","date_gmt":"2024-10-24T00:04:16","guid":{"rendered":"http:\/\/billigtrikots.com\/?post_type=product&#038;p=8983"},"modified":"2024-10-24T02:06:58","modified_gmt":"2024-10-24T00:06:58","slug":"herren-manchester-united-auswaertstrikot-2022-23-trikotsatz-online-bestellen-shaw-23","status":"publish","type":"product","link":"https:\/\/www.billigtrikotde.com\/sv\/herren-manchester-united-auswaertstrikot-2022-23-trikotsatz-online-bestellen-shaw-23\/","title":{"rendered":"Manchester United bortakit 2022-23 f\u00f6r herrar best\u00e4ll tr\u00f6ja online SHAW 23"},"content":{"rendered":"<p>Adidas Manchester United FC 2022-2023 borta tr\u00f6ja kombinerar huvudf\u00e4rgen vit med r\u00f6da och svarta applikationer. F\u00f6r de tre strecken har Adidas valt en k\u00f6rsb\u00e4rsr\u00f6d nyans, medan logotyperna f\u00f6r Adidas och TeamViewer \u00e4r svarta.<\/p>\n<p>Precis som Manchester United 22-23-tr\u00f6jan har \u00e4ven Man Utd 22-23 borta tr\u00f6ja ett emblem med sk\u00f6ld.<\/p>\n<p>Det karakteristiska elementet i Manchester United 22-23 borta tr\u00f6ja \u00e4r det vit-r\u00f6da triangelm\u00f6nstret p\u00e5 den svarta kragen och \u00e4rmavsluten. Dessutom finns ett mycket diskret helix-m\u00f6nster p\u00e5 framsidan.<\/p>\n<p>Tips f\u00f6r utskrift: Om namn och nummer p\u00e5 bilden \u00e4r exakt vad du vill ha, beh\u00f6ver du inte ange dem igen. Om inte, ska du ange \u00f6nskat namn och nummer.<\/p>\n<p>Tips f\u00f6r tv\u00e4tt: Det \u00e4r rekommenderat att tv\u00e4tta fotbollstr\u00f6jor f\u00f6r hand. Om du vill anv\u00e4nda tv\u00e4ttmaskinen ska du komma ih\u00e5g att v\u00e4nda fotbollstr\u00f6jorna ut och in och sedan tv\u00e4tta dem. Fyll maskinen med kallt vatten och anv\u00e4nd ett skonsamt program f\u00f6r att b\u00e4ttre skydda f\u00e4rgerna.<\/p>","protected":false},"excerpt":{"rendered":"<p>Adidas Manchester United FC:s 2022-2023 borta tr\u00f6ja kombinerar huvudf\u00e4rgen Vit med r\u00f6da och svarta applikationer. F\u00f6r tre striper har Adidas valt en k\u00f6rsb\u00e4rsr\u00f6d nyans, medan logotyperna f\u00f6r Adidas och TeamViewer \u00e4r svarta. Precis som Manchester United 22-23-tr\u00f6jan har \u00e4ven Man Utd 22-23 borta-tr\u00f6jan ett sk\u00f6ldvapen med sk\u00f6ld.<\/p>","protected":false},"featured_media":9020,"comment_status":"open","ping_status":"closed","template":"","meta":[],"product_brand":[],"product_cat":[50],"product_tag":[20,21,22,23,24,217,223,52],"class_list":{"0":"post-8983","1":"product","2":"type-product","3":"status-publish","4":"has-post-thumbnail","6":"product_cat-manchester-united","7":"product_tag-coole-fussballtrikots","8":"product_tag-fussballtrikot-fuer-herren","9":"product_tag-fussballtrikot-guenstig-kaufen","10":"product_tag-fussballtrikot-kurzarm","11":"product_tag-guenstiges-fussballtrikot","12":"product_tag-manchester-united-trikot-bestellen","13":"product_tag-manchester-united-trikot-shop","14":"product_tag-manchester-united-trikots","16":"first","17":"instock","18":"shipping-taxable","19":"purchasable","20":"product-type-variable"},"_links":{"self":[{"href":"https:\/\/www.billigtrikotde.com\/sv\/wp-json\/wp\/v2\/product\/8983","targetHints":{"allow":["GET"]}}],"collection":[{"href":"https:\/\/www.billigtrikotde.com\/sv\/wp-json\/wp\/v2\/product"}],"about":[{"href":"https:\/\/www.billigtrikotde.com\/sv\/wp-json\/wp\/v2\/types\/product"}],"replies":[{"embeddable":true,"href":"https:\/\/www.billigtrikotde.com\/sv\/wp-json\/wp\/v2\/comments?post=8983"}],"wp:featuredmedia":[{"embeddable":true,"href":"https:\/\/www.billigtrikotde.com\/sv\/wp-json\/wp\/v2\/media\/9020"}],"wp:attachment":[{"href":"https:\/\/www.billigtrikotde.com\/sv\/wp-json\/wp\/v2\/media?parent=8983"}],"wp:term":[{"taxonomy":"product_brand","embeddable":true,"href":"https:\/\/www.billigtrikotde.com\/sv\/wp-json\/wp\/v2\/product_brand?post=8983"},{"taxonomy":"product_cat","embeddable":true,"href":"https:\/\/www.billigtrikotde.com\/sv\/wp-json\/wp\/v2\/product_cat?post=8983"},{"taxonomy":"product_tag","embeddable":true,"href":"https:\/\/www.billigtrikotde.com\/sv\/wp-json\/wp\/v2\/product_tag?post=8983"}],"curies":[{"name":"wp","href":"https:\/\/api.w.org\/{rel}","templated":true}]}}