{"id":8954,"date":"2024-10-24T02:02:40","date_gmt":"2024-10-24T00:02:40","guid":{"rendered":"http:\/\/billigtrikots.com\/?post_type=product&#038;p=8954"},"modified":"2024-10-24T02:05:14","modified_gmt":"2024-10-24T00:05:14","slug":"italien-trikots-fuer-kinder-zum-fussballspielen-2022-23-in-blaue-chiesa-14","status":"publish","type":"product","link":"https:\/\/www.billigtrikotde.com\/sv\/italien-trikots-fuer-kinder-zum-fussballspielen-2022-23-in-blaue-chiesa-14\/","title":{"rendered":"Italien Tr\u00f6jor f\u00f6r barn att spela fotboll 2022-23 i bl\u00e5 CHIESA 14"},"content":{"rendered":"<p>Klassiska Azzurri. Italiens hemmatr\u00f6ja 2022 firar traditionen av bl\u00e5 tr\u00f6jor och briljant fotboll. Med gyllene detaljer, retrotypsnitt och h\u00e4nvisningar till triumferna 1934, 1938, 1982 och 2006 \u00e4r tr\u00f6jans framsida indelad i tonala kvadranter f\u00f6r att hedra de fyra generationerna av v\u00e4rldsm\u00e4stare.<\/p>\n<p>Tips f\u00f6r utskrift: Om namn och nummer p\u00e5 bilden \u00e4r exakt vad du vill ha, beh\u00f6ver du inte ange dem igen. Om inte, ska du ange \u00f6nskat namn och nummer.<\/p>\n<p>Tips f\u00f6r tv\u00e4tt: Det \u00e4r rekommenderat att tv\u00e4tta fotbollstr\u00f6jor f\u00f6r hand. Om du vill anv\u00e4nda tv\u00e4ttmaskinen ska du komma ih\u00e5g att v\u00e4nda fotbollstr\u00f6jorna ut och in och sedan tv\u00e4tta dem. Fyll maskinen med kallt vatten och anv\u00e4nd ett skonsamt program f\u00f6r att b\u00e4ttre skydda f\u00e4rgerna.<\/p>","protected":false},"excerpt":{"rendered":"<p>Klassiska Azzurri. Italiens hemmatr\u00f6ja 2022 firar traditionen av bl\u00e5a tr\u00f6jor och briljant fotboll. Med gyllene accenter, retro-snitt och referenser till segrarna 1934, 1938, 1982 och 2006 \u00e4r framsidan av tr\u00f6jan indelad i tonala kvadranter f\u00f6r att \u00e4ra de fyra generationerna av v\u00e4rldsm\u00e4stare. Tips f\u00f6r utskrift: N\u00e4r namnet och de [\u2026]<\/p>","protected":false},"featured_media":8996,"comment_status":"open","ping_status":"closed","template":"","meta":[],"product_brand":[],"product_cat":[316],"product_tag":[20,21,22,23,24,317,318,390],"class_list":{"0":"post-8954","1":"product","2":"type-product","3":"status-publish","4":"has-post-thumbnail","6":"product_cat-italien-trikots","7":"product_tag-coole-fussballtrikots","8":"product_tag-fussballtrikot-fuer-herren","9":"product_tag-fussballtrikot-guenstig-kaufen","10":"product_tag-fussballtrikot-kurzarm","11":"product_tag-guenstiges-fussballtrikot","12":"product_tag-italien-heimtrikot","13":"product_tag-italien-trikots","14":"product_tag-kinder-italien-trikots","16":"first","17":"instock","18":"shipping-taxable","19":"purchasable","20":"product-type-variable"},"_links":{"self":[{"href":"https:\/\/www.billigtrikotde.com\/sv\/wp-json\/wp\/v2\/product\/8954","targetHints":{"allow":["GET"]}}],"collection":[{"href":"https:\/\/www.billigtrikotde.com\/sv\/wp-json\/wp\/v2\/product"}],"about":[{"href":"https:\/\/www.billigtrikotde.com\/sv\/wp-json\/wp\/v2\/types\/product"}],"replies":[{"embeddable":true,"href":"https:\/\/www.billigtrikotde.com\/sv\/wp-json\/wp\/v2\/comments?post=8954"}],"wp:featuredmedia":[{"embeddable":true,"href":"https:\/\/www.billigtrikotde.com\/sv\/wp-json\/wp\/v2\/media\/8996"}],"wp:attachment":[{"href":"https:\/\/www.billigtrikotde.com\/sv\/wp-json\/wp\/v2\/media?parent=8954"}],"wp:term":[{"taxonomy":"product_brand","embeddable":true,"href":"https:\/\/www.billigtrikotde.com\/sv\/wp-json\/wp\/v2\/product_brand?post=8954"},{"taxonomy":"product_cat","embeddable":true,"href":"https:\/\/www.billigtrikotde.com\/sv\/wp-json\/wp\/v2\/product_cat?post=8954"},{"taxonomy":"product_tag","embeddable":true,"href":"https:\/\/www.billigtrikotde.com\/sv\/wp-json\/wp\/v2\/product_tag?post=8954"}],"curies":[{"name":"wp","href":"https:\/\/api.w.org\/{rel}","templated":true}]}}