{"id":8854,"date":"2024-10-24T01:57:26","date_gmt":"2024-10-23T23:57:26","guid":{"rendered":"http:\/\/billigtrikots.com\/?post_type=product&#038;p=8854"},"modified":"2024-10-24T01:59:40","modified_gmt":"2024-10-23T23:59:40","slug":"herren-belgien-wm-2022-heimtrikot-rot-schwarz-trikotsatz-online-kaufen-vertonghen-5","status":"publish","type":"product","link":"https:\/\/www.billigtrikotde.com\/sv\/herren-belgien-wm-2022-heimtrikot-rot-schwarz-trikotsatz-online-kaufen-vertonghen-5\/","title":{"rendered":"Herr Belgien World Cup 2022 Hemmatr\u00f6ja r\u00f6d svart Skjorta K\u00f6p Online VERTONGHEN 5"},"content":{"rendered":"<p>Det h\u00e4r laget lovar att avfyra n\u00e5gra riktiga fotbollsfyrverkerier i v\u00e4rldens st\u00f6rsta turnering. Belgiens hemmatr\u00f6ja \u00e4r inspirerad av landslagets smeknamn och kommer med r\u00f6da och gula flammor p\u00e5 de svarta \u00e4rmarna. Fan-versionen har fuktabsorberande AEROREADY och mesh-insatser f\u00f6r en behagligt torr k\u00e4nsla. Dessutom utstr\u00e5lar 3-Stripes-logotypen och den v\u00e4vda logotypen f\u00f6r det belgiska fotbollsf\u00f6rbundet en modern atmosf\u00e4r.<\/p>\n<p>Tips f\u00f6r utskrift: Om namn och nummer p\u00e5 bilden \u00e4r exakt vad du vill ha, beh\u00f6ver du inte ange dem igen. Om inte, ska du ange \u00f6nskat namn och nummer.<\/p>\n<p>Tips f\u00f6r tv\u00e4tt: Det \u00e4r rekommenderat att tv\u00e4tta fotbollstr\u00f6jor f\u00f6r hand. Om du vill anv\u00e4nda tv\u00e4ttmaskinen ska du komma ih\u00e5g att v\u00e4nda fotbollstr\u00f6jorna ut och in och sedan tv\u00e4tta dem. Fyll maskinen med kallt vatten och anv\u00e4nd ett skonsamt program f\u00f6r att b\u00e4ttre skydda f\u00e4rgerna.<\/p>","protected":false},"excerpt":{"rendered":"<p>Det h\u00e4r laget lovar att avfyra n\u00e5gra riktiga fotbollsfyrverkerier i v\u00e4rldens st\u00f6rsta turnering. Belgiens hemmatr\u00f6ja \u00e4r inspirerad av landslagets smeknamn och kommer med r\u00f6da och gula flammor p\u00e5 de svarta \u00e4rmarna. Fan-versionen har fuktabsorberande AEROREADY och mesh-insatser f\u00f6r en behagligt torr k\u00e4nsla. Dessutom utstr\u00e5lar 3-Stripes-logotypen och den v\u00e4vda logotypen f\u00f6r det belgiska fotbollsf\u00f6rbundet en modern atmosf\u00e4r.<\/p>","protected":false},"featured_media":8894,"comment_status":"open","ping_status":"closed","template":"","meta":[],"product_brand":[],"product_cat":[173],"product_tag":[382,120,20,21,22,23,24],"class_list":{"0":"post-8854","1":"product","2":"type-product","3":"status-publish","4":"has-post-thumbnail","6":"product_cat-belgien-trikots","7":"product_tag-belgien-heimtrikot","8":"product_tag-belgien-trikots","9":"product_tag-coole-fussballtrikots","10":"product_tag-fussballtrikot-fuer-herren","11":"product_tag-fussballtrikot-guenstig-kaufen","12":"product_tag-fussballtrikot-kurzarm","13":"product_tag-guenstiges-fussballtrikot","15":"first","16":"instock","17":"shipping-taxable","18":"purchasable","19":"product-type-variable"},"_links":{"self":[{"href":"https:\/\/www.billigtrikotde.com\/sv\/wp-json\/wp\/v2\/product\/8854","targetHints":{"allow":["GET"]}}],"collection":[{"href":"https:\/\/www.billigtrikotde.com\/sv\/wp-json\/wp\/v2\/product"}],"about":[{"href":"https:\/\/www.billigtrikotde.com\/sv\/wp-json\/wp\/v2\/types\/product"}],"replies":[{"embeddable":true,"href":"https:\/\/www.billigtrikotde.com\/sv\/wp-json\/wp\/v2\/comments?post=8854"}],"wp:featuredmedia":[{"embeddable":true,"href":"https:\/\/www.billigtrikotde.com\/sv\/wp-json\/wp\/v2\/media\/8894"}],"wp:attachment":[{"href":"https:\/\/www.billigtrikotde.com\/sv\/wp-json\/wp\/v2\/media?parent=8854"}],"wp:term":[{"taxonomy":"product_brand","embeddable":true,"href":"https:\/\/www.billigtrikotde.com\/sv\/wp-json\/wp\/v2\/product_brand?post=8854"},{"taxonomy":"product_cat","embeddable":true,"href":"https:\/\/www.billigtrikotde.com\/sv\/wp-json\/wp\/v2\/product_cat?post=8854"},{"taxonomy":"product_tag","embeddable":true,"href":"https:\/\/www.billigtrikotde.com\/sv\/wp-json\/wp\/v2\/product_tag?post=8854"}],"curies":[{"name":"wp","href":"https:\/\/api.w.org\/{rel}","templated":true}]}}