{"id":8646,"date":"2024-10-24T01:47:22","date_gmt":"2024-10-23T23:47:22","guid":{"rendered":"http:\/\/billigtrikots.com\/?post_type=product&#038;p=8646"},"modified":"2024-10-24T01:49:39","modified_gmt":"2024-10-23T23:49:39","slug":"kindertrikot-brasilien-wm-2022-auswaertstrikot-blaue-weiss-mit-aufdruck-ronaldinho-10","status":"publish","type":"product","link":"https:\/\/www.billigtrikotde.com\/sv\/kindertrikot-brasilien-wm-2022-auswaertstrikot-blaue-weiss-mit-aufdruck-ronaldinho-10\/","title":{"rendered":"Barntr\u00f6ja Brasilien VM 2022 Bortatr\u00f6ja bl\u00e5vit med tryck RONALDINHO 10"},"content":{"rendered":"<p>Detta \u00e4r bortatr\u00f6jan f\u00f6r fotbolls VM Brasilien 2022 fr\u00e5n Nike. Nike Brasilien 2022 World Cup bortatr\u00f6ja kombinerar en bl\u00e5 grundf\u00e4rg med ljusgr\u00f6n Swoosh. De officiella f\u00e4rgerna \u00e4r \u201eParamount Blue\/Dynamic Yellow\/Green Spark\u201c.<\/p>\n<p>Tips f\u00f6r utskrift: Om namn och nummer p\u00e5 bilden \u00e4r exakt vad du vill ha, beh\u00f6ver du inte ange dem igen. Om inte, ska du ange \u00f6nskat namn och nummer.<\/p>\n<p>Tips f\u00f6r tv\u00e4tt: Det \u00e4r rekommenderat att tv\u00e4tta fotbollstr\u00f6jor f\u00f6r hand. Om du vill anv\u00e4nda tv\u00e4ttmaskinen ska du komma ih\u00e5g att v\u00e4nda fotbollstr\u00f6jorna ut och in och sedan tv\u00e4tta dem. Fyll maskinen med kallt vatten och anv\u00e4nd ett skonsamt program f\u00f6r att b\u00e4ttre skydda f\u00e4rgerna.<\/p>","protected":false},"excerpt":{"rendered":"<p>Detta \u00e4r bortatr\u00f6jan f\u00f6r fotbolls-VM Brasilien 2022 fr\u00e5n Nike. Nike Brasilien 2022 VM Borta tr\u00f6ja kombinerar en bl\u00e5 grundf\u00e4rg med ljusgr\u00f6n Swoosh. De officiella f\u00e4rgerna \u00e4r \u201eParamount Blue\/Dynamic Yellow\/Green Spark\u201c. Tips f\u00f6r utskrift: Om namnet och numret p\u00e5 bilden exakt motsvarar dina \u00f6nskem\u00e5l beh\u00f6ver du inte ange dem igen. Om inte, [\u2026]<\/p>","protected":false},"featured_media":8680,"comment_status":"open","ping_status":"closed","template":"","meta":[],"product_brand":[],"product_cat":[112],"product_tag":[20,210,114,222,21,22,23,24],"class_list":{"0":"post-8646","1":"product","2":"type-product","3":"status-publish","4":"has-post-thumbnail","6":"product_cat-brasilien-trikots","7":"product_tag-coole-fussballtrikots","8":"product_tag-brasilien-auswaertstrikot","9":"product_tag-brasilien-trikots","10":"product_tag-fussball-wm-2022-trikots","11":"product_tag-fussballtrikot-fuer-herren","12":"product_tag-fussballtrikot-guenstig-kaufen","13":"product_tag-fussballtrikot-kurzarm","14":"product_tag-guenstiges-fussballtrikot","16":"first","17":"instock","18":"shipping-taxable","19":"purchasable","20":"product-type-variable"},"_links":{"self":[{"href":"https:\/\/www.billigtrikotde.com\/sv\/wp-json\/wp\/v2\/product\/8646","targetHints":{"allow":["GET"]}}],"collection":[{"href":"https:\/\/www.billigtrikotde.com\/sv\/wp-json\/wp\/v2\/product"}],"about":[{"href":"https:\/\/www.billigtrikotde.com\/sv\/wp-json\/wp\/v2\/types\/product"}],"replies":[{"embeddable":true,"href":"https:\/\/www.billigtrikotde.com\/sv\/wp-json\/wp\/v2\/comments?post=8646"}],"wp:featuredmedia":[{"embeddable":true,"href":"https:\/\/www.billigtrikotde.com\/sv\/wp-json\/wp\/v2\/media\/8680"}],"wp:attachment":[{"href":"https:\/\/www.billigtrikotde.com\/sv\/wp-json\/wp\/v2\/media?parent=8646"}],"wp:term":[{"taxonomy":"product_brand","embeddable":true,"href":"https:\/\/www.billigtrikotde.com\/sv\/wp-json\/wp\/v2\/product_brand?post=8646"},{"taxonomy":"product_cat","embeddable":true,"href":"https:\/\/www.billigtrikotde.com\/sv\/wp-json\/wp\/v2\/product_cat?post=8646"},{"taxonomy":"product_tag","embeddable":true,"href":"https:\/\/www.billigtrikotde.com\/sv\/wp-json\/wp\/v2\/product_tag?post=8646"}],"curies":[{"name":"wp","href":"https:\/\/api.w.org\/{rel}","templated":true}]}}