{"id":8528,"date":"2024-10-24T01:41:27","date_gmt":"2024-10-23T23:41:27","guid":{"rendered":"http:\/\/billigtrikots.com\/?post_type=product&#038;p=8528"},"modified":"2024-10-24T01:43:41","modified_gmt":"2024-10-23T23:43:41","slug":"england-auswaertstrikots-fuer-die-fussball-weltmeisterschaft-2022-rot-fussballtrikots-guenstig","status":"publish","type":"product","link":"https:\/\/www.billigtrikotde.com\/sv\/england-auswaertstrikots-fuer-die-fussball-weltmeisterschaft-2022-rot-fussballtrikots-guenstig\/","title":{"rendered":"England Bortatr\u00f6jor f\u00f6r fotbolls-VM 2022 r\u00f6da fotbollstr\u00f6jor billigt"},"content":{"rendered":"<p>Detta \u00e4r Nike Englands 2022 VM-utr\u00f6sta borta-tr\u00f6ja. Nike Englands herrlandslags 2022 borta-tr\u00f6ja \u00e4r r\u00f6d, kombinerad med marinbl\u00e5a och ljusbl\u00e5a logotyper och designelement. Det \u00e4r den f\u00f6rsta huvudsakligen r\u00f6da Englands borta-tr\u00f6ja sedan VM 2018. R\u00f6da shorts och strumpor kompletterar Englands 2022 VM-borta-tr\u00f6ja fr\u00e5n Nike.<\/p>\n<p>Tips f\u00f6r utskrift: Om namn och nummer p\u00e5 bilden \u00e4r exakt vad du vill ha, beh\u00f6ver du inte ange dem igen. Om inte, ska du ange \u00f6nskat namn och nummer.<\/p>\n<p>Tips f\u00f6r tv\u00e4tt: Det \u00e4r rekommenderat att tv\u00e4tta fotbollstr\u00f6jor f\u00f6r hand. Om du vill anv\u00e4nda tv\u00e4ttmaskinen ska du komma ih\u00e5g att v\u00e4nda fotbollstr\u00f6jorna ut och in och sedan tv\u00e4tta dem. Fyll maskinen med kallt vatten och anv\u00e4nd ett skonsamt program f\u00f6r att b\u00e4ttre skydda f\u00e4rgerna.<\/p>","protected":false},"excerpt":{"rendered":"<p>Dies ist das Nike England 2022 World Cup Ausw\u00e4rtstrikot.Das Nike England National Football Team 2022 Ausw\u00e4rtstrikot ist rot, kombiniert mit marineblauen und hellblauen Logos und Designelementen. Es ist das erste haupts\u00e4chlich rote England-Ausw\u00e4rtstrikot seit der Weltmeisterschaft 2018.Rote Hosen und Stutzen vervollst\u00e4ndigen das England 2022 World Cup Ausw\u00e4rtstrikot von Nike. Tipps zum Drucken: Wenn der Name [\u2026]<\/p>","protected":false},"featured_media":8569,"comment_status":"open","ping_status":"closed","template":"","meta":[],"product_brand":[],"product_cat":[115],"product_tag":[20,379,21,22,23,24],"class_list":{"0":"post-8528","1":"product","2":"type-product","3":"status-publish","4":"has-post-thumbnail","6":"product_cat-england-trikots","7":"product_tag-coole-fussballtrikots","8":"product_tag-england-wm-2022-auswaertstrikot","9":"product_tag-fussballtrikot-fuer-herren","10":"product_tag-fussballtrikot-guenstig-kaufen","11":"product_tag-fussballtrikot-kurzarm","12":"product_tag-guenstiges-fussballtrikot","14":"first","15":"instock","16":"shipping-taxable","17":"purchasable","18":"product-type-variable"},"_links":{"self":[{"href":"https:\/\/www.billigtrikotde.com\/sv\/wp-json\/wp\/v2\/product\/8528","targetHints":{"allow":["GET"]}}],"collection":[{"href":"https:\/\/www.billigtrikotde.com\/sv\/wp-json\/wp\/v2\/product"}],"about":[{"href":"https:\/\/www.billigtrikotde.com\/sv\/wp-json\/wp\/v2\/types\/product"}],"replies":[{"embeddable":true,"href":"https:\/\/www.billigtrikotde.com\/sv\/wp-json\/wp\/v2\/comments?post=8528"}],"wp:featuredmedia":[{"embeddable":true,"href":"https:\/\/www.billigtrikotde.com\/sv\/wp-json\/wp\/v2\/media\/8569"}],"wp:attachment":[{"href":"https:\/\/www.billigtrikotde.com\/sv\/wp-json\/wp\/v2\/media?parent=8528"}],"wp:term":[{"taxonomy":"product_brand","embeddable":true,"href":"https:\/\/www.billigtrikotde.com\/sv\/wp-json\/wp\/v2\/product_brand?post=8528"},{"taxonomy":"product_cat","embeddable":true,"href":"https:\/\/www.billigtrikotde.com\/sv\/wp-json\/wp\/v2\/product_cat?post=8528"},{"taxonomy":"product_tag","embeddable":true,"href":"https:\/\/www.billigtrikotde.com\/sv\/wp-json\/wp\/v2\/product_tag?post=8528"}],"curies":[{"name":"wp","href":"https:\/\/api.w.org\/{rel}","templated":true}]}}