{"id":8508,"date":"2024-10-24T01:40:20","date_gmt":"2024-10-23T23:40:20","guid":{"rendered":"http:\/\/billigtrikots.com\/?post_type=product&#038;p=8508"},"modified":"2024-10-24T01:42:32","modified_gmt":"2024-10-23T23:42:32","slug":"fussballtrikot-fuer-herren-belgien-wm-2022-auswaertstrikot-online-kaufen","status":"publish","type":"product","link":"https:\/\/www.billigtrikotde.com\/sv\/fussballtrikot-fuer-herren-belgien-wm-2022-auswaertstrikot-online-kaufen\/","title":{"rendered":"Fotbollstr\u00f6ja f\u00f6r herrar Belgien World Cup 2022 Bortatr\u00f6ja K\u00f6pa Online"},"content":{"rendered":"<p>Detta \u00e4r den nya Adidas Belgien VM-utr\u00e5str\u00f6jan utanf\u00f6r hemmaplan f\u00f6r 2022. Adidas Belgium 2022-utr\u00f6jan \u00e4r huvudsakligen vit med f\u00e4rgglada utsmyckningar vid krage, \u00e4rmar, f\u00e5ll och underarmar. Tr\u00f6jan \u00e4r inspirerad av Adidas x Belgian FA x Tomorrowland \u201eLOVE\u201c-kollektion och har samma estetik. De lysande f\u00e4rgerna \u00e5terfinns ocks\u00e5 p\u00e5 Adidas-logotypen och Belgiska FA-m\u00e4rket. De tre str\u00e5larna p\u00e5 Adidas Belgium 2022 World Cup utanf\u00f6r hemmaplan-strikerns axlar \u00e4r ljusgr\u00e5 och ordet \u201eLOVE\u201c \u00e4r i flerf\u00e4rgad text tryckt p\u00e5 baksidan. Den prim\u00e4ra raden av byxor f\u00f6r Belgien 2022 World Cup utanf\u00f6r hemmaplan-tr\u00f6jorna \u00e4r vita, men det finns ocks\u00e5 m\u00f6rkbl\u00e5a byxor.<\/p>\n<p>Tips f\u00f6r utskrift: Om namn och nummer p\u00e5 bilden \u00e4r exakt vad du vill ha, beh\u00f6ver du inte ange dem igen. Om inte, ska du ange \u00f6nskat namn och nummer.<\/p>\n<p>Tips f\u00f6r tv\u00e4tt: Det \u00e4r rekommenderat att tv\u00e4tta fotbollstr\u00f6jor f\u00f6r hand. Om du vill anv\u00e4nda tv\u00e4ttmaskinen ska du komma ih\u00e5g att v\u00e4nda fotbollstr\u00f6jorna ut och in och sedan tv\u00e4tta dem. Fyll maskinen med kallt vatten och anv\u00e4nd ett skonsamt program f\u00f6r att b\u00e4ttre skydda f\u00e4rgerna.<\/p>","protected":false},"excerpt":{"rendered":"<p>Dies ist das neue Adidas Belgien WM-Ausw\u00e4rtstrikot f\u00fcr 2022.Das Adidas Belgium 2022 Ausw\u00e4rtstrikot ist \u00fcberwiegend wei\u00df mit bunten Verzierungen an Kragen, \u00c4rmeln, Saum und Unterarmen. Das Trikot ist von der Adidas x Belgian FA x Tomorrowland &#8222;LOVE&#8220;-Kollektion inspiriert und hat die gleiche \u00c4sthetik.Die leuchtenden Farben finden sich auch auf dem Adidas-Logo und dem belgischen FA-Abzeichen [&hellip;]<\/p>","protected":false},"featured_media":8547,"comment_status":"open","ping_status":"closed","template":"","meta":[],"product_brand":[],"product_cat":[173],"product_tag":[383,120,384,20,21,22,23,24],"class_list":{"0":"post-8508","1":"product","2":"type-product","3":"status-publish","4":"has-post-thumbnail","6":"product_cat-belgien-trikots","7":"product_tag-belgien-auswaertstrikot","8":"product_tag-belgien-trikots","9":"product_tag-belgien-wm-2022-auswaertstrikot","10":"product_tag-coole-fussballtrikots","11":"product_tag-fussballtrikot-fuer-herren","12":"product_tag-fussballtrikot-guenstig-kaufen","13":"product_tag-fussballtrikot-kurzarm","14":"product_tag-guenstiges-fussballtrikot","16":"first","17":"instock","18":"shipping-taxable","19":"purchasable","20":"product-type-variable"},"_links":{"self":[{"href":"https:\/\/www.billigtrikotde.com\/sv\/wp-json\/wp\/v2\/product\/8508","targetHints":{"allow":["GET"]}}],"collection":[{"href":"https:\/\/www.billigtrikotde.com\/sv\/wp-json\/wp\/v2\/product"}],"about":[{"href":"https:\/\/www.billigtrikotde.com\/sv\/wp-json\/wp\/v2\/types\/product"}],"replies":[{"embeddable":true,"href":"https:\/\/www.billigtrikotde.com\/sv\/wp-json\/wp\/v2\/comments?post=8508"}],"wp:featuredmedia":[{"embeddable":true,"href":"https:\/\/www.billigtrikotde.com\/sv\/wp-json\/wp\/v2\/media\/8547"}],"wp:attachment":[{"href":"https:\/\/www.billigtrikotde.com\/sv\/wp-json\/wp\/v2\/media?parent=8508"}],"wp:term":[{"taxonomy":"product_brand","embeddable":true,"href":"https:\/\/www.billigtrikotde.com\/sv\/wp-json\/wp\/v2\/product_brand?post=8508"},{"taxonomy":"product_cat","embeddable":true,"href":"https:\/\/www.billigtrikotde.com\/sv\/wp-json\/wp\/v2\/product_cat?post=8508"},{"taxonomy":"product_tag","embeddable":true,"href":"https:\/\/www.billigtrikotde.com\/sv\/wp-json\/wp\/v2\/product_tag?post=8508"}],"curies":[{"name":"wp","href":"https:\/\/api.w.org\/{rel}","templated":true}]}}