{"id":8504,"date":"2024-10-24T01:40:17","date_gmt":"2024-10-23T23:40:17","guid":{"rendered":"http:\/\/billigtrikots.com\/?post_type=product&#038;p=8504"},"modified":"2024-10-24T01:42:30","modified_gmt":"2024-10-23T23:42:30","slug":"herren-kroatien-2022-world-cup-heimtrikot-rot-weiss-blaue-fussballtrikots","status":"publish","type":"product","link":"https:\/\/www.billigtrikotde.com\/sv\/herren-kroatien-2022-world-cup-heimtrikot-rot-weiss-blaue-fussballtrikots\/","title":{"rendered":"Herrtr\u00f6ja Kroatien 2022 World Cup Hemmatr\u00f6ja r\u00f6d vit bl\u00e5 fotbollstr\u00f6jor"},"content":{"rendered":"<p>Det har r\u00f6da kvadrater fr\u00e5n h\u00f6gra \u00f6vre kanten till mitten, men inga i den nedre delen, vilket skapar illusionen av en flagga som vajar. Swoosh och Kroatien-logotypen ligger inte i mitten utan till h\u00f6ger\/v\u00e4nster. MTN har ocks\u00e5 n\u00e5gra r\u00f6d-vit-bl\u00e5 detaljer vid kragen och \u00e4rmsluten som ocks\u00e5 inspirerats av tr\u00f6jan fr\u00e5n 1998.<\/p>\n<p>Tips f\u00f6r utskrift: Om namn och nummer p\u00e5 bilden \u00e4r exakt vad du vill ha, beh\u00f6ver du inte ange dem igen. Om inte, ska du ange \u00f6nskat namn och nummer.<\/p>\n<p>Tips f\u00f6r tv\u00e4tt: Det \u00e4r rekommenderat att tv\u00e4tta fotbollstr\u00f6jor f\u00f6r hand. Om du vill anv\u00e4nda tv\u00e4ttmaskinen ska du komma ih\u00e5g att v\u00e4nda fotbollstr\u00f6jorna ut och in och sedan tv\u00e4tta dem. Fyll maskinen med kallt vatten och anv\u00e4nd ett skonsamt program f\u00f6r att b\u00e4ttre skydda f\u00e4rgerna.<\/p>","protected":false},"excerpt":{"rendered":"<p>Det har r\u00f6da kvadrater fr\u00e5n h\u00f6gra \u00f6vre kanten till mitten, men inga i den nedre delen, vilket skapar illusionen av en flagga som vajar. Swoosh och Kroatien-logotypen ligger inte i mitten utan till h\u00f6ger\/v\u00e4nster. MTN har ocks\u00e5 n\u00e5gra r\u00f6d-vit-bl\u00e5 detaljer vid kragen och \u00e4rmsluten som ocks\u00e5 inspirerats av tr\u00f6jan fr\u00e5n 1998.<\/p>","protected":false},"featured_media":8545,"comment_status":"open","ping_status":"closed","template":"","meta":[],"product_brand":[],"product_cat":[261],"product_tag":[20,35,21,22,23,24,381,263,264],"class_list":{"0":"post-8504","1":"product","2":"type-product","3":"status-publish","4":"has-post-thumbnail","6":"product_cat-kroatien-trikots","7":"product_tag-coole-fussballtrikots","8":"product_tag-fussball-torwarttrikots","9":"product_tag-fussballtrikot-fuer-herren","10":"product_tag-fussballtrikot-guenstig-kaufen","11":"product_tag-fussballtrikot-kurzarm","12":"product_tag-guenstiges-fussballtrikot","13":"product_tag-kroatien-2022-world-cup-heimtrikot","14":"product_tag-kroatien-trikot-herren","15":"product_tag-kroatien-trikots","17":"first","18":"instock","19":"shipping-taxable","20":"purchasable","21":"product-type-variable"},"_links":{"self":[{"href":"https:\/\/www.billigtrikotde.com\/sv\/wp-json\/wp\/v2\/product\/8504","targetHints":{"allow":["GET"]}}],"collection":[{"href":"https:\/\/www.billigtrikotde.com\/sv\/wp-json\/wp\/v2\/product"}],"about":[{"href":"https:\/\/www.billigtrikotde.com\/sv\/wp-json\/wp\/v2\/types\/product"}],"replies":[{"embeddable":true,"href":"https:\/\/www.billigtrikotde.com\/sv\/wp-json\/wp\/v2\/comments?post=8504"}],"wp:featuredmedia":[{"embeddable":true,"href":"https:\/\/www.billigtrikotde.com\/sv\/wp-json\/wp\/v2\/media\/8545"}],"wp:attachment":[{"href":"https:\/\/www.billigtrikotde.com\/sv\/wp-json\/wp\/v2\/media?parent=8504"}],"wp:term":[{"taxonomy":"product_brand","embeddable":true,"href":"https:\/\/www.billigtrikotde.com\/sv\/wp-json\/wp\/v2\/product_brand?post=8504"},{"taxonomy":"product_cat","embeddable":true,"href":"https:\/\/www.billigtrikotde.com\/sv\/wp-json\/wp\/v2\/product_cat?post=8504"},{"taxonomy":"product_tag","embeddable":true,"href":"https:\/\/www.billigtrikotde.com\/sv\/wp-json\/wp\/v2\/product_tag?post=8504"}],"curies":[{"name":"wp","href":"https:\/\/api.w.org\/{rel}","templated":true}]}}