{"id":8471,"date":"2024-10-24T01:38:38","date_gmt":"2024-10-23T23:38:38","guid":{"rendered":"http:\/\/billigtrikots.com\/?post_type=product&#038;p=8471"},"modified":"2024-10-24T01:40:45","modified_gmt":"2024-10-23T23:40:45","slug":"kinder-chelsea-fc-2022-23-ausweichtrikot-orange-kurzarm-kurze-hosen","status":"publish","type":"product","link":"https:\/\/www.billigtrikotde.com\/sv\/kinder-chelsea-fc-2022-23-ausweichtrikot-orange-kurzarm-kurze-hosen\/","title":{"rendered":"Barn Chelsea FC 2022\/23 Tr\u00f6ja Orange Kort\u00e4rmad + Shorts"},"content":{"rendered":"<p>Den tredje Chelsea 2022-2023-tr\u00f6jan kombinerar en bas i \"Sesam\" (Guld) med svart och orange. Det \u00e4r en mycket enkel design utan utsmyckade grafik eller m\u00f6nster. De enda detaljerna finns i form av det bakre kragepanelen samt \u00e4rmkanterna, som \u00e4r svarta med orange. Gula byxor och vita strumpor med ett svart-orange-svart tv\u00e4rstreck kompletterar Nike Chelsea 22-23-tr\u00f6jan.<\/p>\n<p>Tips f\u00f6r utskrift: Om namn och nummer p\u00e5 bilden \u00e4r exakt vad du vill ha, beh\u00f6ver du inte ange dem igen. Om inte, ska du ange \u00f6nskat namn och nummer.<\/p>\n<p>Tips f\u00f6r tv\u00e4tt: Det \u00e4r rekommenderat att tv\u00e4tta fotbollstr\u00f6jor f\u00f6r hand. Om du vill anv\u00e4nda tv\u00e4ttmaskinen ska du komma ih\u00e5g att v\u00e4nda fotbollstr\u00f6jorna ut och in och sedan tv\u00e4tta dem. Fyll maskinen med kallt vatten och anv\u00e4nd ett skonsamt program f\u00f6r att b\u00e4ttre skydda f\u00e4rgerna.<\/p>","protected":false},"excerpt":{"rendered":"<p>Den tredje Chelsea 2022-2023-tr\u00f6jan kombinerar en bas i \"Sesam\" (Guld) med svart och orange. Det \u00e4r en mycket enkel design utan utsmyckade grafik eller m\u00f6nster. De enda detaljerna finns i form av det bakre kragepanelen samt \u00e4rmkanterna, som \u00e4r svarta med orange. Gula byxor och vita strumpor med ett svart-orange-svart tv\u00e4rstreck kompletterar Nike Chelsea 22-23-tr\u00f6jan.<\/p>","protected":false},"featured_media":8510,"comment_status":"open","ping_status":"closed","template":"","meta":[],"product_brand":[],"product_cat":[72],"product_tag":[20,375,308,309,310,73,21,24],"class_list":{"0":"post-8471","1":"product","2":"type-product","3":"status-publish","4":"has-post-thumbnail","6":"product_cat-chelsea","7":"product_tag-coole-fussballtrikots","8":"product_tag-chelsea-2022-2023-third-jersey","9":"product_tag-chelsea-fc-22-23-trikot-deutschland","10":"product_tag-chelsea-fc-22-23-trikot-guenstig","11":"product_tag-chelsea-fc-22-23-trikot-kaufen","12":"product_tag-chelsea-trikots","13":"product_tag-fussballtrikot-fuer-herren","14":"product_tag-guenstiges-fussballtrikot","16":"first","17":"instock","18":"shipping-taxable","19":"purchasable","20":"product-type-variable"},"_links":{"self":[{"href":"https:\/\/www.billigtrikotde.com\/sv\/wp-json\/wp\/v2\/product\/8471","targetHints":{"allow":["GET"]}}],"collection":[{"href":"https:\/\/www.billigtrikotde.com\/sv\/wp-json\/wp\/v2\/product"}],"about":[{"href":"https:\/\/www.billigtrikotde.com\/sv\/wp-json\/wp\/v2\/types\/product"}],"replies":[{"embeddable":true,"href":"https:\/\/www.billigtrikotde.com\/sv\/wp-json\/wp\/v2\/comments?post=8471"}],"wp:featuredmedia":[{"embeddable":true,"href":"https:\/\/www.billigtrikotde.com\/sv\/wp-json\/wp\/v2\/media\/8510"}],"wp:attachment":[{"href":"https:\/\/www.billigtrikotde.com\/sv\/wp-json\/wp\/v2\/media?parent=8471"}],"wp:term":[{"taxonomy":"product_brand","embeddable":true,"href":"https:\/\/www.billigtrikotde.com\/sv\/wp-json\/wp\/v2\/product_brand?post=8471"},{"taxonomy":"product_cat","embeddable":true,"href":"https:\/\/www.billigtrikotde.com\/sv\/wp-json\/wp\/v2\/product_cat?post=8471"},{"taxonomy":"product_tag","embeddable":true,"href":"https:\/\/www.billigtrikotde.com\/sv\/wp-json\/wp\/v2\/product_tag?post=8471"}],"curies":[{"name":"wp","href":"https:\/\/api.w.org\/{rel}","templated":true}]}}