{"id":8447,"date":"2024-10-24T01:37:26","date_gmt":"2024-10-23T23:37:26","guid":{"rendered":"http:\/\/billigtrikots.com\/?post_type=product&#038;p=8447"},"modified":"2024-11-18T15:39:36","modified_gmt":"2024-11-18T14:39:36","slug":"fussballtrikots-guenstig-ajax-bob-marley-trikot-2022-23-fuer-herren","status":"publish","type":"product","link":"https:\/\/www.billigtrikotde.com\/sv\/fussballtrikots-guenstig-ajax-bob-marley-trikot-2022-23-fuer-herren\/","title":{"rendered":"Fotbollstr\u00f6jor Billiga Ajax BOB Marley Tr\u00f6ja 2022-23 F\u00f6r M\u00e4n"},"content":{"rendered":"<p>Uppt\u00e4ck Ajax Amsterdams bortatr\u00f6ja f\u00f6r s\u00e4songen 2022\/2023. B\u00e4r ditt favoritlags f\u00e4rger med stolthet p\u00e5 eller utanf\u00f6r planen.<\/p>\n<p>En flexibel och l\u00e4tt tr\u00f6ja med Adidas Aeroready-teknik, ett plagg som hindrar svett fr\u00e5n att tr\u00e4nga in i spelet eller tr\u00e4ningen. H\u00e5ll dig torr efter dina accelerationer.<\/p>\n<p>T\u00e4nk dig att publiken p\u00e5 Amsterdam Arena hejar p\u00e5 dig efter ett snyggt m\u00e5l.<\/p>\n<p>Tips f\u00f6r utskrift: Om namn och nummer p\u00e5 bilden \u00e4r exakt vad du vill ha, beh\u00f6ver du inte ange dem igen. Om inte, ska du ange \u00f6nskat namn och nummer.<\/p>\n<p>Tips f\u00f6r tv\u00e4tt: Det \u00e4r rekommenderat att tv\u00e4tta fotbollstr\u00f6jor f\u00f6r hand. Om du vill anv\u00e4nda tv\u00e4ttmaskinen ska du komma ih\u00e5g att v\u00e4nda fotbollstr\u00f6jorna ut och in och sedan tv\u00e4tta dem. Fyll maskinen med kallt vatten och anv\u00e4nd ett skonsamt program f\u00f6r att b\u00e4ttre skydda f\u00e4rgerna.<\/p>","protected":false},"excerpt":{"rendered":"<p>Uppt\u00e4ck Ajax-Amsterdams avbytande tr\u00f6ja f\u00f6r s\u00e4songen 2022\/2023. B\u00e4r stolt f\u00e4rgerna fr\u00e5n ditt favoritlag p\u00e5 planen eller utomhus. En flexibel och l\u00e4tt tr\u00f6ja med Adidas Aeroready-teknologi, ett plagg som hindrar svetten fr\u00e5n att tr\u00e4nga igenom i ditt spel eller din tr\u00e4ning. H\u00e5ll dig torr efter dina accelerationer. F\u00f6rest\u00e4ll dig publiken i Amsterdam Arena [...]<\/p>","protected":false},"featured_media":8488,"comment_status":"open","ping_status":"closed","template":"","meta":[],"product_brand":[],"product_cat":[299],"product_tag":[1372,371,372,301,20,21,22,23,24],"class_list":{"0":"post-8447","1":"product","2":"type-product","3":"status-publish","4":"has-post-thumbnail","6":"product_cat-afc-ajax","7":"product_tag-ajax-amsterdam-trikot","8":"product_tag-ajax-ausweichtrikot","9":"product_tag-ajax-ausweichtrikot-2022-23","10":"product_tag-ajax-trikots","11":"product_tag-coole-fussballtrikots","12":"product_tag-fussballtrikot-fuer-herren","13":"product_tag-fussballtrikot-guenstig-kaufen","14":"product_tag-fussballtrikot-kurzarm","15":"product_tag-guenstiges-fussballtrikot","17":"first","18":"instock","19":"shipping-taxable","20":"purchasable","21":"product-type-variable"},"_links":{"self":[{"href":"https:\/\/www.billigtrikotde.com\/sv\/wp-json\/wp\/v2\/product\/8447","targetHints":{"allow":["GET"]}}],"collection":[{"href":"https:\/\/www.billigtrikotde.com\/sv\/wp-json\/wp\/v2\/product"}],"about":[{"href":"https:\/\/www.billigtrikotde.com\/sv\/wp-json\/wp\/v2\/types\/product"}],"replies":[{"embeddable":true,"href":"https:\/\/www.billigtrikotde.com\/sv\/wp-json\/wp\/v2\/comments?post=8447"}],"wp:featuredmedia":[{"embeddable":true,"href":"https:\/\/www.billigtrikotde.com\/sv\/wp-json\/wp\/v2\/media\/8488"}],"wp:attachment":[{"href":"https:\/\/www.billigtrikotde.com\/sv\/wp-json\/wp\/v2\/media?parent=8447"}],"wp:term":[{"taxonomy":"product_brand","embeddable":true,"href":"https:\/\/www.billigtrikotde.com\/sv\/wp-json\/wp\/v2\/product_brand?post=8447"},{"taxonomy":"product_cat","embeddable":true,"href":"https:\/\/www.billigtrikotde.com\/sv\/wp-json\/wp\/v2\/product_cat?post=8447"},{"taxonomy":"product_tag","embeddable":true,"href":"https:\/\/www.billigtrikotde.com\/sv\/wp-json\/wp\/v2\/product_tag?post=8447"}],"curies":[{"name":"wp","href":"https:\/\/api.w.org\/{rel}","templated":true}]}}