{"id":8427,"date":"2024-10-24T01:36:19","date_gmt":"2024-10-23T23:36:19","guid":{"rendered":"http:\/\/billigtrikots.com\/?post_type=product&#038;p=8427"},"modified":"2024-10-24T01:38:32","modified_gmt":"2024-10-23T23:38:32","slug":"herren-fc-liverpool-2022-23-auswaertstrikot-kaufen-kurzarm-kurze-hosen-virgil-4","status":"publish","type":"product","link":"https:\/\/www.billigtrikotde.com\/sv\/herren-fc-liverpool-2022-23-auswaertstrikot-kaufen-kurzarm-kurze-hosen-virgil-4\/","title":{"rendered":"Herrar Liverpool FC 2022-23 Bortatr\u00f6ja K\u00f6p Kort\u00e4rmad + Shorts VIRGIL 4"},"content":{"rendered":"<p>Nike Liverpool 2022-23 Bortatr\u00f6jan \u00e4r \u00f6verv\u00e4gande vit, kombinerad med svart f\u00f6r logotyper och applikationer.<\/p>\n<p>Det som g\u00f6r Liverpool 22-23 Bortatr\u00f6jan unik \u00e4r en virvlande marmordesign i ljusbl\u00e5tt och ljuslila.<\/p>\n<p>Tips f\u00f6r utskrift: Om namn och nummer p\u00e5 bilden \u00e4r exakt vad du vill ha, beh\u00f6ver du inte ange dem igen. Om inte, ska du ange \u00f6nskat namn och nummer.<\/p>\n<p>Tips f\u00f6r tv\u00e4tt: Det \u00e4r rekommenderat att tv\u00e4tta fotbollstr\u00f6jor f\u00f6r hand. Om du vill anv\u00e4nda tv\u00e4ttmaskinen ska du komma ih\u00e5g att v\u00e4nda fotbollstr\u00f6jorna ut och in och sedan tv\u00e4tta dem. Fyll maskinen med kallt vatten och anv\u00e4nd ett skonsamt program f\u00f6r att b\u00e4ttre skydda f\u00e4rgerna.<\/p>","protected":false},"excerpt":{"rendered":"<p>Nike Liverpool 2022-23 borta-strumpan \u00e4r huvudsakligen vit, kombinerad med svart f\u00f6r logotyper och applikationer. Vad som g\u00f6r Liverpool 22-23 borta-strumpan s\u00e4rskilt framtr\u00e4dande \u00e4r en virvlande marmorering i ljusbl\u00e5tt och ljuslila. Tips f\u00f6r tryck: Om namnet och numret p\u00e5 bilden exakt matchar dina \u00f6nskem\u00e5l beh\u00f6ver du inte skriva in dem igen. Om inte, b\u00f6r [\u2026]<\/p>","protected":false},"featured_media":8466,"comment_status":"open","ping_status":"closed","template":"","meta":[],"product_brand":[],"product_cat":[176],"product_tag":[20,21,22,23,24,156,153,370],"class_list":{"0":"post-8427","1":"product","2":"type-product","3":"status-publish","4":"has-post-thumbnail","6":"product_cat-liverpool-fc","7":"product_tag-coole-fussballtrikots","8":"product_tag-fussballtrikot-fuer-herren","9":"product_tag-fussballtrikot-guenstig-kaufen","10":"product_tag-fussballtrikot-kurzarm","11":"product_tag-guenstiges-fussballtrikot","12":"product_tag-liverpool-auswaertstrikot","13":"product_tag-liverpool-trikots","14":"product_tag-liverpool-trikots-22-23","16":"first","17":"instock","18":"shipping-taxable","19":"purchasable","20":"product-type-variable"},"_links":{"self":[{"href":"https:\/\/www.billigtrikotde.com\/sv\/wp-json\/wp\/v2\/product\/8427","targetHints":{"allow":["GET"]}}],"collection":[{"href":"https:\/\/www.billigtrikotde.com\/sv\/wp-json\/wp\/v2\/product"}],"about":[{"href":"https:\/\/www.billigtrikotde.com\/sv\/wp-json\/wp\/v2\/types\/product"}],"replies":[{"embeddable":true,"href":"https:\/\/www.billigtrikotde.com\/sv\/wp-json\/wp\/v2\/comments?post=8427"}],"wp:featuredmedia":[{"embeddable":true,"href":"https:\/\/www.billigtrikotde.com\/sv\/wp-json\/wp\/v2\/media\/8466"}],"wp:attachment":[{"href":"https:\/\/www.billigtrikotde.com\/sv\/wp-json\/wp\/v2\/media?parent=8427"}],"wp:term":[{"taxonomy":"product_brand","embeddable":true,"href":"https:\/\/www.billigtrikotde.com\/sv\/wp-json\/wp\/v2\/product_brand?post=8427"},{"taxonomy":"product_cat","embeddable":true,"href":"https:\/\/www.billigtrikotde.com\/sv\/wp-json\/wp\/v2\/product_cat?post=8427"},{"taxonomy":"product_tag","embeddable":true,"href":"https:\/\/www.billigtrikotde.com\/sv\/wp-json\/wp\/v2\/product_tag?post=8427"}],"curies":[{"name":"wp","href":"https:\/\/api.w.org\/{rel}","templated":true}]}}