{"id":8385,"date":"2024-10-24T01:34:28","date_gmt":"2024-10-23T23:34:28","guid":{"rendered":"http:\/\/billigtrikots.com\/?post_type=product&#038;p=8385"},"modified":"2024-10-24T01:36:43","modified_gmt":"2024-10-23T23:36:43","slug":"valencia-cf-2022-23-herren-heimtrikot-weiss-kurzarm-schwarz-kurze-hosen","status":"publish","type":"product","link":"https:\/\/www.billigtrikotde.com\/sv\/valencia-cf-2022-23-herren-heimtrikot-weiss-kurzarm-schwarz-kurze-hosen\/","title":{"rendered":"Valencia CF 2022-23 Herr Hemmatr\u00f6ja Vit Kort\u00e4rmad + Svarta Shorts"},"content":{"rendered":"<p>Den helt vita tr\u00f6jan firar hundra\u00e5rsjubileet av den legendariska Mestalla-stadion i klubbens historia med en minimalistisk retrolook. Hundra\u00e5rsjubileet av Mestalla uppm\u00e4rksammas genom anv\u00e4ndningen av ett s\u00e4rskilt utformat vapen som baseras p\u00e5 en Vintage-affisch fr\u00e5n Valencias f\u00f6rsta hemmamatch \u00e5r 1923. Den inneh\u00e5ller initialerna \u201eV.F.C.\u201c (lagets namn var ursprungligen Valencia Football Club) och texten \u201e1923 CAMP DE MESTALLA 2023\u201c. Ett minnestryck med stadion finns i avregistreringsomr\u00e5det p\u00e5 tr\u00f6jan. Valencia CF:s 2022\/23 Puma hemmatr\u00f6ja b\u00e4rs med svart byxor och vita strumpor. Vita shorts finns som alternativ f\u00f6r en helt vit look.<\/p>\n<p>Tips f\u00f6r utskrift: Om namn och nummer p\u00e5 bilden \u00e4r exakt vad du vill ha, beh\u00f6ver du inte ange dem igen. Om inte, ska du ange \u00f6nskat namn och nummer.<\/p>\n<p>Tips f\u00f6r tv\u00e4tt: Det \u00e4r rekommenderat att tv\u00e4tta fotbollstr\u00f6jor f\u00f6r hand. Om du vill anv\u00e4nda tv\u00e4ttmaskinen ska du komma ih\u00e5g att v\u00e4nda fotbollstr\u00f6jorna ut och in och sedan tv\u00e4tta dem. Fyll maskinen med kallt vatten och anv\u00e4nd ett skonsamt program f\u00f6r att b\u00e4ttre skydda f\u00e4rgerna.<\/p>","protected":false},"excerpt":{"rendered":"<p>Das komplett wei\u00dfe Trikot feiert das hundertj\u00e4hrige Jubil\u00e4um des legend\u00e4ren Mestalla-Stadions des Clubs mit einem minimalistischen Retro-Look.Das hundertj\u00e4hrige Bestehen des Mestalla wird durch die Verwendung eines speziell entworfenen Wappens gew\u00fcrdigt, das auf einem Vintage-Poster von Valencias erstem Spiel vor Ort im Jahr 1923 basiert. Es enth\u00e4lt die Initialen \u201eV.F.C.\u201c (der Name des Teams war urspr\u00fcnglich [&hellip;]<\/p>","protected":false},"featured_media":8419,"comment_status":"open","ping_status":"closed","template":"","meta":[],"product_brand":[],"product_cat":[15],"product_tag":[20,21,22,23,24,368,369],"class_list":{"0":"post-8385","1":"product","2":"type-product","3":"status-publish","4":"has-post-thumbnail","6":"product_cat-unkategorisiert","7":"product_tag-coole-fussballtrikots","8":"product_tag-fussballtrikot-fuer-herren","9":"product_tag-fussballtrikot-guenstig-kaufen","10":"product_tag-fussballtrikot-kurzarm","11":"product_tag-guenstiges-fussballtrikot","12":"product_tag-top-best-football-jersey","13":"product_tag-valencia-cf-2022-23-heimtrikot","15":"first","16":"instock","17":"shipping-taxable","18":"purchasable","19":"product-type-variable"},"_links":{"self":[{"href":"https:\/\/www.billigtrikotde.com\/sv\/wp-json\/wp\/v2\/product\/8385","targetHints":{"allow":["GET"]}}],"collection":[{"href":"https:\/\/www.billigtrikotde.com\/sv\/wp-json\/wp\/v2\/product"}],"about":[{"href":"https:\/\/www.billigtrikotde.com\/sv\/wp-json\/wp\/v2\/types\/product"}],"replies":[{"embeddable":true,"href":"https:\/\/www.billigtrikotde.com\/sv\/wp-json\/wp\/v2\/comments?post=8385"}],"wp:featuredmedia":[{"embeddable":true,"href":"https:\/\/www.billigtrikotde.com\/sv\/wp-json\/wp\/v2\/media\/8419"}],"wp:attachment":[{"href":"https:\/\/www.billigtrikotde.com\/sv\/wp-json\/wp\/v2\/media?parent=8385"}],"wp:term":[{"taxonomy":"product_brand","embeddable":true,"href":"https:\/\/www.billigtrikotde.com\/sv\/wp-json\/wp\/v2\/product_brand?post=8385"},{"taxonomy":"product_cat","embeddable":true,"href":"https:\/\/www.billigtrikotde.com\/sv\/wp-json\/wp\/v2\/product_cat?post=8385"},{"taxonomy":"product_tag","embeddable":true,"href":"https:\/\/www.billigtrikotde.com\/sv\/wp-json\/wp\/v2\/product_tag?post=8385"}],"curies":[{"name":"wp","href":"https:\/\/api.w.org\/{rel}","templated":true}]}}