{"id":8373,"date":"2024-10-24T01:33:53","date_gmt":"2024-10-23T23:33:53","guid":{"rendered":"http:\/\/billigtrikots.com\/?post_type=product&#038;p=8373"},"modified":"2024-10-24T01:36:07","modified_gmt":"2024-10-23T23:36:07","slug":"manchester-united-22-23-drittes-trikot-gruen-fussballtrikot-fuer-herren","status":"publish","type":"product","link":"https:\/\/www.billigtrikotde.com\/sv\/manchester-united-22-23-drittes-trikot-gruen-fussballtrikot-fuer-herren\/","title":{"rendered":"Manchester United 22-23 Tredjetr\u00f6ja gr\u00f6n Fotbollstr\u00f6ja f\u00f6r Herr"},"content":{"rendered":"<p>Det tredje fotbollstr\u00f6jan fr\u00e5n Adidas Manchester United 22-23 kombinerar en h\u00f6gviolett grundf\u00e4rg med framtr\u00e4dande gula applikationer och logotyper. Det \u00e4r en mycket modern f\u00e4rgkombination \u2013 \u201eSemi Solar Slime\u201c och \u201eLegend Ink\u201c. N\u00e4r det g\u00e4ller designen \u00e4r den tredje tr\u00f6jan fr\u00e5n Adidas Manchester United 2022-23 modern. Den har ett zigzag-m\u00f6nster vid kragen. P\u00e5 framsidan och \u00e4rmarna p\u00e5 den tredje tr\u00f6jan fr\u00e5n Man United 22-23 finns ett tonalt m\u00f6nster.<br \/>\nManchester United har aldrig haft en gul spelardr\u00e4kt. D\u00e4remot har \u201ePower\u201c de senaste \u00e5ren anv\u00e4nts av Adidas f\u00f6r klubbens m\u00e5lvaktsdr\u00e4kter. Gult anv\u00e4ndes av Man Utd p\u00e5 1970-talet som alternativ (tredje) f\u00e4rg.<\/p>\n<p>Tips f\u00f6r utskrift: Om namn och nummer p\u00e5 bilden \u00e4r exakt vad du vill ha, beh\u00f6ver du inte ange dem igen. Om inte, ska du ange \u00f6nskat namn och nummer.<\/p>\n<p>Tips f\u00f6r tv\u00e4tt: Det \u00e4r rekommenderat att tv\u00e4tta fotbollstr\u00f6jor f\u00f6r hand. Om du vill anv\u00e4nda tv\u00e4ttmaskinen ska du komma ih\u00e5g att v\u00e4nda fotbollstr\u00f6jorna ut och in och sedan tv\u00e4tta dem. Fyll maskinen med kallt vatten och anv\u00e4nd ett skonsamt program f\u00f6r att b\u00e4ttre skydda f\u00e4rgerna.<\/p>","protected":false},"excerpt":{"rendered":"<p>Das dritte Fu\u00dfballtrikot von Adidas Manchester United 22-23 kombiniert eine hochviolette gelbe Grundfarbe mit auff\u00e4lligen gelben Applikationen und Logos. Es ist eine sehr moderne Farbkombination &#8211; &#8222;Semi Solar Slime&#8220; &amp; &#8222;Legend Ink&#8220;.Was das Design angeht, ist das dritte Trikot von Adidas Manchester United 2022-23 modern. Es hat ein Zickzack-Muster am Kragen. Auf der Vorderseite und [&hellip;]<\/p>","protected":false},"featured_media":8407,"comment_status":"open","ping_status":"closed","template":"","meta":[],"product_brand":[],"product_cat":[50],"product_tag":[20,21,22,23,24,365,217,223,52],"class_list":{"0":"post-8373","1":"product","2":"type-product","3":"status-publish","4":"has-post-thumbnail","6":"product_cat-manchester-united","7":"product_tag-coole-fussballtrikots","8":"product_tag-fussballtrikot-fuer-herren","9":"product_tag-fussballtrikot-guenstig-kaufen","10":"product_tag-fussballtrikot-kurzarm","11":"product_tag-guenstiges-fussballtrikot","12":"product_tag-manchester-united-22-23-drittes-trikot","13":"product_tag-manchester-united-trikot-bestellen","14":"product_tag-manchester-united-trikot-shop","15":"product_tag-manchester-united-trikots","17":"first","18":"instock","19":"shipping-taxable","20":"purchasable","21":"product-type-variable"},"_links":{"self":[{"href":"https:\/\/www.billigtrikotde.com\/sv\/wp-json\/wp\/v2\/product\/8373","targetHints":{"allow":["GET"]}}],"collection":[{"href":"https:\/\/www.billigtrikotde.com\/sv\/wp-json\/wp\/v2\/product"}],"about":[{"href":"https:\/\/www.billigtrikotde.com\/sv\/wp-json\/wp\/v2\/types\/product"}],"replies":[{"embeddable":true,"href":"https:\/\/www.billigtrikotde.com\/sv\/wp-json\/wp\/v2\/comments?post=8373"}],"wp:featuredmedia":[{"embeddable":true,"href":"https:\/\/www.billigtrikotde.com\/sv\/wp-json\/wp\/v2\/media\/8407"}],"wp:attachment":[{"href":"https:\/\/www.billigtrikotde.com\/sv\/wp-json\/wp\/v2\/media?parent=8373"}],"wp:term":[{"taxonomy":"product_brand","embeddable":true,"href":"https:\/\/www.billigtrikotde.com\/sv\/wp-json\/wp\/v2\/product_brand?post=8373"},{"taxonomy":"product_cat","embeddable":true,"href":"https:\/\/www.billigtrikotde.com\/sv\/wp-json\/wp\/v2\/product_cat?post=8373"},{"taxonomy":"product_tag","embeddable":true,"href":"https:\/\/www.billigtrikotde.com\/sv\/wp-json\/wp\/v2\/product_tag?post=8373"}],"curies":[{"name":"wp","href":"https:\/\/api.w.org\/{rel}","templated":true}]}}