{"id":8355,"date":"2024-10-24T01:32:48","date_gmt":"2024-10-23T23:32:48","guid":{"rendered":"http:\/\/billigtrikots.com\/?post_type=product&#038;p=8355"},"modified":"2024-10-24T01:34:59","modified_gmt":"2024-10-23T23:34:59","slug":"kinder-japan-heim-trikot-wm-2022-blau-kurzarm-weiss-kurze-hosen","status":"publish","type":"product","link":"https:\/\/www.billigtrikotde.com\/sv\/kinder-japan-heim-trikot-wm-2022-blau-kurzarm-weiss-kurze-hosen\/","title":{"rendered":"Barn Japan Hemmatr\u00f6ja VM 2022 bl\u00e5 Kort\u00e4rmad + vit Kortbyxa"},"content":{"rendered":"<p>Med barnens tr\u00f6ja i bl\u00e5tt lanserar adidas en produkt som g\u00f6r att du kan st\u00f6dja ditt lag i s\u00e5v\u00e4l med- som motg\u00e5ngar med hj\u00e4rta och engagemang. Visa ditt st\u00f6d \u2013 med denna Japan hemtr\u00f6ja ut\u00f6kar du din fansamling med ett plagg i originaldesignen, som spelarna b\u00e4r vid VM. Det \u00e4r andningsbart, bekv\u00e4mt och svettavledande. Dessutom erbjuds h\u00f6g h\u00e5llbarhet. Den stilfullt utm\u00e4rker sig med en f\u00f6rbundslogotyp p\u00e5 br\u00f6stet. Med denna tr\u00f6ja kan du bli \u00e4nnu mer kapabel och f\u00f6rbereda dig f\u00f6r n\u00e4sta match.<\/p>\n<p>Tips f\u00f6r utskrift: Om namn och nummer p\u00e5 bilden \u00e4r exakt vad du vill ha, beh\u00f6ver du inte ange dem igen. Om inte, ska du ange \u00f6nskat namn och nummer.<\/p>\n<p>Tips f\u00f6r tv\u00e4tt: Det \u00e4r rekommenderat att tv\u00e4tta fotbollstr\u00f6jor f\u00f6r hand. Om du vill anv\u00e4nda tv\u00e4ttmaskinen ska du komma ih\u00e5g att v\u00e4nda fotbollstr\u00f6jorna ut och in och sedan tv\u00e4tta dem. Fyll maskinen med kallt vatten och anv\u00e4nd ett skonsamt program f\u00f6r att b\u00e4ttre skydda f\u00e4rgerna.<\/p>","protected":false},"excerpt":{"rendered":"<p>Mit dem Kinder-Trikot in Blau bringt adidas ein Produkt an den Start, mit dem du dein Team in guten wie in schlechten Zeiten mit Herzblut und Hingabe unterst\u00fctzen kannst. Zeige deine Unterst\u00fctzung \u2013 mit diesem Japan-Heim-Trikot erweiterst du deine Fan-Sammlung um ein Kleidungsst\u00fcck im Original-Design, wie es die Spieler bei der Weltmeisterschaft tragen. Es ist [&hellip;]<\/p>","protected":false},"featured_media":8394,"comment_status":"open","ping_status":"closed","template":"","meta":[],"product_brand":[],"product_cat":[111],"product_tag":[20,222,21,22,23,24,361,362,94],"class_list":{"0":"post-8355","1":"product","2":"type-product","3":"status-publish","4":"has-post-thumbnail","6":"product_cat-nationaltrikot","7":"product_tag-coole-fussballtrikots","8":"product_tag-fussball-wm-2022-trikots","9":"product_tag-fussballtrikot-fuer-herren","10":"product_tag-fussballtrikot-guenstig-kaufen","11":"product_tag-fussballtrikot-kurzarm","12":"product_tag-guenstiges-fussballtrikot","13":"product_tag-japan-heimtrikot","14":"product_tag-japan-trikots","15":"product_tag-kinder-fussball-trikotsatz","17":"first","18":"instock","19":"shipping-taxable","20":"purchasable","21":"product-type-variable"},"_links":{"self":[{"href":"https:\/\/www.billigtrikotde.com\/sv\/wp-json\/wp\/v2\/product\/8355","targetHints":{"allow":["GET"]}}],"collection":[{"href":"https:\/\/www.billigtrikotde.com\/sv\/wp-json\/wp\/v2\/product"}],"about":[{"href":"https:\/\/www.billigtrikotde.com\/sv\/wp-json\/wp\/v2\/types\/product"}],"replies":[{"embeddable":true,"href":"https:\/\/www.billigtrikotde.com\/sv\/wp-json\/wp\/v2\/comments?post=8355"}],"wp:featuredmedia":[{"embeddable":true,"href":"https:\/\/www.billigtrikotde.com\/sv\/wp-json\/wp\/v2\/media\/8394"}],"wp:attachment":[{"href":"https:\/\/www.billigtrikotde.com\/sv\/wp-json\/wp\/v2\/media?parent=8355"}],"wp:term":[{"taxonomy":"product_brand","embeddable":true,"href":"https:\/\/www.billigtrikotde.com\/sv\/wp-json\/wp\/v2\/product_brand?post=8355"},{"taxonomy":"product_cat","embeddable":true,"href":"https:\/\/www.billigtrikotde.com\/sv\/wp-json\/wp\/v2\/product_cat?post=8355"},{"taxonomy":"product_tag","embeddable":true,"href":"https:\/\/www.billigtrikotde.com\/sv\/wp-json\/wp\/v2\/product_tag?post=8355"}],"curies":[{"name":"wp","href":"https:\/\/api.w.org\/{rel}","templated":true}]}}