{"id":8296,"date":"2024-10-24T01:29:59","date_gmt":"2024-10-23T23:29:59","guid":{"rendered":"http:\/\/billigtrikots.com\/?post_type=product&#038;p=8296"},"modified":"2024-10-24T01:32:03","modified_gmt":"2024-10-23T23:32:03","slug":"alvarez-9-argentinien-heimtrikot-wm-2022-weiss-blau-kurzarm-fuer-herren","status":"publish","type":"product","link":"https:\/\/www.billigtrikotde.com\/sv\/alvarez-9-argentinien-heimtrikot-wm-2022-weiss-blau-kurzarm-fuer-herren\/","title":{"rendered":"ALVAREZ 9 Argentina Hemmatr\u00f6ja World Cup 2022 Vit Bl\u00e5 Kort\u00e4rmad f\u00f6r M\u00e4n"},"content":{"rendered":"<p>Ist\u00e4llet ska tr\u00f6jan best\u00e5 av tv\u00e5 tunnare himmelsbl\u00e5 r\u00e4nder i mitten och tv\u00e5 bredare vid sidorna av tr\u00f6jan. Dessa ska vara ungef\u00e4r tre g\u00e5nger s\u00e5 breda som r\u00e4nderna i mitten, som ska representera det argentinska flaggan.<br \/>\nR\u00e4nderna p\u00e5 den nya VM 2022-tr\u00f6jan f\u00f6r Argentina \u00e4r klassiska, men bara p\u00e5 framsidan. R\u00e4nderna p\u00e5 baksidan \u00e4r verkligen ovanliga: Ist\u00e4llet f\u00f6r att vara lika breda finns det tv\u00e5 tunnare himmelsbl\u00e5 r\u00e4nder i mitten och tv\u00e5 bredare vid sidorna av tr\u00f6jan. Dessa bredare r\u00e4nder \u00e4r ungef\u00e4r tre g\u00e5nger s\u00e5 breda som r\u00e4nderna i mitten.<\/p>\n<p>Tips f\u00f6r utskrift: Om namn och nummer p\u00e5 bilden \u00e4r exakt vad du vill ha, beh\u00f6ver du inte ange dem igen. Om inte, ska du ange \u00f6nskat namn och nummer.<\/p>\n<p>Tips f\u00f6r tv\u00e4tt: Det \u00e4r rekommenderat att tv\u00e4tta fotbollstr\u00f6jor f\u00f6r hand. Om du vill anv\u00e4nda tv\u00e4ttmaskinen ska du komma ih\u00e5g att v\u00e4nda fotbollstr\u00f6jorna ut och in och sedan tv\u00e4tta dem. Fyll maskinen med kallt vatten och anv\u00e4nd ett skonsamt program f\u00f6r att b\u00e4ttre skydda f\u00e4rgerna.<\/p>","protected":false},"excerpt":{"rendered":"<p>Stattdessen soll das Trikot aus zwei d\u00fcnneren himmelblauen Streifen in der Mitte und zwei breiteren an den Au\u00dfenseiten des Trikots bestehen. Diese sollen etwa dreimal so breit wie die Streifen in der Mitte sein, die die argentinische Flagge darstellen soll. Die Streifen auf dem neuen Argentinien WM 2022 Trikot sind klassisch, aber nur auf der [&hellip;]<\/p>","protected":false},"featured_media":8334,"comment_status":"open","ping_status":"closed","template":"","meta":[],"product_brand":[],"product_cat":[325],"product_tag":[356,20,21,22,23,24],"class_list":{"0":"post-8296","1":"product","2":"type-product","3":"status-publish","4":"has-post-thumbnail","6":"product_cat-argentinien-trikots","7":"product_tag-argentinien-trikots","8":"product_tag-coole-fussballtrikots","9":"product_tag-fussballtrikot-fuer-herren","10":"product_tag-fussballtrikot-guenstig-kaufen","11":"product_tag-fussballtrikot-kurzarm","12":"product_tag-guenstiges-fussballtrikot","14":"first","15":"instock","16":"shipping-taxable","17":"purchasable","18":"product-type-variable"},"_links":{"self":[{"href":"https:\/\/www.billigtrikotde.com\/sv\/wp-json\/wp\/v2\/product\/8296","targetHints":{"allow":["GET"]}}],"collection":[{"href":"https:\/\/www.billigtrikotde.com\/sv\/wp-json\/wp\/v2\/product"}],"about":[{"href":"https:\/\/www.billigtrikotde.com\/sv\/wp-json\/wp\/v2\/types\/product"}],"replies":[{"embeddable":true,"href":"https:\/\/www.billigtrikotde.com\/sv\/wp-json\/wp\/v2\/comments?post=8296"}],"wp:featuredmedia":[{"embeddable":true,"href":"https:\/\/www.billigtrikotde.com\/sv\/wp-json\/wp\/v2\/media\/8334"}],"wp:attachment":[{"href":"https:\/\/www.billigtrikotde.com\/sv\/wp-json\/wp\/v2\/media?parent=8296"}],"wp:term":[{"taxonomy":"product_brand","embeddable":true,"href":"https:\/\/www.billigtrikotde.com\/sv\/wp-json\/wp\/v2\/product_brand?post=8296"},{"taxonomy":"product_cat","embeddable":true,"href":"https:\/\/www.billigtrikotde.com\/sv\/wp-json\/wp\/v2\/product_cat?post=8296"},{"taxonomy":"product_tag","embeddable":true,"href":"https:\/\/www.billigtrikotde.com\/sv\/wp-json\/wp\/v2\/product_tag?post=8296"}],"curies":[{"name":"wp","href":"https:\/\/api.w.org\/{rel}","templated":true}]}}