{"id":8221,"date":"2024-10-24T01:26:01","date_gmt":"2024-10-23T23:26:01","guid":{"rendered":"http:\/\/billigtrikots.com\/?post_type=product&#038;p=8221"},"modified":"2024-10-24T01:28:11","modified_gmt":"2024-10-23T23:28:11","slug":"herren-paris-saint-germain-psg-auswaertstrikot-2022-23-grau-mit-aufdruck-pereira-15","status":"publish","type":"product","link":"https:\/\/www.billigtrikotde.com\/sv\/herren-paris-saint-germain-psg-auswaertstrikot-2022-23-grau-mit-aufdruck-pereira-15\/","title":{"rendered":"Paris Saint Germain PSG Bortatr\u00f6ja 2022\/23 Gr\u00e5 med tryck PEREiRA 15 f\u00f6r herrar"},"content":{"rendered":"<p>Jordan PSG 2022-23 bortatr\u00f6ja har ett nytt utseende i gr\u00e5tt med en svart mittremsa som bleknar i mitten f\u00f6r att ge plats \u00e5t sponsorn Qatar Airways. Det finns en speciell etikett p\u00e5 insidan av kragen.<\/p>\n<p>F\u00e4rgschemat p\u00e5 det nya PSG 22-23 bortasetet \u00e4r inspirerat av Parc des Princes-stadion, som firar sitt 50-\u00e5rsjubileum i \u00e5r.Gr\u00e5 shorts med en Chicago Bills-inspirerad design och strumpor kompletterar utseendet p\u00e5 det nya PSG 2022-23 bortasetet fr\u00e5n Jordan.<\/p>\n<p>Tips f\u00f6r utskrift: Om namn och nummer p\u00e5 bilden \u00e4r exakt vad du vill ha, beh\u00f6ver du inte ange dem igen. Om inte, ska du ange \u00f6nskat namn och nummer.<\/p>\n<p>Tips f\u00f6r tv\u00e4tt: Det \u00e4r rekommenderat att tv\u00e4tta fotbollstr\u00f6jor f\u00f6r hand. Om du vill anv\u00e4nda tv\u00e4ttmaskinen ska du komma ih\u00e5g att v\u00e4nda fotbollstr\u00f6jorna ut och in och sedan tv\u00e4tta dem. Fyll maskinen med kallt vatten och anv\u00e4nd ett skonsamt program f\u00f6r att b\u00e4ttre skydda f\u00e4rgerna.<\/p>","protected":false},"excerpt":{"rendered":"<p>PSG:s bortatr\u00f6ja f\u00f6r Jordan 2022-23 presenteras i en ny look i gr\u00e5tt med en svart mittstreck som bleknar i mitten f\u00f6r att ge plats \u00e5t sponsorn Qatar Airways. P\u00e5 insidan av kragen finns en speciell etikett. F\u00e4rgspiringarna p\u00e5 den nya PSG:s bortatr\u00f6ja 22-23 \u00e4r inspirerade av stadion Parc des Princes, [\u2026]<\/p>","protected":false},"featured_media":8259,"comment_status":"open","ping_status":"closed","template":"","meta":[],"product_brand":[],"product_cat":[39],"product_tag":[286,20,43,21,22,23,24,44,41,244,290],"class_list":{"0":"post-8221","1":"product","2":"type-product","3":"status-publish","4":"has-post-thumbnail","6":"product_cat-paris-saint-germain","7":"product_tag-alle-neuen-psg-trikots","8":"product_tag-coole-fussballtrikots","9":"product_tag-fussballkleidung","10":"product_tag-fussballtrikot-fuer-herren","11":"product_tag-fussballtrikot-guenstig-kaufen","12":"product_tag-fussballtrikot-kurzarm","13":"product_tag-guenstiges-fussballtrikot","14":"product_tag-paris-saint-germain-auswaertstrikot","15":"product_tag-paris-saint-germain-trikots","16":"product_tag-psg-trikot-2022-23","17":"product_tag-psg-trikot-2022-23-fussballtrikots","19":"first","20":"instock","21":"shipping-taxable","22":"purchasable","23":"product-type-variable"},"_links":{"self":[{"href":"https:\/\/www.billigtrikotde.com\/sv\/wp-json\/wp\/v2\/product\/8221","targetHints":{"allow":["GET"]}}],"collection":[{"href":"https:\/\/www.billigtrikotde.com\/sv\/wp-json\/wp\/v2\/product"}],"about":[{"href":"https:\/\/www.billigtrikotde.com\/sv\/wp-json\/wp\/v2\/types\/product"}],"replies":[{"embeddable":true,"href":"https:\/\/www.billigtrikotde.com\/sv\/wp-json\/wp\/v2\/comments?post=8221"}],"wp:featuredmedia":[{"embeddable":true,"href":"https:\/\/www.billigtrikotde.com\/sv\/wp-json\/wp\/v2\/media\/8259"}],"wp:attachment":[{"href":"https:\/\/www.billigtrikotde.com\/sv\/wp-json\/wp\/v2\/media?parent=8221"}],"wp:term":[{"taxonomy":"product_brand","embeddable":true,"href":"https:\/\/www.billigtrikotde.com\/sv\/wp-json\/wp\/v2\/product_brand?post=8221"},{"taxonomy":"product_cat","embeddable":true,"href":"https:\/\/www.billigtrikotde.com\/sv\/wp-json\/wp\/v2\/product_cat?post=8221"},{"taxonomy":"product_tag","embeddable":true,"href":"https:\/\/www.billigtrikotde.com\/sv\/wp-json\/wp\/v2\/product_tag?post=8221"}],"curies":[{"name":"wp","href":"https:\/\/api.w.org\/{rel}","templated":true}]}}