{"id":8062,"date":"2024-10-24T01:17:55","date_gmt":"2024-10-23T23:17:55","guid":{"rendered":"http:\/\/billigtrikots.com\/?post_type=product&#038;p=8062"},"modified":"2024-10-24T01:20:04","modified_gmt":"2024-10-23T23:20:04","slug":"van-de-beek-20-niederlande-auswaertstrikot-euro-2022-weiss-fussballtrikots-set-fuer-herren","status":"publish","type":"product","link":"https:\/\/www.billigtrikotde.com\/sv\/van-de-beek-20-niederlande-auswaertstrikot-euro-2022-weiss-fussballtrikots-set-fuer-herren\/","title":{"rendered":"VAN DE BEEK 20 Nederl\u00e4nderna Bortatr\u00f6ja Euro 2022 vit Fotbollstr\u00f6jor Set f\u00f6r herrar"},"content":{"rendered":"<p>Nike Nederl\u00e4nderna Euro 2022 Bortatr\u00f6jan \u00e4r huvudsakligen vit och visar en skr\u00e4ddarsydd design som \u00e4r inspirerad av den nederl\u00e4ndska flaggan. De bl\u00e5 och r\u00f6da rektanglarna \u00e4r asymmetriskt f\u00f6rdelade \u00f6ver hela tr\u00f6jan.<\/p>\n<p>Logotypen p\u00e5 v\u00e4nster br\u00f6st p\u00e5 Nike Nederl\u00e4nderna 2022 Bortatr\u00f6jan \u00e4r ocks\u00e5 unik: den \u00e4r r\u00f6d och visar en orangef\u00e4rgad lejoninna.<\/p>\n<p>Tips f\u00f6r utskrift: Om namn och nummer p\u00e5 bilden \u00e4r exakt vad du vill ha, beh\u00f6ver du inte ange dem igen. Om inte, ska du ange \u00f6nskat namn och nummer.<\/p>\n<p>Tips f\u00f6r tv\u00e4tt: Det \u00e4r rekommenderat att tv\u00e4tta fotbollstr\u00f6jor f\u00f6r hand. Om du vill anv\u00e4nda tv\u00e4ttmaskinen ska du komma ih\u00e5g att v\u00e4nda fotbollstr\u00f6jorna ut och in och sedan tv\u00e4tta dem. Fyll maskinen med kallt vatten och anv\u00e4nd ett skonsamt program f\u00f6r att b\u00e4ttre skydda f\u00e4rgerna.<\/p>","protected":false},"excerpt":{"rendered":"<p>Das Nike Niederlande Euro 2022 Ausw \u00e4rtstrikot ist haupts\u00e4chlich wei\u00df und zeigt ein ma\u00dfgeschneidertes Design, das von der niederl\u00e4ndischen Flagge inspiriert ist. Die blauen und roten Rechtecke sind unsymmetrisch \u00fcber das ganze Trikot verteilt. Das Logo auf der linken Brustseite des Nike Niederlande 2022 Ausw\u00e4rtstrikots ist ebenfalls einzigartig: Es ist rot und zeigt eine orangefarbene [&hellip;]<\/p>","protected":false},"featured_media":8102,"comment_status":"open","ping_status":"closed","template":"","meta":[],"product_brand":[],"product_cat":[219],"product_tag":[20,21,22,23,24,355,221],"class_list":{"0":"post-8062","1":"product","2":"type-product","3":"status-publish","4":"has-post-thumbnail","6":"product_cat-niederlande-trikots","7":"product_tag-coole-fussballtrikots","8":"product_tag-fussballtrikot-fuer-herren","9":"product_tag-fussballtrikot-guenstig-kaufen","10":"product_tag-fussballtrikot-kurzarm","11":"product_tag-guenstiges-fussballtrikot","12":"product_tag-niederlande-auswaertstrikot","13":"product_tag-niederlande-trikots","15":"first","16":"instock","17":"shipping-taxable","18":"purchasable","19":"product-type-variable"},"_links":{"self":[{"href":"https:\/\/www.billigtrikotde.com\/sv\/wp-json\/wp\/v2\/product\/8062","targetHints":{"allow":["GET"]}}],"collection":[{"href":"https:\/\/www.billigtrikotde.com\/sv\/wp-json\/wp\/v2\/product"}],"about":[{"href":"https:\/\/www.billigtrikotde.com\/sv\/wp-json\/wp\/v2\/types\/product"}],"replies":[{"embeddable":true,"href":"https:\/\/www.billigtrikotde.com\/sv\/wp-json\/wp\/v2\/comments?post=8062"}],"wp:featuredmedia":[{"embeddable":true,"href":"https:\/\/www.billigtrikotde.com\/sv\/wp-json\/wp\/v2\/media\/8102"}],"wp:attachment":[{"href":"https:\/\/www.billigtrikotde.com\/sv\/wp-json\/wp\/v2\/media?parent=8062"}],"wp:term":[{"taxonomy":"product_brand","embeddable":true,"href":"https:\/\/www.billigtrikotde.com\/sv\/wp-json\/wp\/v2\/product_brand?post=8062"},{"taxonomy":"product_cat","embeddable":true,"href":"https:\/\/www.billigtrikotde.com\/sv\/wp-json\/wp\/v2\/product_cat?post=8062"},{"taxonomy":"product_tag","embeddable":true,"href":"https:\/\/www.billigtrikotde.com\/sv\/wp-json\/wp\/v2\/product_tag?post=8062"}],"curies":[{"name":"wp","href":"https:\/\/api.w.org\/{rel}","templated":true}]}}