{"id":7998,"date":"2024-10-24T01:15:04","date_gmt":"2024-10-23T23:15:04","guid":{"rendered":"http:\/\/billigtrikots.com\/?post_type=product&#038;p=7998"},"modified":"2024-10-24T01:17:12","modified_gmt":"2024-10-23T23:17:12","slug":"england-trikot-away-frauen-em-2022-orange-trikotsatz-kurzarm-kurze-hosen-mount-19","status":"publish","type":"product","link":"https:\/\/www.billigtrikotde.com\/sv\/england-trikot-away-frauen-em-2022-orange-trikotsatz-kurzarm-kurze-hosen-mount-19\/","title":{"rendered":"England Tr\u00f6ja Borta Dam Euro 2022 Orange Kit Kort\u00e4rmad + Shorts MOUNT 19"},"content":{"rendered":"<p>Nike barntr\u00f6ja i r\u00f6tt visar din villkorsl\u00f6sa k\u00e4rlek och tillh\u00f6righet till ditt lag. N\u00e4stan ingen mer support! Med denna England-tr\u00f6ja ut\u00f6kar du din fan-samling. Vi rekommenderar denna andningsbara, svettavledande och l\u00e4tta modell med en bekv\u00e4m k\u00e4nsla. Den utm\u00e4rker sig visuellt med en laglogga p\u00e5 br\u00f6stet. Med denna sporttr\u00f6ja kan du bli \u00e4nnu mer presterande och f\u00f6rbereda dig f\u00f6r n\u00e4sta match.<\/p>\n<p>Tips f\u00f6r utskrift: Om namn och nummer p\u00e5 bilden \u00e4r exakt vad du vill ha, beh\u00f6ver du inte ange dem igen. Om inte, ska du ange \u00f6nskat namn och nummer.<\/p>\n<p>Tips f\u00f6r tv\u00e4tt: Det \u00e4r rekommenderat att tv\u00e4tta fotbollstr\u00f6jor f\u00f6r hand. Om du vill anv\u00e4nda tv\u00e4ttmaskinen ska du komma ih\u00e5g att v\u00e4nda fotbollstr\u00f6jorna ut och in och sedan tv\u00e4tta dem. Fyll maskinen med kallt vatten och anv\u00e4nd ett skonsamt program f\u00f6r att b\u00e4ttre skydda f\u00e4rgerna.<\/p>","protected":false},"excerpt":{"rendered":"<p>Das Nike Kinder-Trikot in Rot zeigt deine bedingungslose Liebe und Verbundenheit zu deiner Mannschaft. Mehr Unterst\u00fctzung geht kaum! Mit diesem England-Trikot erweiterst du deine Fan-Sammlung. Wir empfehlen dieses atmungsaktive, schwei\u00dfableitende und leichte Modell mit dem angenehmen Tragegef\u00fchl. Es besticht optisch mit einem Verbandslogo auf der Brust. Mit diesem Sportshirt kannst du noch leistungsf\u00e4higer werden und [&hellip;]<\/p>","protected":false},"featured_media":8032,"comment_status":"open","ping_status":"closed","template":"","meta":[],"product_brand":[],"product_cat":[115],"product_tag":[20,116,218,21,22,23,24],"class_list":{"0":"post-7998","1":"product","2":"type-product","3":"status-publish","4":"has-post-thumbnail","6":"product_cat-england-trikots","7":"product_tag-coole-fussballtrikots","8":"product_tag-england-heimtrikot","9":"product_tag-england-heimtrikot-euro-2022-damen","10":"product_tag-fussballtrikot-fuer-herren","11":"product_tag-fussballtrikot-guenstig-kaufen","12":"product_tag-fussballtrikot-kurzarm","13":"product_tag-guenstiges-fussballtrikot","15":"first","16":"instock","17":"shipping-taxable","18":"purchasable","19":"product-type-variable"},"_links":{"self":[{"href":"https:\/\/www.billigtrikotde.com\/sv\/wp-json\/wp\/v2\/product\/7998","targetHints":{"allow":["GET"]}}],"collection":[{"href":"https:\/\/www.billigtrikotde.com\/sv\/wp-json\/wp\/v2\/product"}],"about":[{"href":"https:\/\/www.billigtrikotde.com\/sv\/wp-json\/wp\/v2\/types\/product"}],"replies":[{"embeddable":true,"href":"https:\/\/www.billigtrikotde.com\/sv\/wp-json\/wp\/v2\/comments?post=7998"}],"wp:featuredmedia":[{"embeddable":true,"href":"https:\/\/www.billigtrikotde.com\/sv\/wp-json\/wp\/v2\/media\/8032"}],"wp:attachment":[{"href":"https:\/\/www.billigtrikotde.com\/sv\/wp-json\/wp\/v2\/media?parent=7998"}],"wp:term":[{"taxonomy":"product_brand","embeddable":true,"href":"https:\/\/www.billigtrikotde.com\/sv\/wp-json\/wp\/v2\/product_brand?post=7998"},{"taxonomy":"product_cat","embeddable":true,"href":"https:\/\/www.billigtrikotde.com\/sv\/wp-json\/wp\/v2\/product_cat?post=7998"},{"taxonomy":"product_tag","embeddable":true,"href":"https:\/\/www.billigtrikotde.com\/sv\/wp-json\/wp\/v2\/product_tag?post=7998"}],"curies":[{"name":"wp","href":"https:\/\/api.w.org\/{rel}","templated":true}]}}