{"id":7882,"date":"2024-10-24T01:09:29","date_gmt":"2024-10-23T23:09:29","guid":{"rendered":"http:\/\/billigtrikots.com\/?post_type=product&#038;p=7882"},"modified":"2024-10-24T01:11:40","modified_gmt":"2024-10-23T23:11:40","slug":"frankreich-trikot-wm-2022-heimtrikot-blau-fuer-herren-kurzarm-kurze-hosen","status":"publish","type":"product","link":"https:\/\/www.billigtrikotde.com\/sv\/frankreich-trikot-wm-2022-heimtrikot-blau-fuer-herren-kurzarm-kurze-hosen\/","title":{"rendered":"Frankrike Tr\u00f6ja VM 2022 Hemma tr\u00f6ja bl\u00e5 f\u00f6r herrar kort\u00e4rmad + korta byxor"},"content":{"rendered":"<p>Frankrikes hemmatr\u00f6ja f\u00f6ljer smeknamnet p\u00e5 landslaget. Les Bleus kallas de franska Kickerna. Och n\u00e4stan helt i bl\u00e5tt \u00e4r \u00e4ven den franska dr\u00e4kten h\u00e5lls. Den avskiljs endast genom en smal r\u00f6d br\u00f6stlin och \u00e4ven genom r\u00f6da strumpor. I bortatr\u00f6jan g\u00e5r Equipe Tricolore d\u00e4remot helt i vitt. Endast p\u00e5 sidan av tr\u00f6jan och byxorna finns band i r\u00f6tt och bl\u00e5tt som signalerar den franska flaggan. Fr\u00e5n 1972 till 2010 var Adidas leverant\u00f6r till det franska laget. Sedan 2011 st\u00e5r den amerikanska sportartikelfabrikanten Nike ansvarig f\u00f6r designen p\u00e5 Frankrike-tr\u00f6jan.<\/p>\n<p>Tips f\u00f6r utskrift: Om namn och nummer p\u00e5 bilden \u00e4r exakt vad du vill ha, beh\u00f6ver du inte ange dem igen. Om inte, ska du ange \u00f6nskat namn och nummer.<\/p>\n<p>Tips f\u00f6r tv\u00e4tt: Det \u00e4r rekommenderat att tv\u00e4tta fotbollstr\u00f6jor f\u00f6r hand. Om du vill anv\u00e4nda tv\u00e4ttmaskinen ska du komma ih\u00e5g att v\u00e4nda fotbollstr\u00f6jorna ut och in och sedan tv\u00e4tta dem. Fyll maskinen med kallt vatten och anv\u00e4nd ett skonsamt program f\u00f6r att b\u00e4ttre skydda f\u00e4rgerna.<\/p>","protected":false},"excerpt":{"rendered":"<p>Frankreichs Heimtrikot folgt dem Spitznamen der Nationalelf. Les Bleus werden die franz\u00f6sischen Kicker genannt. Und fast ganz in Blau ist auch das franz\u00f6sische Dress gehalten. Abgesetzt ist es nur durch einen schmalen roten Brustring und entsprechend auch durch rote Stutzen. Im Ausw\u00e4rtstrikot l\u00e4uft die Equipe Tricolore hingegen komplett in Wei\u00df auf. Nur seitlich auf dem [&hellip;]<\/p>","protected":false},"featured_media":7922,"comment_status":"open","ping_status":"closed","template":"","meta":[],"product_brand":[],"product_cat":[117],"product_tag":[20,121,119,21,22,23,24],"class_list":{"0":"post-7882","1":"product","2":"type-product","3":"status-publish","4":"has-post-thumbnail","6":"product_cat-frankreich-trikots","7":"product_tag-coole-fussballtrikots","8":"product_tag-frankreich-heimtrikot","9":"product_tag-frankreich-trikots","10":"product_tag-fussballtrikot-fuer-herren","11":"product_tag-fussballtrikot-guenstig-kaufen","12":"product_tag-fussballtrikot-kurzarm","13":"product_tag-guenstiges-fussballtrikot","15":"first","16":"instock","17":"shipping-taxable","18":"purchasable","19":"product-type-variable"},"_links":{"self":[{"href":"https:\/\/www.billigtrikotde.com\/sv\/wp-json\/wp\/v2\/product\/7882","targetHints":{"allow":["GET"]}}],"collection":[{"href":"https:\/\/www.billigtrikotde.com\/sv\/wp-json\/wp\/v2\/product"}],"about":[{"href":"https:\/\/www.billigtrikotde.com\/sv\/wp-json\/wp\/v2\/types\/product"}],"replies":[{"embeddable":true,"href":"https:\/\/www.billigtrikotde.com\/sv\/wp-json\/wp\/v2\/comments?post=7882"}],"wp:featuredmedia":[{"embeddable":true,"href":"https:\/\/www.billigtrikotde.com\/sv\/wp-json\/wp\/v2\/media\/7922"}],"wp:attachment":[{"href":"https:\/\/www.billigtrikotde.com\/sv\/wp-json\/wp\/v2\/media?parent=7882"}],"wp:term":[{"taxonomy":"product_brand","embeddable":true,"href":"https:\/\/www.billigtrikotde.com\/sv\/wp-json\/wp\/v2\/product_brand?post=7882"},{"taxonomy":"product_cat","embeddable":true,"href":"https:\/\/www.billigtrikotde.com\/sv\/wp-json\/wp\/v2\/product_cat?post=7882"},{"taxonomy":"product_tag","embeddable":true,"href":"https:\/\/www.billigtrikotde.com\/sv\/wp-json\/wp\/v2\/product_tag?post=7882"}],"curies":[{"name":"wp","href":"https:\/\/api.w.org\/{rel}","templated":true}]}}