{"id":7880,"date":"2024-10-24T01:09:28","date_gmt":"2024-10-23T23:09:28","guid":{"rendered":"http:\/\/billigtrikots.com\/?post_type=product&#038;p=7880"},"modified":"2024-10-24T01:11:39","modified_gmt":"2024-10-23T23:11:39","slug":"as-roma-2022-23-auswaertstrikot-fuer-herren-weiss-trikotsatz","status":"publish","type":"product","link":"https:\/\/www.billigtrikotde.com\/sv\/as-roma-2022-23-auswaertstrikot-fuer-herren-weiss-trikotsatz\/","title":{"rendered":"AS Roma 2022-23 Borta tr\u00f6ja f\u00f6r herrar vit Tr\u00f6jset"},"content":{"rendered":"<p>\u00c4kta fans visar sin entusiasm alltid och \u00f6verallt \u2013 den superbekv\u00e4ma modellen \u00e4r det oumb\u00e4rliga tillbeh\u00f6ret f\u00f6r alla som vill visa sin k\u00e4rlek till sin klubb. New Balance sl\u00e4pper med tr\u00f6jan en verkligt unik produkt. Varje \u00e4kta AS Rom-fan beh\u00f6ver denna bortatr\u00f6ja, eftersom \u00e4ven spelarna b\u00e4r den i Serie A. Vi rekommenderar denna bekv\u00e4ma, andningsbara och l\u00e4tta modell med det behagliga b\u00e4rk\u00e4nslan. Med denna tr\u00f6ja kan du perfekt f\u00f6rbereda dig f\u00f6r din n\u00e4sta motst\u00e5ndare. Den fantastiska looken p\u00e5 sporttoppen understr\u00e4ks av klubbemblemet p\u00e5 br\u00f6stet.<\/p>\n<p>Tips f\u00f6r utskrift: Om namn och nummer p\u00e5 bilden \u00e4r exakt vad du vill ha, beh\u00f6ver du inte ange dem igen. Om inte, ska du ange \u00f6nskat namn och nummer.<\/p>\n<p>Tips f\u00f6r tv\u00e4tt: Det \u00e4r rekommenderat att tv\u00e4tta fotbollstr\u00f6jor f\u00f6r hand. Om du vill anv\u00e4nda tv\u00e4ttmaskinen ska du komma ih\u00e5g att v\u00e4nda fotbollstr\u00f6jorna ut och in och sedan tv\u00e4tta dem. Fyll maskinen med kallt vatten och anv\u00e4nd ett skonsamt program f\u00f6r att b\u00e4ttre skydda f\u00e4rgerna.<\/p>","protected":false},"excerpt":{"rendered":"<p>Echte Fans zeigen ihre Begeisterung immer und \u00fcberall \u2013 das super bequeme Modell ist das unverzichtbare Zubeh\u00f6r f\u00fcr alle, die ihre Liebe zu ihrem Verein zeigen wollen. New Balance ver\u00f6ffentlicht mit dem Shirt ein wahrhaft einmaliges Produkt. Jeder echte AS Rom-Fan braucht dieses Ausw\u00e4rts-Shirt, denn auch die Spieler tragen es in der Serie A. Wir [&hellip;]<\/p>","protected":false},"featured_media":7921,"comment_status":"open","ping_status":"closed","template":"","meta":[],"product_brand":[],"product_cat":[85],"product_tag":[349,87,20,21,22,23,24],"class_list":{"0":"post-7880","1":"product","2":"type-product","3":"status-publish","4":"has-post-thumbnail","6":"product_cat-as-roma","7":"product_tag-as-roma-auswaertstrikot","8":"product_tag-as-roma-trikots","9":"product_tag-coole-fussballtrikots","10":"product_tag-fussballtrikot-fuer-herren","11":"product_tag-fussballtrikot-guenstig-kaufen","12":"product_tag-fussballtrikot-kurzarm","13":"product_tag-guenstiges-fussballtrikot","15":"first","16":"instock","17":"shipping-taxable","18":"purchasable","19":"product-type-variable"},"_links":{"self":[{"href":"https:\/\/www.billigtrikotde.com\/sv\/wp-json\/wp\/v2\/product\/7880","targetHints":{"allow":["GET"]}}],"collection":[{"href":"https:\/\/www.billigtrikotde.com\/sv\/wp-json\/wp\/v2\/product"}],"about":[{"href":"https:\/\/www.billigtrikotde.com\/sv\/wp-json\/wp\/v2\/types\/product"}],"replies":[{"embeddable":true,"href":"https:\/\/www.billigtrikotde.com\/sv\/wp-json\/wp\/v2\/comments?post=7880"}],"wp:featuredmedia":[{"embeddable":true,"href":"https:\/\/www.billigtrikotde.com\/sv\/wp-json\/wp\/v2\/media\/7921"}],"wp:attachment":[{"href":"https:\/\/www.billigtrikotde.com\/sv\/wp-json\/wp\/v2\/media?parent=7880"}],"wp:term":[{"taxonomy":"product_brand","embeddable":true,"href":"https:\/\/www.billigtrikotde.com\/sv\/wp-json\/wp\/v2\/product_brand?post=7880"},{"taxonomy":"product_cat","embeddable":true,"href":"https:\/\/www.billigtrikotde.com\/sv\/wp-json\/wp\/v2\/product_cat?post=7880"},{"taxonomy":"product_tag","embeddable":true,"href":"https:\/\/www.billigtrikotde.com\/sv\/wp-json\/wp\/v2\/product_tag?post=7880"}],"curies":[{"name":"wp","href":"https:\/\/api.w.org\/{rel}","templated":true}]}}