{"id":7872,"date":"2024-10-24T01:08:55","date_gmt":"2024-10-23T23:08:55","guid":{"rendered":"http:\/\/billigtrikots.com\/?post_type=product&#038;p=7872"},"modified":"2024-10-24T01:11:07","modified_gmt":"2024-10-23T23:11:07","slug":"kinder-manchester-city-ausweichtrikot-2022-23-hellgruen-schwarz-trikotsatz","status":"publish","type":"product","link":"https:\/\/www.billigtrikotde.com\/sv\/kinder-manchester-city-ausweichtrikot-2022-23-hellgruen-schwarz-trikotsatz\/","title":{"rendered":"Barn Manchester City 2022-23 bortaset ljusgr\u00f6nt\/svart tr\u00f6jset"},"content":{"rendered":"<p>Cityzens sprider sig. Manchester City F.C. 2022\/23 alternativtr\u00f6jan firar Manchester-kreativiteten med lysande f\u00e4rger och starka detaljer som inspirerats av gatukonst. Ringdesignen \u00e4r en hyllning till biet, symbolen f\u00f6r Manchester, som sin v\u00e4g fr\u00e5n stadsvapnet till fasaderna, mosaikerna och sist till otroliga gatukonstverk i Manchesters gator. Airbrush-effekten p\u00e5 r\u00e4nderna kompletterar uttalandet. V\u00e4rlden \u00e4r din canvas. Lev ut din kreativitet.<\/p>\n<p>Tips f\u00f6r utskrift: Om namn och nummer p\u00e5 bilden \u00e4r exakt vad du vill ha, beh\u00f6ver du inte ange dem igen. Om inte, ska du ange \u00f6nskat namn och nummer.<\/p>\n<p>Tips f\u00f6r tv\u00e4tt: Det \u00e4r rekommenderat att tv\u00e4tta fotbollstr\u00f6jor f\u00f6r hand. Om du vill anv\u00e4nda tv\u00e4ttmaskinen ska du komma ih\u00e5g att v\u00e4nda fotbollstr\u00f6jorna ut och in och sedan tv\u00e4tta dem. Fyll maskinen med kallt vatten och anv\u00e4nd ett skonsamt program f\u00f6r att b\u00e4ttre skydda f\u00e4rgerna.<\/p>","protected":false},"excerpt":{"rendered":"<p>Cityzens schwirren aus. Das Manchester City F.C. 2022\/23 Alternativtrikot feiert die Kreativit\u00e4t von Manchester mit leuchtenden Farben und kr\u00e4ftigen Details, die von der Street Art inspiriert sind. Das Ringeldesign ist eine Hommage an die Biene, das Symbol von Manchester, das ihren Weg vom Stadtwappen zu den Fassaden, Mosaiken und zuletzt atemberaubenden Stra\u00dfenkunstwerken in den Stra\u00dfen [&hellip;]<\/p>","protected":false},"featured_media":7911,"comment_status":"open","ping_status":"closed","template":"","meta":[],"product_brand":[],"product_cat":[144],"product_tag":[20,94,275,203,84,145],"class_list":{"0":"post-7872","1":"product","2":"type-product","3":"status-publish","4":"has-post-thumbnail","6":"product_cat-manchester-city-kindertrikot","7":"product_tag-coole-fussballtrikots","8":"product_tag-kinder-fussball-trikotsatz","9":"product_tag-kinder-trikot-manchester-city","10":"product_tag-manchester-city-ausweichtrikot","11":"product_tag-manchester-city-trikots","12":"product_tag-manchester-city-trikotsatz-fuer-kinder","14":"first","15":"instock","16":"shipping-taxable","17":"purchasable","18":"product-type-variable"},"_links":{"self":[{"href":"https:\/\/www.billigtrikotde.com\/sv\/wp-json\/wp\/v2\/product\/7872","targetHints":{"allow":["GET"]}}],"collection":[{"href":"https:\/\/www.billigtrikotde.com\/sv\/wp-json\/wp\/v2\/product"}],"about":[{"href":"https:\/\/www.billigtrikotde.com\/sv\/wp-json\/wp\/v2\/types\/product"}],"replies":[{"embeddable":true,"href":"https:\/\/www.billigtrikotde.com\/sv\/wp-json\/wp\/v2\/comments?post=7872"}],"wp:featuredmedia":[{"embeddable":true,"href":"https:\/\/www.billigtrikotde.com\/sv\/wp-json\/wp\/v2\/media\/7911"}],"wp:attachment":[{"href":"https:\/\/www.billigtrikotde.com\/sv\/wp-json\/wp\/v2\/media?parent=7872"}],"wp:term":[{"taxonomy":"product_brand","embeddable":true,"href":"https:\/\/www.billigtrikotde.com\/sv\/wp-json\/wp\/v2\/product_brand?post=7872"},{"taxonomy":"product_cat","embeddable":true,"href":"https:\/\/www.billigtrikotde.com\/sv\/wp-json\/wp\/v2\/product_cat?post=7872"},{"taxonomy":"product_tag","embeddable":true,"href":"https:\/\/www.billigtrikotde.com\/sv\/wp-json\/wp\/v2\/product_tag?post=7872"}],"curies":[{"name":"wp","href":"https:\/\/api.w.org\/{rel}","templated":true}]}}