{"id":7868,"date":"2024-10-24T01:08:52","date_gmt":"2024-10-23T23:08:52","guid":{"rendered":"http:\/\/billigtrikots.com\/?post_type=product&#038;p=7868"},"modified":"2024-10-24T01:11:06","modified_gmt":"2024-10-23T23:11:06","slug":"deutschland-auswaertstrikot-dfb-wm-2022-kinder-away-trikot-violett-schwarz-sale","status":"publish","type":"product","link":"https:\/\/www.billigtrikotde.com\/sv\/deutschland-auswaertstrikot-dfb-wm-2022-kinder-away-trikot-violett-schwarz-sale\/","title":{"rendered":"Tyskland Bortatr\u00f6ja DFB World Cup 2022 Barn Bortatr\u00f6ja lila svart F\u00f6rs\u00e4ljning"},"content":{"rendered":"<p>Das Deutschland WM 2022 Away Trikot \u00e4r helt svart med r\u00f6dbruna tryck och guldf\u00e4rgade detaljer.<\/p>\n<p>Designtrycken p\u00e5 den tyska VM 2022 Away-tr\u00f6jan \u00e4r i en r\u00f6d nyans och t\u00e4cker hela tr\u00f6jan. Dessutom p\u00e5minner designerna p\u00e5 framsidan om bokst\u00e4verna i DFB-logotypen, eftersom de \u00e4r triangul\u00e4rt ordnade, precis som bokst\u00e4verna p\u00e5 DFB-logotypen.<\/p>\n<p>Vidare har VM 2022 Away-tr\u00f6jan Deutschlands guldf\u00e4rgade loggor och tryck. De 3 Adidas-stripesen p\u00e5 axlarna samt Adidas-logotypen p\u00e5 h\u00f6gra br\u00f6stet \u00e4r i guld. Dessutom \u00e4r DFB-emblemet med de fyra stj\u00e4rnorna p\u00e5 v\u00e4nstra br\u00f6stet ocks\u00e5 i guld.<\/p>\n<p>Tips f\u00f6r utskrift: Om namn och nummer p\u00e5 bilden \u00e4r exakt vad du vill ha, beh\u00f6ver du inte ange dem igen. Om inte, ska du ange \u00f6nskat namn och nummer.<\/p>\n<p style=\"text-align: center;\">Tips f\u00f6r tv\u00e4tt: Det \u00e4r rekommenderat att tv\u00e4tta fotbollstr\u00f6jor f\u00f6r hand. Om du vill anv\u00e4nda tv\u00e4ttmaskinen ska du komma ih\u00e5g att v\u00e4nda fotbollstr\u00f6jorna ut och in och sedan tv\u00e4tta dem. Fyll maskinen med kallt vatten och anv\u00e4nd ett skonsamt program f\u00f6r att b\u00e4ttre skydda f\u00e4rgerna.<\/p>","protected":false},"excerpt":{"rendered":"<p>Tyskland VM 2022 Borta-tr\u00f6ja \u00e4r helt svart med r\u00f6dbruna tryck och guldf\u00e4rgade detaljer. Designtrycken p\u00e5 den tyska VM 2022 Borta-tr\u00f6jan \u00e4r i en r\u00f6d nyans och t\u00e4cker hela skjortan. Dessutom p\u00e5minner m\u00f6nstren p\u00e5 framsidan om bokst\u00e4verna i DFB-logotypen, eftersom de \u00e4r triangul\u00e4rt ordnade, precis som bokst\u00e4verna [\u2026]<\/p>","protected":false},"featured_media":7909,"comment_status":"open","ping_status":"closed","template":"","meta":[],"product_brand":[],"product_cat":[170],"product_tag":[20,212,172,213,21,22,23,24],"class_list":{"0":"post-7868","1":"product","2":"type-product","3":"status-publish","4":"has-post-thumbnail","6":"product_cat-deutschland-trikots","7":"product_tag-coole-fussballtrikots","8":"product_tag-deutschland-heimtrikot","9":"product_tag-deutschland-trikots","10":"product_tag-fussball-wm-2022","11":"product_tag-fussballtrikot-fuer-herren","12":"product_tag-fussballtrikot-guenstig-kaufen","13":"product_tag-fussballtrikot-kurzarm","14":"product_tag-guenstiges-fussballtrikot","16":"first","17":"instock","18":"shipping-taxable","19":"purchasable","20":"product-type-variable"},"_links":{"self":[{"href":"https:\/\/www.billigtrikotde.com\/sv\/wp-json\/wp\/v2\/product\/7868","targetHints":{"allow":["GET"]}}],"collection":[{"href":"https:\/\/www.billigtrikotde.com\/sv\/wp-json\/wp\/v2\/product"}],"about":[{"href":"https:\/\/www.billigtrikotde.com\/sv\/wp-json\/wp\/v2\/types\/product"}],"replies":[{"embeddable":true,"href":"https:\/\/www.billigtrikotde.com\/sv\/wp-json\/wp\/v2\/comments?post=7868"}],"wp:featuredmedia":[{"embeddable":true,"href":"https:\/\/www.billigtrikotde.com\/sv\/wp-json\/wp\/v2\/media\/7909"}],"wp:attachment":[{"href":"https:\/\/www.billigtrikotde.com\/sv\/wp-json\/wp\/v2\/media?parent=7868"}],"wp:term":[{"taxonomy":"product_brand","embeddable":true,"href":"https:\/\/www.billigtrikotde.com\/sv\/wp-json\/wp\/v2\/product_brand?post=7868"},{"taxonomy":"product_cat","embeddable":true,"href":"https:\/\/www.billigtrikotde.com\/sv\/wp-json\/wp\/v2\/product_cat?post=7868"},{"taxonomy":"product_tag","embeddable":true,"href":"https:\/\/www.billigtrikotde.com\/sv\/wp-json\/wp\/v2\/product_tag?post=7868"}],"curies":[{"name":"wp","href":"https:\/\/api.w.org\/{rel}","templated":true}]}}