{"id":7860,"date":"2024-10-24T01:08:20","date_gmt":"2024-10-23T23:08:20","guid":{"rendered":"http:\/\/billigtrikots.com\/?post_type=product&#038;p=7860"},"modified":"2024-10-24T01:10:33","modified_gmt":"2024-10-23T23:10:33","slug":"herren-fc-barcelona-2022-23-auswaertstrikot-grau-online-bestellen","status":"publish","type":"product","link":"https:\/\/www.billigtrikotde.com\/sv\/herren-fc-barcelona-2022-23-auswaertstrikot-grau-online-bestellen\/","title":{"rendered":"Herr FC Barcelona 2022-23 Borta tr\u00f6ja gr\u00e5 Best\u00e4ll online"},"content":{"rendered":"<p>St\u00f6d Blaugrana p\u00e5 tr\u00e4ningsf\u00e4ltet och p\u00e5 Camp Nous l\u00e4ktare med Nike FC Barcelona 22\/23 Dri-Fit Stadium Sverigebaserad alternativkittel.<\/p>\n<p>Med Nike Swoosh p\u00e5 h\u00f6ger br\u00f6st och det legendariska Barca-emblemet p\u00e5 v\u00e4nster sida \u00f6ver hj\u00e4rtat visar den h\u00e4r tr\u00f6jan din passion f\u00f6r klubben. Den tredje tr\u00f6jan 2022\/23 f\u00f6rkroppsligar mottot \u201eMes que un Club\u201c (Mer \u00e4n en klubb) f\u00f6r FC Barcelona och ska fira klubbens 30-\u00e5rsjubileum av tilldelningen av Creu de Sant Jordi (Saint George-korset). De djup r\u00f6da och bl\u00e5 f\u00e4rgerna omvandlas till ett i\u00f6gonfallande kors som framh\u00e4ver Barcelonas engagemang f\u00f6r sina medborgare och bidrag till samh\u00e4llet.<\/p>\n<p>Nike Dri-FIT-teknologin transporterar svett fr\u00e5n huden f\u00f6r att h\u00e5lla dig torr och bekv\u00e4m, och den l\u00e4tta konstruktionen h\u00e5ller dig i toppform under de 90 minuterna. Snabbtorkande material inneb\u00e4r att du kan tv\u00e4tta den och omedelbart anv\u00e4nda den igen, vilket \u00e4r idealiskt f\u00f6r kortsiktiga tr\u00e4ningar eller matcher.<\/p>\n<p>Tips f\u00f6r utskrift: Om namn och nummer p\u00e5 bilden \u00e4r exakt vad du vill ha, beh\u00f6ver du inte ange dem igen. Om inte, ska du ange \u00f6nskat namn och nummer.<\/p>\n<p>Tips f\u00f6r tv\u00e4tt: Det \u00e4r rekommenderat att tv\u00e4tta fotbollstr\u00f6jor f\u00f6r hand. Om du vill anv\u00e4nda tv\u00e4ttmaskinen ska du komma ih\u00e5g att v\u00e4nda fotbollstr\u00f6jorna ut och in och sedan tv\u00e4tta dem. Fyll maskinen med kallt vatten och anv\u00e4nd ett skonsamt program f\u00f6r att b\u00e4ttre skydda f\u00e4rgerna.<\/p>","protected":false},"excerpt":{"rendered":"<p>Unterst\u00fctze die Blaugrana auf dem Trainingsplatz und auf der Trib\u00fcne des Camp Nou mit dem Nike FC Barcelona 22\/23 Dri-Fit Stadium Ausweichtrikot. Mit dem Nike-Swoosh auf der rechten Brust und dem legend\u00e4ren Barca-Wappen auf der linken Seite \u00fcber dem Herzen zeigt dieses Trikot deine Leidenschaft f\u00fcr den Verein. Das dritte Trikot 2022\/23 verk\u00f6rpert das Motto [&hellip;]<\/p>","protected":false},"featured_media":7899,"comment_status":"open","ping_status":"closed","template":"","meta":[],"product_brand":[],"product_cat":[31],"product_tag":[20,346,33,21,22,23,24,345],"class_list":{"0":"post-7860","1":"product","2":"type-product","3":"status-publish","4":"has-post-thumbnail","6":"product_cat-fc-barcelona","7":"product_tag-coole-fussballtrikots","8":"product_tag-fc-barcelona-2022-23-trikot","9":"product_tag-fc-barcelona-trikots","10":"product_tag-fussballtrikot-fuer-herren","11":"product_tag-fussballtrikot-guenstig-kaufen","12":"product_tag-fussballtrikot-kurzarm","13":"product_tag-guenstiges-fussballtrikot","14":"product_tag-neuen-fc-barcelona-trikots","16":"first","17":"instock","18":"shipping-taxable","19":"purchasable","20":"product-type-variable"},"_links":{"self":[{"href":"https:\/\/www.billigtrikotde.com\/sv\/wp-json\/wp\/v2\/product\/7860","targetHints":{"allow":["GET"]}}],"collection":[{"href":"https:\/\/www.billigtrikotde.com\/sv\/wp-json\/wp\/v2\/product"}],"about":[{"href":"https:\/\/www.billigtrikotde.com\/sv\/wp-json\/wp\/v2\/types\/product"}],"replies":[{"embeddable":true,"href":"https:\/\/www.billigtrikotde.com\/sv\/wp-json\/wp\/v2\/comments?post=7860"}],"wp:featuredmedia":[{"embeddable":true,"href":"https:\/\/www.billigtrikotde.com\/sv\/wp-json\/wp\/v2\/media\/7899"}],"wp:attachment":[{"href":"https:\/\/www.billigtrikotde.com\/sv\/wp-json\/wp\/v2\/media?parent=7860"}],"wp:term":[{"taxonomy":"product_brand","embeddable":true,"href":"https:\/\/www.billigtrikotde.com\/sv\/wp-json\/wp\/v2\/product_brand?post=7860"},{"taxonomy":"product_cat","embeddable":true,"href":"https:\/\/www.billigtrikotde.com\/sv\/wp-json\/wp\/v2\/product_cat?post=7860"},{"taxonomy":"product_tag","embeddable":true,"href":"https:\/\/www.billigtrikotde.com\/sv\/wp-json\/wp\/v2\/product_tag?post=7860"}],"curies":[{"name":"wp","href":"https:\/\/api.w.org\/{rel}","templated":true}]}}