{"id":7812,"date":"2024-10-24T01:05:59","date_gmt":"2024-10-23T23:05:59","guid":{"rendered":"http:\/\/billigtrikots.com\/?post_type=product&#038;p=7812"},"modified":"2024-10-24T01:08:09","modified_gmt":"2024-10-23T23:08:09","slug":"fc-barcelona-2022-23-auswaertstrikot-goldene-away-shirt-fuer-herren-messi-10","status":"publish","type":"product","link":"https:\/\/www.billigtrikotde.com\/sv\/fc-barcelona-2022-23-auswaertstrikot-goldene-away-shirt-fuer-herren-messi-10\/","title":{"rendered":"FC Barcelona 2022-23 Borta tr\u00f6ja guldig Borta T-shirt Fotbolls-tr\u00f6jor f\u00f6r Herr MESSI 10"},"content":{"rendered":"<p>FC Barcelona 22-23 bortatr\u00f6ja har en guldgrundf\u00e4rg som v\u00e4cker minnen fr\u00e5n b\u00f6rjan av 2000-talet. Alla logotyper \u00e4r i m\u00f6rk marinbl\u00e5 f\u00e4rg.<\/p>\n<p>F\u00e4rgen och \u00e4rmdesignen p\u00e5 den nya tr\u00f6jan \u00e4r en h\u00e4nvisning till de guldmedaljer som idrottarna f\u00e5r vid Olympiska spelen, 30 \u00e5r efter att Olympiska spelen 1992 h\u00f6lls i Barcelona. Spelen invigdes den 25 juli 1992. Dessutom \u00e4r f\u00e4rgerna p\u00e5 de fem olympiska ringarna synliga p\u00e5 \u00e4rmarnas muddar och p\u00e5 strumporna.<\/p>\n<p>Ett diskret m\u00f6nster som visar kartan \u00f6ver staden Barcelona full\u00e4ndar looken. Det \u00e4r en tryckt karta \u00f6ver staden, d\u00e4r man f\u00f6rutom andra gator kan se flera rutn\u00e4t av husblock i stadsdelen Eixample och p\u00e5 Avinguda Diagonal.<\/p>\n<p>Tips f\u00f6r utskrift: Om namn och nummer p\u00e5 bilden \u00e4r exakt vad du vill ha, beh\u00f6ver du inte ange dem igen. Om inte, ska du ange \u00f6nskat namn och nummer.<\/p>\n<p>Tips f\u00f6r tv\u00e4tt: Det \u00e4r rekommenderat att tv\u00e4tta fotbollstr\u00f6jor f\u00f6r hand. Om du vill anv\u00e4nda tv\u00e4ttmaskinen ska du komma ih\u00e5g att v\u00e4nda fotbollstr\u00f6jorna ut och in och sedan tv\u00e4tta dem. Fyll maskinen med kallt vatten och anv\u00e4nd ett skonsamt program f\u00f6r att b\u00e4ttre skydda f\u00e4rgerna.<\/p>","protected":false},"excerpt":{"rendered":"<p>Das FC Barcelona 22-23 Ausw\u00e4rtstrikot hat eine goldene Grundfarbe, die Erinnerungen an die fr\u00fchen 2000er Jahre weckt. Alle Logos sind in dunklem Marineblau gehalten. Die Farbe und das \u00c4rmeldesign des neuen Trikots sind eine Anspielung auf die Goldmedaillen, die die Athleten bei den Olympischen Spielen erhalten, 30 Jahre nachdem die Olympischen Spiele 1992 in Barcelona [&hellip;]<\/p>","protected":false},"featured_media":7851,"comment_status":"open","ping_status":"closed","template":"","meta":[],"product_brand":[],"product_cat":[31],"product_tag":[20,346,33,21,22,23,24,345],"class_list":{"0":"post-7812","1":"product","2":"type-product","3":"status-publish","4":"has-post-thumbnail","6":"product_cat-fc-barcelona","7":"product_tag-coole-fussballtrikots","8":"product_tag-fc-barcelona-2022-23-trikot","9":"product_tag-fc-barcelona-trikots","10":"product_tag-fussballtrikot-fuer-herren","11":"product_tag-fussballtrikot-guenstig-kaufen","12":"product_tag-fussballtrikot-kurzarm","13":"product_tag-guenstiges-fussballtrikot","14":"product_tag-neuen-fc-barcelona-trikots","16":"first","17":"instock","18":"shipping-taxable","19":"purchasable","20":"product-type-variable"},"_links":{"self":[{"href":"https:\/\/www.billigtrikotde.com\/sv\/wp-json\/wp\/v2\/product\/7812","targetHints":{"allow":["GET"]}}],"collection":[{"href":"https:\/\/www.billigtrikotde.com\/sv\/wp-json\/wp\/v2\/product"}],"about":[{"href":"https:\/\/www.billigtrikotde.com\/sv\/wp-json\/wp\/v2\/types\/product"}],"replies":[{"embeddable":true,"href":"https:\/\/www.billigtrikotde.com\/sv\/wp-json\/wp\/v2\/comments?post=7812"}],"wp:featuredmedia":[{"embeddable":true,"href":"https:\/\/www.billigtrikotde.com\/sv\/wp-json\/wp\/v2\/media\/7851"}],"wp:attachment":[{"href":"https:\/\/www.billigtrikotde.com\/sv\/wp-json\/wp\/v2\/media?parent=7812"}],"wp:term":[{"taxonomy":"product_brand","embeddable":true,"href":"https:\/\/www.billigtrikotde.com\/sv\/wp-json\/wp\/v2\/product_brand?post=7812"},{"taxonomy":"product_cat","embeddable":true,"href":"https:\/\/www.billigtrikotde.com\/sv\/wp-json\/wp\/v2\/product_cat?post=7812"},{"taxonomy":"product_tag","embeddable":true,"href":"https:\/\/www.billigtrikotde.com\/sv\/wp-json\/wp\/v2\/product_tag?post=7812"}],"curies":[{"name":"wp","href":"https:\/\/api.w.org\/{rel}","templated":true}]}}