{"id":7546,"date":"2024-10-23T18:34:28","date_gmt":"2024-10-23T16:34:28","guid":{"rendered":"http:\/\/billigtrikots.com\/?post_type=product&#038;p=7546"},"modified":"2024-10-23T18:36:35","modified_gmt":"2024-10-23T16:36:35","slug":"herren-fc-barcelona-2022-23-ausweichtrikot-weiss-online-kaufen-messi-10","status":"publish","type":"product","link":"https:\/\/www.billigtrikotde.com\/sv\/herren-fc-barcelona-2022-23-ausweichtrikot-weiss-online-kaufen-messi-10\/","title":{"rendered":"Herrfotbollstr\u00f6ja FC Barcelona 2022\/23 Bortatr\u00f6ja vit K\u00f6p online MESSI 10"},"content":{"rendered":"<p>Nike Barcelona 2022-2023:s tredje fotbollstr\u00f6ja har en p\u00e5fallande design. Den kombinerar en ljusgr\u00e5 grundf\u00e4rg med ett Blaugrana-kors p\u00e5 framsidan.<\/p>\n<p>Den officiella f\u00e4rgen p\u00e5 tredje tr\u00f6jan f\u00f6r Nike FC Barcelona 2022-2023 beskrivs som \u201dhimmelsgr\u00e5\u201d och v\u00e4ckte i den nya presidiet en del oro eftersom den liknar vitt, f\u00e4rgen hos Real Madrid.<\/p>\n<p>Dock hade Barcelona redan mellan 1998 och 2001 en mycket liksilverf\u00e4rgad bortatr\u00f6ja. Tr\u00f6jan kombinerades dock f\u00f6r 20 \u00e5r sedan med bl\u00e5a shorts.<\/p>\n<p>Korset i mitten st\u00e5r f\u00f6r Sant Jordi-korset (St. Georgs kors), som ing\u00e5r i klubbemblemet.<\/p>\n<p>Denna tr\u00f6ja p\u00e5minner om att det 2022 kommer att vara 30 \u00e5r sedan Generalitat tilldelade FC Barcelona Creu de Sant Jordi.<\/p>\n<p>Tips f\u00f6r utskrift: Om namn och nummer p\u00e5 bilden \u00e4r exakt vad du vill ha, beh\u00f6ver du inte ange dem igen. Om inte, ska du ange \u00f6nskat namn och nummer.<\/p>\n<p>Tips f\u00f6r tv\u00e4tt: Det \u00e4r rekommenderat att tv\u00e4tta fotbollstr\u00f6jor f\u00f6r hand. Om du vill anv\u00e4nda tv\u00e4ttmaskinen ska du komma ih\u00e5g att v\u00e4nda fotbollstr\u00f6jorna ut och in och sedan tv\u00e4tta dem. Fyll maskinen med kallt vatten och anv\u00e4nd ett skonsamt program f\u00f6r att b\u00e4ttre skydda f\u00e4rgerna.<\/p>","protected":false},"excerpt":{"rendered":"<p>Nike Barcelona 2022-2023 tredje fotbollstr\u00f6ja har en i\u00f6gonfallande design. Den kombinerar en ljusgr\u00e5 grundf\u00e4rg med ett bl\u00e5gr\u00f6nkors p\u00e5 framsidan. Den officiella f\u00e4rgen p\u00e5 den tredje tr\u00f6jan f\u00f6r Nike FC Barcelona 2022-2023 beskrivs som \u201ehimmelgr\u00e5\u201c och v\u00e4ckte vissa bekymmer i den nya styrelsen eftersom den \u00e4r mycket lik vit, f\u00e4rgen p\u00e5 Real Madrid [...]<\/p>","protected":false},"featured_media":7585,"comment_status":"open","ping_status":"closed","template":"","meta":[],"product_brand":[],"product_cat":[31],"product_tag":[20,37,33,21,22,23,24],"class_list":{"0":"post-7546","1":"product","2":"type-product","3":"status-publish","4":"has-post-thumbnail","6":"product_cat-fc-barcelona","7":"product_tag-coole-fussballtrikots","8":"product_tag-fc-barcelona-ausweichtrikot","9":"product_tag-fc-barcelona-trikots","10":"product_tag-fussballtrikot-fuer-herren","11":"product_tag-fussballtrikot-guenstig-kaufen","12":"product_tag-fussballtrikot-kurzarm","13":"product_tag-guenstiges-fussballtrikot","15":"first","16":"instock","17":"shipping-taxable","18":"purchasable","19":"product-type-variable"},"_links":{"self":[{"href":"https:\/\/www.billigtrikotde.com\/sv\/wp-json\/wp\/v2\/product\/7546","targetHints":{"allow":["GET"]}}],"collection":[{"href":"https:\/\/www.billigtrikotde.com\/sv\/wp-json\/wp\/v2\/product"}],"about":[{"href":"https:\/\/www.billigtrikotde.com\/sv\/wp-json\/wp\/v2\/types\/product"}],"replies":[{"embeddable":true,"href":"https:\/\/www.billigtrikotde.com\/sv\/wp-json\/wp\/v2\/comments?post=7546"}],"wp:featuredmedia":[{"embeddable":true,"href":"https:\/\/www.billigtrikotde.com\/sv\/wp-json\/wp\/v2\/media\/7585"}],"wp:attachment":[{"href":"https:\/\/www.billigtrikotde.com\/sv\/wp-json\/wp\/v2\/media?parent=7546"}],"wp:term":[{"taxonomy":"product_brand","embeddable":true,"href":"https:\/\/www.billigtrikotde.com\/sv\/wp-json\/wp\/v2\/product_brand?post=7546"},{"taxonomy":"product_cat","embeddable":true,"href":"https:\/\/www.billigtrikotde.com\/sv\/wp-json\/wp\/v2\/product_cat?post=7546"},{"taxonomy":"product_tag","embeddable":true,"href":"https:\/\/www.billigtrikotde.com\/sv\/wp-json\/wp\/v2\/product_tag?post=7546"}],"curies":[{"name":"wp","href":"https:\/\/api.w.org\/{rel}","templated":true}]}}