{"id":7510,"date":"2024-10-23T18:32:48","date_gmt":"2024-10-23T16:32:48","guid":{"rendered":"http:\/\/billigtrikots.com\/?post_type=product&#038;p=7510"},"modified":"2024-10-23T18:34:54","modified_gmt":"2024-10-23T16:34:54","slug":"herren-fc-barcelona-22-23-heimtrikot-dunkelblau-fussballtrikots-set","status":"publish","type":"product","link":"https:\/\/www.billigtrikotde.com\/sv\/herren-fc-barcelona-22-23-heimtrikot-dunkelblau-fussballtrikots-set\/","title":{"rendered":"Herr FC Barcelona 22\/23 Hemmatr\u00f6ja m\u00f6rkbl\u00e5 Fotbollstr\u00f6jor Set"},"content":{"rendered":"<p>Uppt\u00e4ck Bar\u00e7as hemmatr\u00f6ja 2022\/2023. B\u00e4r stolt Blaugrana-f\u00e4rgerna p\u00e5 planen eller utanf\u00f6r.<\/p>\n<p>En flexibel och l\u00e4tt tr\u00f6ja med Nike Dri-Fit-teknologi, ett plagg som f\u00f6rhindrar att svett tr\u00e4nger in i ditt spel eller tr\u00e4ning. H\u00e5ll dig torr efter dina accelerationer.<\/p>\n<p>F\u00f6rest\u00e4ll dig att \u00e5sk\u00e5darna p\u00e5 Camp Nou skulle heja p\u00e5 dig efter ett fantastiskt m\u00e5l. Sp\u00e4nnande, eller hur?<\/p>\n<p>Tips f\u00f6r utskrift: Om namn och nummer p\u00e5 bilden \u00e4r exakt vad du vill ha, beh\u00f6ver du inte ange dem igen. Om inte, ska du ange \u00f6nskat namn och nummer.<\/p>\n<p>Tips f\u00f6r tv\u00e4tt: Det \u00e4r rekommenderat att tv\u00e4tta fotbollstr\u00f6jor f\u00f6r hand. Om du vill anv\u00e4nda tv\u00e4ttmaskinen ska du komma ih\u00e5g att v\u00e4nda fotbollstr\u00f6jorna ut och in och sedan tv\u00e4tta dem. Fyll maskinen med kallt vatten och anv\u00e4nd ett skonsamt program f\u00f6r att b\u00e4ttre skydda f\u00e4rgerna.<\/p>","protected":false},"excerpt":{"rendered":"<p>Uppt\u00e4ck Bar\u00e7a 2022\/2023 hemma-tr\u00f6jan. B\u00e4r stolt Blaugrana-f\u00e4rgerna p\u00e5 planen eller utomhus. En flexibel och l\u00e4tt tr\u00f6ja med Nike Dri-Fit-teknologi, ett plagg som f\u00f6rhindrar att svett l\u00e4cker in i ditt spel eller din tr\u00e4ning. H\u00e5ll dig torr efter dina accelerationer. F\u00f6rest\u00e4ll dig att \u00e5sk\u00e5darna p\u00e5 Camp Nou skulle [\u2026]<\/p>","protected":false},"featured_media":7549,"comment_status":"open","ping_status":"closed","template":"","meta":[],"product_brand":[],"product_cat":[31],"product_tag":[32,20,33,21,22,23,24],"class_list":{"0":"post-7510","1":"product","2":"type-product","3":"status-publish","4":"has-post-thumbnail","6":"product_cat-fc-barcelona","7":"product_tag-barcelona-heimtrikot","8":"product_tag-coole-fussballtrikots","9":"product_tag-fc-barcelona-trikots","10":"product_tag-fussballtrikot-fuer-herren","11":"product_tag-fussballtrikot-guenstig-kaufen","12":"product_tag-fussballtrikot-kurzarm","13":"product_tag-guenstiges-fussballtrikot","15":"first","16":"instock","17":"shipping-taxable","18":"purchasable","19":"product-type-variable"},"_links":{"self":[{"href":"https:\/\/www.billigtrikotde.com\/sv\/wp-json\/wp\/v2\/product\/7510","targetHints":{"allow":["GET"]}}],"collection":[{"href":"https:\/\/www.billigtrikotde.com\/sv\/wp-json\/wp\/v2\/product"}],"about":[{"href":"https:\/\/www.billigtrikotde.com\/sv\/wp-json\/wp\/v2\/types\/product"}],"replies":[{"embeddable":true,"href":"https:\/\/www.billigtrikotde.com\/sv\/wp-json\/wp\/v2\/comments?post=7510"}],"wp:featuredmedia":[{"embeddable":true,"href":"https:\/\/www.billigtrikotde.com\/sv\/wp-json\/wp\/v2\/media\/7549"}],"wp:attachment":[{"href":"https:\/\/www.billigtrikotde.com\/sv\/wp-json\/wp\/v2\/media?parent=7510"}],"wp:term":[{"taxonomy":"product_brand","embeddable":true,"href":"https:\/\/www.billigtrikotde.com\/sv\/wp-json\/wp\/v2\/product_brand?post=7510"},{"taxonomy":"product_cat","embeddable":true,"href":"https:\/\/www.billigtrikotde.com\/sv\/wp-json\/wp\/v2\/product_cat?post=7510"},{"taxonomy":"product_tag","embeddable":true,"href":"https:\/\/www.billigtrikotde.com\/sv\/wp-json\/wp\/v2\/product_tag?post=7510"}],"curies":[{"name":"wp","href":"https:\/\/api.w.org\/{rel}","templated":true}]}}