{"id":7400,"date":"2024-10-23T18:27:34","date_gmt":"2024-10-23T16:27:34","guid":{"rendered":"http:\/\/billigtrikots.com\/?post_type=product&#038;p=7400"},"modified":"2024-10-23T18:29:45","modified_gmt":"2024-10-23T16:29:45","slug":"kinder-argentinien-heimtrikot-wm-2022-weiss-blau-neuen-fussballtrikots","status":"publish","type":"product","link":"https:\/\/www.billigtrikotde.com\/sv\/kinder-argentinien-heimtrikot-wm-2022-weiss-blau-neuen-fussballtrikots\/","title":{"rendered":"Barn Argentina Hemmatr\u00f6ja World Cup 2022 vit bl\u00e5 Nya Fotbollstr\u00f6jor"},"content":{"rendered":"<p>Argentinas nya tr\u00f6ja f\u00f6r 2022 \u00e4r huvudsakligen vit med svarta logotyper \u2013 d\u00e4runder den helt nya Adidas-logotypen, som g\u00f6r sin fotbollsdebut med VM-tr\u00f6jorna 2022.<\/p>\n<p>R\u00e4nderna p\u00e5 den nya VM 2022-tr\u00f6jan f\u00f6r Argentina \u00e4r klassiska, men bara p\u00e5 framsidan. R\u00e4nderna p\u00e5 baksidan \u00e4r verkligen ovanliga: Ist\u00e4llet f\u00f6r att vara lika breda finns det tv\u00e5 tunnare himmelsbl\u00e5 r\u00e4nder i mitten och tv\u00e5 bredare vid sidorna av tr\u00f6jan. Dessa bredare r\u00e4nder \u00e4r ungef\u00e4r tre g\u00e5nger s\u00e5 breda som r\u00e4nderna i mitten.<\/p>\n<p>Den ska se ut som den argentinska flaggan. \u00c4ven i anslutning till flaggan finns p\u00e5 baksidan under kragen Sol de Mayo, det argentinska nationalsymbolen.<\/p>\n<p>Svarta byxor och vita strumpor kompletterar Argentinas 2022-tr\u00f6ja.<\/p>\n<p>Tips f\u00f6r utskrift: Om namn och nummer p\u00e5 bilden \u00e4r exakt vad du vill ha, beh\u00f6ver du inte ange dem igen. Om inte, ska du ange \u00f6nskat namn och nummer.<\/p>\n<p>Tips f\u00f6r tv\u00e4tt: Det \u00e4r rekommenderat att tv\u00e4tta fotbollstr\u00f6jor f\u00f6r hand. Om du vill anv\u00e4nda tv\u00e4ttmaskinen ska du komma ih\u00e5g att v\u00e4nda fotbollstr\u00f6jorna ut och in och sedan tv\u00e4tta dem. Fyll maskinen med kallt vatten och anv\u00e4nd ett skonsamt program f\u00f6r att b\u00e4ttre skydda f\u00e4rgerna.<\/p>","protected":false},"excerpt":{"rendered":"<p>Argentiniens neues Trikot f\u00fcr 2022 ist \u00fcberwiegend wei\u00df mit schwarzen Logos \u2013 darunter das brandneue Adidas-Logo, das mit den WM-Trikots 2022 sein Fu\u00dfballdeb\u00fct feiert. Die Streifen auf dem neuen Argentinien WM 2022 Trikot sind klassisch, aber nur auf der Vorderseite. Die Streifen auf der R\u00fcckseite sind wirklich ungew\u00f6hnlich: Anstatt gleich breit zu sein, gibt es [&hellip;]<\/p>","protected":false},"featured_media":7432,"comment_status":"open","ping_status":"closed","template":"","meta":[],"product_brand":[],"product_cat":[325,91],"product_tag":[231,326,20,222,21,22,23,24,94],"class_list":{"0":"post-7400","1":"product","2":"type-product","3":"status-publish","4":"has-post-thumbnail","6":"product_cat-argentinien-trikots","7":"product_cat-kindertrikots","8":"product_tag-argentina-trikots","9":"product_tag-argentina-trikotsatz-fuer-kinder","10":"product_tag-coole-fussballtrikots","11":"product_tag-fussball-wm-2022-trikots","12":"product_tag-fussballtrikot-fuer-herren","13":"product_tag-fussballtrikot-guenstig-kaufen","14":"product_tag-fussballtrikot-kurzarm","15":"product_tag-guenstiges-fussballtrikot","16":"product_tag-kinder-fussball-trikotsatz","18":"first","19":"instock","20":"shipping-taxable","21":"purchasable","22":"product-type-variable"},"_links":{"self":[{"href":"https:\/\/www.billigtrikotde.com\/sv\/wp-json\/wp\/v2\/product\/7400","targetHints":{"allow":["GET"]}}],"collection":[{"href":"https:\/\/www.billigtrikotde.com\/sv\/wp-json\/wp\/v2\/product"}],"about":[{"href":"https:\/\/www.billigtrikotde.com\/sv\/wp-json\/wp\/v2\/types\/product"}],"replies":[{"embeddable":true,"href":"https:\/\/www.billigtrikotde.com\/sv\/wp-json\/wp\/v2\/comments?post=7400"}],"wp:featuredmedia":[{"embeddable":true,"href":"https:\/\/www.billigtrikotde.com\/sv\/wp-json\/wp\/v2\/media\/7432"}],"wp:attachment":[{"href":"https:\/\/www.billigtrikotde.com\/sv\/wp-json\/wp\/v2\/media?parent=7400"}],"wp:term":[{"taxonomy":"product_brand","embeddable":true,"href":"https:\/\/www.billigtrikotde.com\/sv\/wp-json\/wp\/v2\/product_brand?post=7400"},{"taxonomy":"product_cat","embeddable":true,"href":"https:\/\/www.billigtrikotde.com\/sv\/wp-json\/wp\/v2\/product_cat?post=7400"},{"taxonomy":"product_tag","embeddable":true,"href":"https:\/\/www.billigtrikotde.com\/sv\/wp-json\/wp\/v2\/product_tag?post=7400"}],"curies":[{"name":"wp","href":"https:\/\/api.w.org\/{rel}","templated":true}]}}