{"id":7362,"date":"2024-10-23T18:25:49","date_gmt":"2024-10-23T16:25:49","guid":{"rendered":"http:\/\/billigtrikots.com\/?post_type=product&#038;p=7362"},"modified":"2024-10-23T18:27:28","modified_gmt":"2024-10-23T16:27:28","slug":"herren-leicester-city-2022-23-heimtrikot-blau-weiss-trikotsatz-online-bestellen","status":"publish","type":"product","link":"https:\/\/www.billigtrikotde.com\/sv\/herren-leicester-city-2022-23-heimtrikot-blau-weiss-trikotsatz-online-bestellen\/","title":{"rendered":"Herr Leicester City 2022-23 Hemmatr\u00f6ja bl\u00e5 vit Kit Best\u00e4ll online"},"content":{"rendered":"<p>Adidas Leicester City 2022-23 hemmatr\u00f6ja kommer i klubbens vanliga bl\u00e5 f\u00e4rg och har en vanlig basf\u00e4rg utan grafik. Som med flera andra Adidas B-lag i \u00e5r anv\u00e4nds en standardmall med en vit krage och Adidas-r\u00e4nderna p\u00e5 axlarna visas i vitt, liksom sponsorlogotyperna. Leicesters vapensk\u00f6ld \u00e4r dock i en guldbl\u00e5 f\u00e4rg och Adidas-logotypen \u00e4r ocks\u00e5 guldf\u00e4rgad, vilket \u00e4r en forts\u00e4ttning p\u00e5 Adidas anv\u00e4ndning av guld p\u00e5 alla Leicester-dr\u00e4kter som de hittills har producerat.<\/p>\n<p>Tips f\u00f6r utskrift: Om namn och nummer p\u00e5 bilden \u00e4r exakt vad du vill ha, beh\u00f6ver du inte ange dem igen. Om inte, ska du ange \u00f6nskat namn och nummer.<\/p>\n<p>Tips f\u00f6r tv\u00e4tt: Det \u00e4r rekommenderat att tv\u00e4tta fotbollstr\u00f6jor f\u00f6r hand. Om du vill anv\u00e4nda tv\u00e4ttmaskinen ska du komma ih\u00e5g att v\u00e4nda fotbollstr\u00f6jorna ut och in och sedan tv\u00e4tta dem. Fyll maskinen med kallt vatten och anv\u00e4nd ett skonsamt program f\u00f6r att b\u00e4ttre skydda f\u00e4rgerna.<\/p>","protected":false},"excerpt":{"rendered":"<p>Das Adidas Leicester City 2022-23 Heim trikot kommt im gewohnten Blauton des Vereins daher und hat einen einfarbigen Grundton ohne Grafik. Wie schon bei einigen anderen B-Mannschaften von Adidas in diesem Jahr wird eine Standardvorlage mit einem wei\u00dfen Kragen verwendet.Die Adidas-Streifen auf den Schultern erscheinen in Wei\u00df, genau wie die Sponsorenlogos. Das Wappen von Leicester [&hellip;]<\/p>","protected":false},"featured_media":7395,"comment_status":"open","ping_status":"closed","template":"","meta":[],"product_brand":[],"product_cat":[80],"product_tag":[20,21,22,23,54,24,323,324],"class_list":{"0":"post-7362","1":"product","2":"type-product","3":"status-publish","4":"has-post-thumbnail","6":"product_cat-leicester-city","7":"product_tag-coole-fussballtrikots","8":"product_tag-fussballtrikot-fuer-herren","9":"product_tag-fussballtrikot-guenstig-kaufen","10":"product_tag-fussballtrikot-kurzarm","11":"product_tag-fussballtrikot-set","12":"product_tag-guenstiges-fussballtrikot","13":"product_tag-leicester-city-2022-23-heimtrikot","14":"product_tag-leicester-city-heimtrikot","16":"first","17":"instock","18":"shipping-taxable","19":"purchasable","20":"product-type-variable"},"_links":{"self":[{"href":"https:\/\/www.billigtrikotde.com\/sv\/wp-json\/wp\/v2\/product\/7362","targetHints":{"allow":["GET"]}}],"collection":[{"href":"https:\/\/www.billigtrikotde.com\/sv\/wp-json\/wp\/v2\/product"}],"about":[{"href":"https:\/\/www.billigtrikotde.com\/sv\/wp-json\/wp\/v2\/types\/product"}],"replies":[{"embeddable":true,"href":"https:\/\/www.billigtrikotde.com\/sv\/wp-json\/wp\/v2\/comments?post=7362"}],"wp:featuredmedia":[{"embeddable":true,"href":"https:\/\/www.billigtrikotde.com\/sv\/wp-json\/wp\/v2\/media\/7395"}],"wp:attachment":[{"href":"https:\/\/www.billigtrikotde.com\/sv\/wp-json\/wp\/v2\/media?parent=7362"}],"wp:term":[{"taxonomy":"product_brand","embeddable":true,"href":"https:\/\/www.billigtrikotde.com\/sv\/wp-json\/wp\/v2\/product_brand?post=7362"},{"taxonomy":"product_cat","embeddable":true,"href":"https:\/\/www.billigtrikotde.com\/sv\/wp-json\/wp\/v2\/product_cat?post=7362"},{"taxonomy":"product_tag","embeddable":true,"href":"https:\/\/www.billigtrikotde.com\/sv\/wp-json\/wp\/v2\/product_tag?post=7362"}],"curies":[{"name":"wp","href":"https:\/\/api.w.org\/{rel}","templated":true}]}}