{"id":7316,"date":"2024-10-23T18:23:35","date_gmt":"2024-10-23T16:23:35","guid":{"rendered":"http:\/\/billigtrikots.com\/?post_type=product&#038;p=7316"},"modified":"2024-10-23T18:25:42","modified_gmt":"2024-10-23T16:25:42","slug":"herren-castore-wolverhampton-wanderers-f-c-2022-23-heimtrikot-gelb-kurzarm-kurze-hosen-adama-37","status":"publish","type":"product","link":"https:\/\/www.billigtrikotde.com\/sv\/herren-castore-wolverhampton-wanderers-f-c-2022-23-heimtrikot-gelb-kurzarm-kurze-hosen-adama-37\/","title":{"rendered":"Herrmodell Castore Wolverhampton Wanderers F.C. 2022-23 Hemmatr\u00f6ja Gul Kort\u00e4rmad + Shorts ADAMA 37"},"content":{"rendered":"<p>Denna Castore-tr\u00f6ja, med tr\u00f6jor och strumpor i gammalt guld och svarta shorts, har \u00e5terigen noggrant matchats med klubbens signaturf\u00e4rg Pantone, med detaljerad f\u00e4rgmatchning och f\u00e4rgning f\u00f6r att ge liv \u00e5t det \u00e4kta Wolves-guldet igen, medan det mattgl\u00e4nsande tyget p\u00e5 baksidan efterliknar fl\u00f6det och r\u00f6relsen p\u00e5 planen och halsbandet ger en mer personlig touch.<\/p>\n<p>Tips f\u00f6r utskrift: Om namn och nummer p\u00e5 bilden \u00e4r exakt vad du vill ha, beh\u00f6ver du inte ange dem igen. Om inte, ska du ange \u00f6nskat namn och nummer.<\/p>\n<p>Tips f\u00f6r tv\u00e4tt: Det \u00e4r rekommenderat att tv\u00e4tta fotbollstr\u00f6jor f\u00f6r hand. Om du vill anv\u00e4nda tv\u00e4ttmaskinen ska du komma ih\u00e5g att v\u00e4nda fotbollstr\u00f6jorna ut och in och sedan tv\u00e4tta dem. Fyll maskinen med kallt vatten och anv\u00e4nd ett skonsamt program f\u00f6r att b\u00e4ttre skydda f\u00e4rgerna.<\/p>","protected":false},"excerpt":{"rendered":"<p>Denna Castore-tr\u00f6ja, med tr\u00f6jor och strumpor i gammalt guld och svarta shorts, har \u00e5terigen noggrant matchats med klubbens signaturf\u00e4rg Pantone, med detaljerad f\u00e4rgmatchning och f\u00e4rgning f\u00f6r att ge liv \u00e5t det \u00e4kta Wolves-guldet igen, medan det mattgl\u00e4nsande tyget p\u00e5 baksidan efterliknar fl\u00f6det och r\u00f6relsen p\u00e5 planen och halsbandet ger en mer personlig touch.<\/p>","protected":false},"featured_media":7348,"comment_status":"open","ping_status":"closed","template":"","meta":[],"product_brand":[],"product_cat":[69],"product_tag":[20,70,21,22,23,24,71],"class_list":{"0":"post-7316","1":"product","2":"type-product","3":"status-publish","4":"has-post-thumbnail","6":"product_cat-wolverhampton-wanderers","7":"product_tag-coole-fussballtrikots","8":"product_tag-castore-wolves-heimtrikot","9":"product_tag-fussballtrikot-fuer-herren","10":"product_tag-fussballtrikot-guenstig-kaufen","11":"product_tag-fussballtrikot-kurzarm","12":"product_tag-guenstiges-fussballtrikot","13":"product_tag-wolverhampton-wanderers-trikots","15":"first","16":"instock","17":"shipping-taxable","18":"purchasable","19":"product-type-variable"},"_links":{"self":[{"href":"https:\/\/www.billigtrikotde.com\/sv\/wp-json\/wp\/v2\/product\/7316","targetHints":{"allow":["GET"]}}],"collection":[{"href":"https:\/\/www.billigtrikotde.com\/sv\/wp-json\/wp\/v2\/product"}],"about":[{"href":"https:\/\/www.billigtrikotde.com\/sv\/wp-json\/wp\/v2\/types\/product"}],"replies":[{"embeddable":true,"href":"https:\/\/www.billigtrikotde.com\/sv\/wp-json\/wp\/v2\/comments?post=7316"}],"wp:featuredmedia":[{"embeddable":true,"href":"https:\/\/www.billigtrikotde.com\/sv\/wp-json\/wp\/v2\/media\/7348"}],"wp:attachment":[{"href":"https:\/\/www.billigtrikotde.com\/sv\/wp-json\/wp\/v2\/media?parent=7316"}],"wp:term":[{"taxonomy":"product_brand","embeddable":true,"href":"https:\/\/www.billigtrikotde.com\/sv\/wp-json\/wp\/v2\/product_brand?post=7316"},{"taxonomy":"product_cat","embeddable":true,"href":"https:\/\/www.billigtrikotde.com\/sv\/wp-json\/wp\/v2\/product_cat?post=7316"},{"taxonomy":"product_tag","embeddable":true,"href":"https:\/\/www.billigtrikotde.com\/sv\/wp-json\/wp\/v2\/product_tag?post=7316"}],"curies":[{"name":"wp","href":"https:\/\/api.w.org\/{rel}","templated":true}]}}