{"id":7268,"date":"2024-10-23T18:21:16","date_gmt":"2024-10-23T16:21:16","guid":{"rendered":"http:\/\/billigtrikots.com\/?post_type=product&#038;p=7268"},"modified":"2024-10-23T18:23:27","modified_gmt":"2024-10-23T16:23:27","slug":"neues-newcastle-united-22-23-heimtrikot-schwarzen-und-weissen-fuer-herren","status":"publish","type":"product","link":"https:\/\/www.billigtrikotde.com\/sv\/neues-newcastle-united-22-23-heimtrikot-schwarzen-und-weissen-fuer-herren\/","title":{"rendered":"Ny Newcastle United 22-23 hemmatr\u00f6ja svart och vit f\u00f6r herrar"},"content":{"rendered":"<p>Castore Newcastle 2022-2023-tr\u00f6jan introducerar ett klassiskt utseende med tunnare svarta och vita r\u00e4nder \u00e4n den nuvarande s\u00e4songen, som forts\u00e4tter nerf\u00f6r \u00e4rmarna och till synes p\u00e5 baksidan.Kragen och manschetterna p\u00e5 Castore Newcastle 22-23 hemmatr\u00f6ja \u00e4r vita med en svart linje genom mitten, medan Castore-logotypen \u00e4r bl\u00e5.<\/p>\n<p>Tips f\u00f6r utskrift: Om namn och nummer p\u00e5 bilden \u00e4r exakt vad du vill ha, beh\u00f6ver du inte ange dem igen. Om inte, ska du ange \u00f6nskat namn och nummer.<\/p>\n<p>Tips f\u00f6r tv\u00e4tt: Det \u00e4r rekommenderat att tv\u00e4tta fotbollstr\u00f6jor f\u00f6r hand. Om du vill anv\u00e4nda tv\u00e4ttmaskinen ska du komma ih\u00e5g att v\u00e4nda fotbollstr\u00f6jorna ut och in och sedan tv\u00e4tta dem. Fyll maskinen med kallt vatten och anv\u00e4nd ett skonsamt program f\u00f6r att b\u00e4ttre skydda f\u00e4rgerna.<\/p>","protected":false},"excerpt":{"rendered":"<p>Castore Newcastle 2022-2023-tr\u00f6jan introducerar ett klassiskt utseende med tunnare svarta och vita r\u00e4nder \u00e4n den nuvarande s\u00e4songen, som forts\u00e4tter nerf\u00f6r \u00e4rmarna och till synes p\u00e5 baksidan.Kragen och manschetterna p\u00e5 Castore Newcastle 22-23 hemmatr\u00f6ja \u00e4r vita med en svart linje genom mitten, medan Castore-logotypen \u00e4r bl\u00e5.<\/p>","protected":false},"featured_media":7300,"comment_status":"open","ping_status":"closed","template":"","meta":[],"product_brand":[],"product_cat":[313],"product_tag":[20,21,22,23,24,314,315],"class_list":{"0":"post-7268","1":"product","2":"type-product","3":"status-publish","4":"has-post-thumbnail","6":"product_cat-newcastle-united","7":"product_tag-coole-fussballtrikots","8":"product_tag-fussballtrikot-fuer-herren","9":"product_tag-fussballtrikot-guenstig-kaufen","10":"product_tag-fussballtrikot-kurzarm","11":"product_tag-guenstiges-fussballtrikot","12":"product_tag-newcastle-united-22-23-kit","13":"product_tag-newcastle-united-22-23-trikot","15":"first","16":"instock","17":"shipping-taxable","18":"purchasable","19":"product-type-variable"},"_links":{"self":[{"href":"https:\/\/www.billigtrikotde.com\/sv\/wp-json\/wp\/v2\/product\/7268","targetHints":{"allow":["GET"]}}],"collection":[{"href":"https:\/\/www.billigtrikotde.com\/sv\/wp-json\/wp\/v2\/product"}],"about":[{"href":"https:\/\/www.billigtrikotde.com\/sv\/wp-json\/wp\/v2\/types\/product"}],"replies":[{"embeddable":true,"href":"https:\/\/www.billigtrikotde.com\/sv\/wp-json\/wp\/v2\/comments?post=7268"}],"wp:featuredmedia":[{"embeddable":true,"href":"https:\/\/www.billigtrikotde.com\/sv\/wp-json\/wp\/v2\/media\/7300"}],"wp:attachment":[{"href":"https:\/\/www.billigtrikotde.com\/sv\/wp-json\/wp\/v2\/media?parent=7268"}],"wp:term":[{"taxonomy":"product_brand","embeddable":true,"href":"https:\/\/www.billigtrikotde.com\/sv\/wp-json\/wp\/v2\/product_brand?post=7268"},{"taxonomy":"product_cat","embeddable":true,"href":"https:\/\/www.billigtrikotde.com\/sv\/wp-json\/wp\/v2\/product_cat?post=7268"},{"taxonomy":"product_tag","embeddable":true,"href":"https:\/\/www.billigtrikotde.com\/sv\/wp-json\/wp\/v2\/product_tag?post=7268"}],"curies":[{"name":"wp","href":"https:\/\/api.w.org\/{rel}","templated":true}]}}