{"id":7258,"date":"2024-10-23T18:20:40","date_gmt":"2024-10-23T16:20:40","guid":{"rendered":"http:\/\/billigtrikots.com\/?post_type=product&#038;p=7258"},"modified":"2024-10-23T18:22:54","modified_gmt":"2024-10-23T16:22:54","slug":"neue-rb-leipzig-auswaertstrikot-fuer-2022-23-rot-guenstig-fussballtrikots-set","status":"publish","type":"product","link":"https:\/\/www.billigtrikotde.com\/sv\/neue-rb-leipzig-auswaertstrikot-fuer-2022-23-rot-guenstig-fussballtrikots-set\/","title":{"rendered":"Nya RB Leipzig Bortakit f\u00f6r 2022-23 R\u00f6d Billiga Fotbollstr\u00f6jor Set"},"content":{"rendered":"<p>Nike RasenBallsport Leipzig 2022-2023 Away Jersey kombinerar tv\u00e5 nyanser av r\u00f6tt och \u00e4r \u00f6verv\u00e4gande ljusr\u00f6d med ett m\u00f6nstertryck p\u00e5 framsidan i en m\u00f6rkare nyans.kragen och manschetterna p\u00e5 Nike RasenBallsport Leipzig 2022-2023 Away Jersey har samma m\u00f6rkare r\u00f6da f\u00e4rg, medan Nike Swoosh \u00e4r vit f\u00f6r att matcha klubbm\u00e4rket.<br \/>\nDet h\u00e4r \u00e4r f\u00f6rsta g\u00e5ngen under Nike x Leipzig-eran som Nike har producerat en skr\u00e4ddarsydd r\u00f6d tr\u00f6ja f\u00f6r klubben.<\/p>\n<p>Tips f\u00f6r utskrift: Om namn och nummer p\u00e5 bilden \u00e4r exakt vad du vill ha, beh\u00f6ver du inte ange dem igen. Om inte, ska du ange \u00f6nskat namn och nummer.<\/p>\n<p>Tips f\u00f6r tv\u00e4tt: Det \u00e4r rekommenderat att tv\u00e4tta fotbollstr\u00f6jor f\u00f6r hand. Om du vill anv\u00e4nda tv\u00e4ttmaskinen ska du komma ih\u00e5g att v\u00e4nda fotbollstr\u00f6jorna ut och in och sedan tv\u00e4tta dem. Fyll maskinen med kallt vatten och anv\u00e4nd ett skonsamt program f\u00f6r att b\u00e4ttre skydda f\u00e4rgerna.<\/p>","protected":false},"excerpt":{"rendered":"<p>Nike RasenBallsport Leipzig 2022-2023 Away Jersey kombinerar tv\u00e5 nyanser av r\u00f6tt och \u00e4r \u00f6verv\u00e4gande ljusr\u00f6d med ett m\u00f6nstertryck p\u00e5 framsidan i en m\u00f6rkare nyans.kragen och manschetterna p\u00e5 Nike RasenBallsport Leipzig 2022-2023 Away Jersey har samma m\u00f6rkare r\u00f6da f\u00e4rg, medan Nike Swoosh \u00e4r vit f\u00f6r att matcha klubbm\u00e4rket.<\/p>","protected":false},"featured_media":7297,"comment_status":"open","ping_status":"closed","template":"","meta":[],"product_brand":[],"product_cat":[185],"product_tag":[20,21,22,23,24,186,312,187],"class_list":{"0":"post-7258","1":"product","2":"type-product","3":"status-publish","4":"has-post-thumbnail","6":"product_cat-rb-leipzig","7":"product_tag-coole-fussballtrikots","8":"product_tag-fussballtrikot-fuer-herren","9":"product_tag-fussballtrikot-guenstig-kaufen","10":"product_tag-fussballtrikot-kurzarm","11":"product_tag-guenstiges-fussballtrikot","12":"product_tag-rb-leipzig-auswaertstrikot","13":"product_tag-rb-leipzig-auswaertstrikot-2022-23","14":"product_tag-rb-leipzig-trikots","16":"first","17":"instock","18":"shipping-taxable","19":"purchasable","20":"product-type-variable"},"_links":{"self":[{"href":"https:\/\/www.billigtrikotde.com\/sv\/wp-json\/wp\/v2\/product\/7258","targetHints":{"allow":["GET"]}}],"collection":[{"href":"https:\/\/www.billigtrikotde.com\/sv\/wp-json\/wp\/v2\/product"}],"about":[{"href":"https:\/\/www.billigtrikotde.com\/sv\/wp-json\/wp\/v2\/types\/product"}],"replies":[{"embeddable":true,"href":"https:\/\/www.billigtrikotde.com\/sv\/wp-json\/wp\/v2\/comments?post=7258"}],"wp:featuredmedia":[{"embeddable":true,"href":"https:\/\/www.billigtrikotde.com\/sv\/wp-json\/wp\/v2\/media\/7297"}],"wp:attachment":[{"href":"https:\/\/www.billigtrikotde.com\/sv\/wp-json\/wp\/v2\/media?parent=7258"}],"wp:term":[{"taxonomy":"product_brand","embeddable":true,"href":"https:\/\/www.billigtrikotde.com\/sv\/wp-json\/wp\/v2\/product_brand?post=7258"},{"taxonomy":"product_cat","embeddable":true,"href":"https:\/\/www.billigtrikotde.com\/sv\/wp-json\/wp\/v2\/product_cat?post=7258"},{"taxonomy":"product_tag","embeddable":true,"href":"https:\/\/www.billigtrikotde.com\/sv\/wp-json\/wp\/v2\/product_tag?post=7258"}],"curies":[{"name":"wp","href":"https:\/\/api.w.org\/{rel}","templated":true}]}}