{"id":7224,"date":"2024-10-23T18:19:01","date_gmt":"2024-10-23T16:19:01","guid":{"rendered":"http:\/\/billigtrikots.com\/?post_type=product&#038;p=7224"},"modified":"2024-10-23T18:21:08","modified_gmt":"2024-10-23T16:21:08","slug":"neues-kinder-chelsea-fc-2022-23-heimtrikot-blau-trikotsatz-mit-aufdruck-werner-11","status":"publish","type":"product","link":"https:\/\/www.billigtrikotde.com\/sv\/neues-kinder-chelsea-fc-2022-23-heimtrikot-blau-trikotsatz-mit-aufdruck-werner-11\/","title":{"rendered":"Nya Barn Chelsea FC 2022\/23 Hemmatr\u00f6ja Bl\u00e5 Trikot med tryck WERNER 11"},"content":{"rendered":"<p>Som andra matchtr\u00f6jor fr\u00e5n v\u00e5r Stadium-kollektion kombinerar denna tr\u00f6ja efterbildade designdetaljer med svettavledande teknologi f\u00f6r att ge dig ett spelklart utseende som \u00e4r inspirerat av ditt favoritlag. Denna produkt best\u00e5r till 100 % av \u00e5tervunna polyesterfibrer.<br \/>\nTr\u00f6jan \u00e4r i den karakteristiska hemmabl\u00e5 f\u00e4rgen f\u00f6r det sexfaldiga vinnaren av den engelska Premier League och den tv\u00e5faldiga vinnaren av UEFA Champions League. Den \u00e4r en hyllning till den legendariske Chelsea FC-managern Ted Drake. Detta inkluderar CFC:s smeknamn \u201dThe Blues\u201d p\u00e5 detaljeringen av skjortknappen. Drake ledde inf\u00f6randet av smeknamnet ist\u00e4llet f\u00f6r det tidigare informella namnet p\u00e5 klubben \u201dThe Pensioners\u201d. Chelsea herrlag kommer att debutera sin hemtr\u00f6ja f\u00f6r s\u00e4songen 22\/23 under deras kommande turn\u00e9 i USA. Blues m\u00f6ter Club America, Charlotte FC och Arsenal medan de f\u00f6rbereder sig f\u00f6r sin f\u00f6rsta s\u00e4song under amerikansk ledning.<\/p>\n<p>Tips f\u00f6r utskrift: Om namn och nummer p\u00e5 bilden \u00e4r exakt vad du vill ha, beh\u00f6ver du inte ange dem igen. Om inte, ska du ange \u00f6nskat namn och nummer.<\/p>\n<p>Tips f\u00f6r tv\u00e4tt: Det \u00e4r rekommenderat att tv\u00e4tta fotbollstr\u00f6jor f\u00f6r hand. Om du vill anv\u00e4nda tv\u00e4ttmaskinen ska du komma ih\u00e5g att v\u00e4nda fotbollstr\u00f6jorna ut och in och sedan tv\u00e4tta dem. Fyll maskinen med kallt vatten och anv\u00e4nd ett skonsamt program f\u00f6r att b\u00e4ttre skydda f\u00e4rgerna.<\/p>","protected":false},"excerpt":{"rendered":"<p>Liksom andra tr\u00f6jor fr\u00e5n v\u00e5r Stadium-kollektion kombinerar denna tr\u00f6ja ocks\u00e5 efterbildade designdetaljer med svettavledande teknik f\u00f6r att ge dig ett spelklart utseende som inspirerats av ditt favoritlag. Denna produkt best\u00e5r till 100 % av \u00e5tervunna polyesterfibrer. Tr\u00f6jan \u00e4r i den karakteristiska hemmabl\u00e5 f\u00e4rgen f\u00f6r den sexfaldige vinnaren av den engelska Premier League och den tv\u00e5faldige vinnaren av [\u2026]<\/p>","protected":false},"featured_media":7262,"comment_status":"open","ping_status":"closed","template":"","meta":[],"product_brand":[],"product_cat":[162],"product_tag":[20,311,164,73,163,21,22,23,24,94],"class_list":{"0":"post-7224","1":"product","2":"type-product","3":"status-publish","4":"has-post-thumbnail","6":"product_cat-chelsea-kindertrikot","7":"product_tag-coole-fussballtrikots","8":"product_tag-chelsea-fc-2022-23-kinder-trikot","9":"product_tag-chelsea-heimtrikot","10":"product_tag-chelsea-trikots","11":"product_tag-chelsea-trikotsatz-fuer-kinder","12":"product_tag-fussballtrikot-fuer-herren","13":"product_tag-fussballtrikot-guenstig-kaufen","14":"product_tag-fussballtrikot-kurzarm","15":"product_tag-guenstiges-fussballtrikot","16":"product_tag-kinder-fussball-trikotsatz","18":"first","19":"instock","20":"shipping-taxable","21":"purchasable","22":"product-type-variable"},"_links":{"self":[{"href":"https:\/\/www.billigtrikotde.com\/sv\/wp-json\/wp\/v2\/product\/7224","targetHints":{"allow":["GET"]}}],"collection":[{"href":"https:\/\/www.billigtrikotde.com\/sv\/wp-json\/wp\/v2\/product"}],"about":[{"href":"https:\/\/www.billigtrikotde.com\/sv\/wp-json\/wp\/v2\/types\/product"}],"replies":[{"embeddable":true,"href":"https:\/\/www.billigtrikotde.com\/sv\/wp-json\/wp\/v2\/comments?post=7224"}],"wp:featuredmedia":[{"embeddable":true,"href":"https:\/\/www.billigtrikotde.com\/sv\/wp-json\/wp\/v2\/media\/7262"}],"wp:attachment":[{"href":"https:\/\/www.billigtrikotde.com\/sv\/wp-json\/wp\/v2\/media?parent=7224"}],"wp:term":[{"taxonomy":"product_brand","embeddable":true,"href":"https:\/\/www.billigtrikotde.com\/sv\/wp-json\/wp\/v2\/product_brand?post=7224"},{"taxonomy":"product_cat","embeddable":true,"href":"https:\/\/www.billigtrikotde.com\/sv\/wp-json\/wp\/v2\/product_cat?post=7224"},{"taxonomy":"product_tag","embeddable":true,"href":"https:\/\/www.billigtrikotde.com\/sv\/wp-json\/wp\/v2\/product_tag?post=7224"}],"curies":[{"name":"wp","href":"https:\/\/api.w.org\/{rel}","templated":true}]}}