{"id":7172,"date":"2024-10-23T18:16:47","date_gmt":"2024-10-23T16:16:47","guid":{"rendered":"http:\/\/billigtrikots.com\/?post_type=product&#038;p=7172"},"modified":"2024-10-23T18:18:49","modified_gmt":"2024-10-23T16:18:49","slug":"herren-chelsea-fc-22-23-heimtrikot-blau-kurzarm-kurze-hosen-werner-11","status":"publish","type":"product","link":"https:\/\/www.billigtrikotde.com\/sv\/herren-chelsea-fc-22-23-heimtrikot-blau-kurzarm-kurze-hosen-werner-11\/","title":{"rendered":"Herr Chelsea FC 22-23 hemmatr\u00f6ja bl\u00e5 kort\u00e4rmad + shorts WERNER 11"},"content":{"rendered":"<p>Nike Chelsea 22-23-tr\u00f6jan presenterades officiellt i morse. Huvuddraget f\u00f6r den nya Chelsea-hemmatr\u00f6jan \u00e4r den vita kragen med turkos dekorativ kant. Detta \u00e4r den nya Nike Chelsea-tr\u00f6jan f\u00f6r 2022-23. Till skillnad fr\u00e5n Chelsea 21-22-tr\u00f6jan \u00e4r Nike Chelsea FC 2022-23-tr\u00f6jan helt bl\u00e5 med en vit\/turkosf\u00e4rgad Henley-krage. P\u00e5 den vita halskragen syns ett turkosf\u00e4rgat lejonm\u00f6nster. Samma m\u00f6nster finns ocks\u00e5 p\u00e5 Chelsea 22-23 Pre-Match-tr\u00f6jan samt p\u00e5 andra delar av kollektionen.<\/p>\n<p>Tips f\u00f6r utskrift: Om namn och nummer p\u00e5 bilden \u00e4r exakt vad du vill ha, beh\u00f6ver du inte ange dem igen. Om inte, ska du ange \u00f6nskat namn och nummer.<\/p>\n<p>Tips f\u00f6r tv\u00e4tt: Det \u00e4r rekommenderat att tv\u00e4tta fotbollstr\u00f6jor f\u00f6r hand. Om du vill anv\u00e4nda tv\u00e4ttmaskinen ska du komma ih\u00e5g att v\u00e4nda fotbollstr\u00f6jorna ut och in och sedan tv\u00e4tta dem. Fyll maskinen med kallt vatten och anv\u00e4nd ett skonsamt program f\u00f6r att b\u00e4ttre skydda f\u00e4rgerna.<\/p>","protected":false},"excerpt":{"rendered":"<p>Das Nike Chelsea 22-23 Trikot wurde heute Morgen offiziell vorgestellt. Das Hauptmerkmal des neuen Chelsea-Heimtrikots ist der wei\u00dfe Kragen mit t\u00fcrkisfarbener Zierleiste.Dies ist das neue Nike Chelsea Trikot f\u00fcr 2022-23.Im Gegensatz zum Chelsea 21-22 Trikot ist das Nike Chelsea FC 2022-23 Trikot komplett blau mit einem wei\u00df\/t\u00fcrkisfarbenen Henley-Ausschnitt.Auf dem wei\u00dfen Halsausschnitt ist ein t\u00fcrkisfarbenes L\u00f6wenmuster [&hellip;]<\/p>","protected":false},"featured_media":7204,"comment_status":"open","ping_status":"closed","template":"","meta":[],"product_brand":[],"product_cat":[72],"product_tag":[20,308,309,310,73,21,24],"class_list":{"0":"post-7172","1":"product","2":"type-product","3":"status-publish","4":"has-post-thumbnail","6":"product_cat-chelsea","7":"product_tag-coole-fussballtrikots","8":"product_tag-chelsea-fc-22-23-trikot-deutschland","9":"product_tag-chelsea-fc-22-23-trikot-guenstig","10":"product_tag-chelsea-fc-22-23-trikot-kaufen","11":"product_tag-chelsea-trikots","12":"product_tag-fussballtrikot-fuer-herren","13":"product_tag-guenstiges-fussballtrikot","15":"first","16":"instock","17":"shipping-taxable","18":"purchasable","19":"product-type-variable"},"_links":{"self":[{"href":"https:\/\/www.billigtrikotde.com\/sv\/wp-json\/wp\/v2\/product\/7172","targetHints":{"allow":["GET"]}}],"collection":[{"href":"https:\/\/www.billigtrikotde.com\/sv\/wp-json\/wp\/v2\/product"}],"about":[{"href":"https:\/\/www.billigtrikotde.com\/sv\/wp-json\/wp\/v2\/types\/product"}],"replies":[{"embeddable":true,"href":"https:\/\/www.billigtrikotde.com\/sv\/wp-json\/wp\/v2\/comments?post=7172"}],"wp:featuredmedia":[{"embeddable":true,"href":"https:\/\/www.billigtrikotde.com\/sv\/wp-json\/wp\/v2\/media\/7204"}],"wp:attachment":[{"href":"https:\/\/www.billigtrikotde.com\/sv\/wp-json\/wp\/v2\/media?parent=7172"}],"wp:term":[{"taxonomy":"product_brand","embeddable":true,"href":"https:\/\/www.billigtrikotde.com\/sv\/wp-json\/wp\/v2\/product_brand?post=7172"},{"taxonomy":"product_cat","embeddable":true,"href":"https:\/\/www.billigtrikotde.com\/sv\/wp-json\/wp\/v2\/product_cat?post=7172"},{"taxonomy":"product_tag","embeddable":true,"href":"https:\/\/www.billigtrikotde.com\/sv\/wp-json\/wp\/v2\/product_tag?post=7172"}],"curies":[{"name":"wp","href":"https:\/\/api.w.org\/{rel}","templated":true}]}}