{"id":7150,"date":"2024-10-23T18:15:40","date_gmt":"2024-10-23T16:15:40","guid":{"rendered":"http:\/\/billigtrikots.com\/?post_type=product&#038;p=7150"},"modified":"2024-11-18T15:48:08","modified_gmt":"2024-11-18T14:48:08","slug":"ajax-amsterdam-heimtrikot-2022-23-weiss-rot-trikotsatz-kurzarm-kurze-hosen-herren","status":"publish","type":"product","link":"https:\/\/www.billigtrikotde.com\/sv\/ajax-amsterdam-heimtrikot-2022-23-weiss-rot-trikotsatz-kurzarm-kurze-hosen-herren\/","title":{"rendered":"Ajax Bob Marley Jersey K\u00f6p 2022\/23 vit r\u00f6d Shorts + Shorts Herrtr\u00f6ja"},"content":{"rendered":"<p>F\u00e4rgerna i en gemenskap. Den omtolkade versionen av en av fotbollens mest legendariska klubbar \u00e4r inspirerad av Amsterdams flagga. Denna Ajax Amsterdam hemmatr\u00f6ja \u00e4r designad f\u00f6r b\u00e5de gatan och planen och erbjuder dig exceptionell komfort tack vare sitt mjuka, svettavledande tyg. \"XXX\"-bokst\u00e4verna ger den sista touchen.<\/p>\n<p>Tips f\u00f6r utskrift: Om namn och nummer p\u00e5 bilden \u00e4r exakt vad du vill ha, beh\u00f6ver du inte ange dem igen. Om inte, ska du ange \u00f6nskat namn och nummer.<\/p>\n<p>Tips f\u00f6r tv\u00e4tt: Det \u00e4r rekommenderat att tv\u00e4tta fotbollstr\u00f6jor f\u00f6r hand. Om du vill anv\u00e4nda tv\u00e4ttmaskinen ska du komma ih\u00e5g att v\u00e4nda fotbollstr\u00f6jorna ut och in och sedan tv\u00e4tta dem. Fyll maskinen med kallt vatten och anv\u00e4nd ett skonsamt program f\u00f6r att b\u00e4ttre skydda f\u00e4rgerna.<\/p>","protected":false},"excerpt":{"rendered":"<p>F\u00e4rgerna hos ett samh\u00e4lle. Den nytolkade versionen av en av fotbollens legendariska klubbar \u00e4r inspirerad av Amsterdams flagga. designad f\u00f6r gatan s\u00e5v\u00e4l som planen, erbjuder denna Ajax Amsterdam hemmatr\u00f6ja dig exceptionell komfort tack vare sitt mjuka, fuktavledande material. Texten 'XXX' avslutar. Tips f\u00f6r tryck: Om namn och detsamma \u2026<\/p>","protected":false},"featured_media":7189,"comment_status":"open","ping_status":"closed","template":"","meta":[],"product_brand":[],"product_cat":[299],"product_tag":[1372,301,20,21,22,23,24],"class_list":{"0":"post-7150","1":"product","2":"type-product","3":"status-publish","4":"has-post-thumbnail","6":"product_cat-afc-ajax","7":"product_tag-ajax-amsterdam-trikot","8":"product_tag-ajax-trikots","9":"product_tag-coole-fussballtrikots","10":"product_tag-fussballtrikot-fuer-herren","11":"product_tag-fussballtrikot-guenstig-kaufen","12":"product_tag-fussballtrikot-kurzarm","13":"product_tag-guenstiges-fussballtrikot","15":"first","16":"instock","17":"shipping-taxable","18":"purchasable","19":"product-type-variable"},"_links":{"self":[{"href":"https:\/\/www.billigtrikotde.com\/sv\/wp-json\/wp\/v2\/product\/7150","targetHints":{"allow":["GET"]}}],"collection":[{"href":"https:\/\/www.billigtrikotde.com\/sv\/wp-json\/wp\/v2\/product"}],"about":[{"href":"https:\/\/www.billigtrikotde.com\/sv\/wp-json\/wp\/v2\/types\/product"}],"replies":[{"embeddable":true,"href":"https:\/\/www.billigtrikotde.com\/sv\/wp-json\/wp\/v2\/comments?post=7150"}],"wp:featuredmedia":[{"embeddable":true,"href":"https:\/\/www.billigtrikotde.com\/sv\/wp-json\/wp\/v2\/media\/7189"}],"wp:attachment":[{"href":"https:\/\/www.billigtrikotde.com\/sv\/wp-json\/wp\/v2\/media?parent=7150"}],"wp:term":[{"taxonomy":"product_brand","embeddable":true,"href":"https:\/\/www.billigtrikotde.com\/sv\/wp-json\/wp\/v2\/product_brand?post=7150"},{"taxonomy":"product_cat","embeddable":true,"href":"https:\/\/www.billigtrikotde.com\/sv\/wp-json\/wp\/v2\/product_cat?post=7150"},{"taxonomy":"product_tag","embeddable":true,"href":"https:\/\/www.billigtrikotde.com\/sv\/wp-json\/wp\/v2\/product_tag?post=7150"}],"curies":[{"name":"wp","href":"https:\/\/api.w.org\/{rel}","templated":true}]}}