{"id":7148,"date":"2024-10-23T18:15:38","date_gmt":"2024-10-23T16:15:38","guid":{"rendered":"http:\/\/billigtrikots.com\/?post_type=product&#038;p=7148"},"modified":"2024-11-18T15:54:50","modified_gmt":"2024-11-18T14:54:50","slug":"herren-fussball-ajax-amsterdam-trickot-2022-23-auswaertstrikot-navy-blau-online-kaufen","status":"publish","type":"product","link":"https:\/\/www.billigtrikotde.com\/sv\/herren-fussball-ajax-amsterdam-trickot-2022-23-auswaertstrikot-navy-blau-online-kaufen\/","title":{"rendered":"Herr Fotboll Ajax Amsterdam Tr\u00f6ja 2022-23 Bortatr\u00f6ja Marinbl\u00e5 K\u00f6pa Online"},"content":{"rendered":"<p>Adidas- och Ziggo-logotyperna p\u00e5 framsidan av Ajax nya bortatriklot 2022-2023 \u00e4r guldgula, medan de 3 r\u00e4nderna p\u00e5 axlarna \u00e4r r\u00f6da. Ajax-emblemet sj\u00e4lv \u00e4r uppdelat mellan de tv\u00e5 f\u00e4rgerna \u2013 gult f\u00f6r emblemet och r\u00f6tt f\u00f6r stj\u00e4rnorna.<\/p>\n<p>Medan framsidan av Adidas Ajax 22-23 bortatrikots \u00e4r enf\u00e4rgad, framtr\u00e4der kragen med ett geometriskt stickm\u00f6nster, ocks\u00e5 i r\u00f6tt och gult. Samma m\u00f6nster \u00e5terfinns \u00e4ven p\u00e5 \u00e4rmarnas muddar p\u00e5 det nya Ajax-bortatrikots.<\/p>\n<p>Ett s\u00e4rskilt Jock-tag med Amsterdams flagga i bl\u00e5 nyanser finns l\u00e4ngst ner till h\u00f6ger p\u00e5 Ajax 2022-2023 bortatrikot.<\/p>\n<p>Tips f\u00f6r utskrift: Om namn och nummer p\u00e5 bilden \u00e4r exakt vad du vill ha, beh\u00f6ver du inte ange dem igen. Om inte, ska du ange \u00f6nskat namn och nummer.<\/p>\n<p>Tips f\u00f6r tv\u00e4tt: Det \u00e4r rekommenderat att tv\u00e4tta fotbollstr\u00f6jor f\u00f6r hand. Om du vill anv\u00e4nda tv\u00e4ttmaskinen ska du komma ih\u00e5g att v\u00e4nda fotbollstr\u00f6jorna ut och in och sedan tv\u00e4tta dem. Fyll maskinen med kallt vatten och anv\u00e4nd ett skonsamt program f\u00f6r att b\u00e4ttre skydda f\u00e4rgerna.<\/p>","protected":false},"excerpt":{"rendered":"<p>Adidas- och Ziggo-logotyperna p\u00e5 framsidan av Ajax:s nya borta tr\u00f6ja f\u00f6r s\u00e4songen 2022-2023 \u00e4r gyllengula, medan 3 randarna p\u00e5 axlarna \u00e4r r\u00f6da. Ajax-emblemet sj\u00e4lv \u00e4r uppdelat mellan de tv\u00e5 f\u00e4rgerna \u2013 gult f\u00f6r m\u00e4rket och r\u00f6tt f\u00f6r stj\u00e4rnorna. Medan framsidan av Adidas Ajax 22-23 bortatr\u00f6jan \u00e4r enf\u00e4rgad, sticker kragen ut \u2013<\/p>","protected":false},"featured_media":7180,"comment_status":"open","ping_status":"closed","template":"","meta":[],"product_brand":[],"product_cat":[299],"product_tag":[1372,300,301,20,21,22,23,24],"class_list":{"0":"post-7148","1":"product","2":"type-product","3":"status-publish","4":"has-post-thumbnail","6":"product_cat-afc-ajax","7":"product_tag-ajax-amsterdam-trikot","8":"product_tag-ajax-auswaertstrikot","9":"product_tag-ajax-trikots","10":"product_tag-coole-fussballtrikots","11":"product_tag-fussballtrikot-fuer-herren","12":"product_tag-fussballtrikot-guenstig-kaufen","13":"product_tag-fussballtrikot-kurzarm","14":"product_tag-guenstiges-fussballtrikot","16":"first","17":"instock","18":"shipping-taxable","19":"purchasable","20":"product-type-variable"},"_links":{"self":[{"href":"https:\/\/www.billigtrikotde.com\/sv\/wp-json\/wp\/v2\/product\/7148","targetHints":{"allow":["GET"]}}],"collection":[{"href":"https:\/\/www.billigtrikotde.com\/sv\/wp-json\/wp\/v2\/product"}],"about":[{"href":"https:\/\/www.billigtrikotde.com\/sv\/wp-json\/wp\/v2\/types\/product"}],"replies":[{"embeddable":true,"href":"https:\/\/www.billigtrikotde.com\/sv\/wp-json\/wp\/v2\/comments?post=7148"}],"wp:featuredmedia":[{"embeddable":true,"href":"https:\/\/www.billigtrikotde.com\/sv\/wp-json\/wp\/v2\/media\/7180"}],"wp:attachment":[{"href":"https:\/\/www.billigtrikotde.com\/sv\/wp-json\/wp\/v2\/media?parent=7148"}],"wp:term":[{"taxonomy":"product_brand","embeddable":true,"href":"https:\/\/www.billigtrikotde.com\/sv\/wp-json\/wp\/v2\/product_brand?post=7148"},{"taxonomy":"product_cat","embeddable":true,"href":"https:\/\/www.billigtrikotde.com\/sv\/wp-json\/wp\/v2\/product_cat?post=7148"},{"taxonomy":"product_tag","embeddable":true,"href":"https:\/\/www.billigtrikotde.com\/sv\/wp-json\/wp\/v2\/product_tag?post=7148"}],"curies":[{"name":"wp","href":"https:\/\/api.w.org\/{rel}","templated":true}]}}