{"id":7078,"date":"2024-10-23T18:12:19","date_gmt":"2024-10-23T16:12:19","guid":{"rendered":"http:\/\/billigtrikots.com\/?post_type=product&#038;p=7078"},"modified":"2024-10-23T18:14:24","modified_gmt":"2024-10-23T16:14:24","slug":"herren-inter-mailand-22-23-auswaertstrikot-deutschland-weiss-bestellen-mit-aufdruck-pirola-31","status":"publish","type":"product","link":"https:\/\/www.billigtrikotde.com\/sv\/herren-inter-mailand-22-23-auswaertstrikot-deutschland-weiss-bestellen-mit-aufdruck-pirola-31\/","title":{"rendered":"Herrar Inter Milan 22-23 Bortatr\u00f6ja Tyskland Vit Order med tryck PIROLA 31"},"content":{"rendered":"<p>Nike Inter 22-23 Borta-tr\u00f6jan kombinerar ett vitt grundmaterial med \u201eLight Aqua\u201c f\u00f6r en all-over-grafik och svart f\u00f6r varum\u00e4rkes- och sponsorlgo. Det ing\u00e5r ocks\u00e5 Inter-emblemet, som har f\u00e4rgats om i turkos och vitt med svart kant, i linje med f\u00e4rgschemat f\u00f6r hela tr\u00f6jan.<\/p>\n<p>Det mest i\u00f6gonfallande draget hos den nya Inter 22-borta-tr\u00f6jan \u00e4r s\u00e4kert grafiken, som vid n\u00e4rmare eftertanke visar en v\u00e4rldskarta d\u00e4r Italien och Milano \u00e4r direkt under klubbens emblem. Detta \u00e4r en h\u00e4nvisning till Inter:s historia som klubb, som alltid har tagit emot b\u00e5de italienare och utl\u00e4ndska spelare utan begr\u00e4nsningar. Inter 22-23 Borta-tr\u00f6jan kommer att finnas tillg\u00e4nglig fr\u00e5n b\u00f6rjan av september 2022.<\/p>\n<p>Nike Inter 22-23 Borta-tr\u00f6jan kombinerar ett vitt grundmaterial med \u201eLight Aqua\u201c f\u00f6r en genomg\u00e5ende grafik och svart f\u00f6r varum\u00e4rkes- och sponsorlgo.<\/p>\n<p>Tips f\u00f6r utskrift: Om namn och nummer p\u00e5 bilden \u00e4r exakt vad du vill ha, beh\u00f6ver du inte ange dem igen. Om inte, ska du ange \u00f6nskat namn och nummer.<\/p>\n<p>Tips f\u00f6r tv\u00e4tt: Det \u00e4r rekommenderat att tv\u00e4tta fotbollstr\u00f6jor f\u00f6r hand. Om du vill anv\u00e4nda tv\u00e4ttmaskinen ska du komma ih\u00e5g att v\u00e4nda fotbollstr\u00f6jorna ut och in och sedan tv\u00e4tta dem. Fyll maskinen med kallt vatten och anv\u00e4nd ett skonsamt program f\u00f6r att b\u00e4ttre skydda f\u00e4rgerna.<\/p>","protected":false},"excerpt":{"rendered":"<p>Nikes Inter 22-23 borta-tr\u00f6ja kombinerar ett vitt grundmaterial med \u201dLight Aqua\u201d f\u00f6r en All-Over-grafik och svart f\u00f6r varum\u00e4rkes- och sponsorarlogor. Till detta h\u00f6r \u00e4ven Inter-emblemet, som har f\u00e4rgats om i turkos och vitt med svart kontur, i linje med f\u00e4rgschemat f\u00f6r hela tr\u00f6jan. Det mest i\u00f6gonfallande k\u00e4nnetecknet hos den nya Inter 22-borta-tr\u00f6jan \u00e4r s\u00e4kert grafiken, som [\u2026]<\/p>","protected":false},"featured_media":7117,"comment_status":"open","ping_status":"closed","template":"","meta":[],"product_brand":[],"product_cat":[77],"product_tag":[20,21,22,23,24,298,78],"class_list":{"0":"post-7078","1":"product","2":"type-product","3":"status-publish","4":"has-post-thumbnail","6":"product_cat-inter-milan","7":"product_tag-coole-fussballtrikots","8":"product_tag-fussballtrikot-fuer-herren","9":"product_tag-fussballtrikot-guenstig-kaufen","10":"product_tag-fussballtrikot-kurzarm","11":"product_tag-guenstiges-fussballtrikot","12":"product_tag-inter-mailand-22-23-auswaertstrikot","13":"product_tag-inter-milan-trikots","15":"first","16":"instock","17":"shipping-taxable","18":"purchasable","19":"product-type-variable"},"_links":{"self":[{"href":"https:\/\/www.billigtrikotde.com\/sv\/wp-json\/wp\/v2\/product\/7078","targetHints":{"allow":["GET"]}}],"collection":[{"href":"https:\/\/www.billigtrikotde.com\/sv\/wp-json\/wp\/v2\/product"}],"about":[{"href":"https:\/\/www.billigtrikotde.com\/sv\/wp-json\/wp\/v2\/types\/product"}],"replies":[{"embeddable":true,"href":"https:\/\/www.billigtrikotde.com\/sv\/wp-json\/wp\/v2\/comments?post=7078"}],"wp:featuredmedia":[{"embeddable":true,"href":"https:\/\/www.billigtrikotde.com\/sv\/wp-json\/wp\/v2\/media\/7117"}],"wp:attachment":[{"href":"https:\/\/www.billigtrikotde.com\/sv\/wp-json\/wp\/v2\/media?parent=7078"}],"wp:term":[{"taxonomy":"product_brand","embeddable":true,"href":"https:\/\/www.billigtrikotde.com\/sv\/wp-json\/wp\/v2\/product_brand?post=7078"},{"taxonomy":"product_cat","embeddable":true,"href":"https:\/\/www.billigtrikotde.com\/sv\/wp-json\/wp\/v2\/product_cat?post=7078"},{"taxonomy":"product_tag","embeddable":true,"href":"https:\/\/www.billigtrikotde.com\/sv\/wp-json\/wp\/v2\/product_tag?post=7078"}],"curies":[{"name":"wp","href":"https:\/\/api.w.org\/{rel}","templated":true}]}}