{"id":7016,"date":"2024-10-23T18:09:32","date_gmt":"2024-10-23T16:09:32","guid":{"rendered":"http:\/\/billigtrikots.com\/?post_type=product&#038;p=7016"},"modified":"2024-10-23T18:11:36","modified_gmt":"2024-10-23T16:11:36","slug":"herren-inter-mailand-2022-2023-heimtrikot-blau-trikotsatz-online-bestellen-mit-aufdruck-lautaro-10","status":"publish","type":"product","link":"https:\/\/www.billigtrikotde.com\/sv\/herren-inter-mailand-2022-2023-heimtrikot-blau-trikotsatz-online-bestellen-mit-aufdruck-lautaro-10\/","title":{"rendered":"Herr Inter Milan 2022-2023 Hemmatr\u00f6ja Bl\u00e5 tr\u00f6ja Onlinebest\u00e4llning med tryck LAUTARO 10"},"content":{"rendered":"<p>Det officiella m\u00e4rket f\u00f6r Coppa Italia-vinnaren, coccarda, \u00e4r ovanligt placerat p\u00e5 den nya Nike Inter Milan-tr\u00f6jan 2022-2023.i Italien har vinnaren av den nationella cupen (Coppa Italia) r\u00e4tt att b\u00e4ra \"coccarda\" n\u00e4sta s\u00e4song. Coccarda (rosett) \u00e4r ett runt m\u00e4rke i Italiens ber\u00f6mda trikolor och \u00e4r placerat l\u00e4ngst upp till h\u00f6ger. Den \u00e4r dock inte placerad symmetriskt ovanf\u00f6r swooshen, utan f\u00f6rskjuten. \u00c5rstiden f\u00f6r den udda placeringen \u00e4r f\u00f6rmodligen mallen med polokragen.vi har gjort tv\u00e5 korrigeringar av placeringen av coccarda. Den ena symmetriskt ovanf\u00f6r swooshen, den andra i mitten.<br \/>\nDe officiella Serie A-dr\u00e4ktbest\u00e4mmelserna f\u00f6reskriver inte placeringen av coccarda och scudetto (Serie A-vinnarens m\u00e4rke). Lagen f\u00e5r placera b\u00e5da var som helst p\u00e5 tr\u00f6jan, inklusive i mitten.Inter kan ha valt att inte placera coccarda i mitten f\u00f6r att undvika f\u00f6rv\u00e4xling med scudetto (Serie A-vinnarens m\u00e4rke), som traditionellt placeras i mitten.De \u00e5r som Juventus vann b\u00e5de Serie A och Coppa Italia placerades ett m\u00e4rke \u00f6ver Adidas-logotypen och det andra \u00f6ver vapnet.<\/p>\n<p>Tips f\u00f6r utskrift: Om namn och nummer p\u00e5 bilden \u00e4r exakt vad du vill ha, beh\u00f6ver du inte ange dem igen. Om inte, ska du ange \u00f6nskat namn och nummer.<\/p>\n<p>Tips f\u00f6r tv\u00e4tt: Det \u00e4r rekommenderat att tv\u00e4tta fotbollstr\u00f6jor f\u00f6r hand. Om du vill anv\u00e4nda tv\u00e4ttmaskinen ska du komma ih\u00e5g att v\u00e4nda fotbollstr\u00f6jorna ut och in och sedan tv\u00e4tta dem. Fyll maskinen med kallt vatten och anv\u00e4nd ett skonsamt program f\u00f6r att b\u00e4ttre skydda f\u00e4rgerna.<\/p>","protected":false},"excerpt":{"rendered":"<p>Auf dem neuen Nike Inter Mailand Trikot 2022-2023 ist das offizielle Abzeichen des Coppa Italia-Siegers, die Coccarda, ungew\u00f6hnlich platziert.In Italien hat der Gewinner des nationalen Pokals (Coppa Italia) das Recht, in der n\u00e4chsten Saison die \u201eCoccarda\u201c zu tragen. Die Coccarda (Rosette) ist ein Rundabzeichen in Italiens ber\u00fchmter Trikolore.Die Coccarda ist oben rechts platziert. Allerdings ist [&hellip;]<\/p>","protected":false},"featured_media":7048,"comment_status":"open","ping_status":"closed","template":"","meta":[],"product_brand":[],"product_cat":[77],"product_tag":[20,21,22,23,24,297,78],"class_list":{"0":"post-7016","1":"product","2":"type-product","3":"status-publish","4":"has-post-thumbnail","6":"product_cat-inter-milan","7":"product_tag-coole-fussballtrikots","8":"product_tag-fussballtrikot-fuer-herren","9":"product_tag-fussballtrikot-guenstig-kaufen","10":"product_tag-fussballtrikot-kurzarm","11":"product_tag-guenstiges-fussballtrikot","12":"product_tag-inter-mailand-heimtrikot","13":"product_tag-inter-milan-trikots","15":"first","16":"instock","17":"shipping-taxable","18":"purchasable","19":"product-type-variable"},"_links":{"self":[{"href":"https:\/\/www.billigtrikotde.com\/sv\/wp-json\/wp\/v2\/product\/7016","targetHints":{"allow":["GET"]}}],"collection":[{"href":"https:\/\/www.billigtrikotde.com\/sv\/wp-json\/wp\/v2\/product"}],"about":[{"href":"https:\/\/www.billigtrikotde.com\/sv\/wp-json\/wp\/v2\/types\/product"}],"replies":[{"embeddable":true,"href":"https:\/\/www.billigtrikotde.com\/sv\/wp-json\/wp\/v2\/comments?post=7016"}],"wp:featuredmedia":[{"embeddable":true,"href":"https:\/\/www.billigtrikotde.com\/sv\/wp-json\/wp\/v2\/media\/7048"}],"wp:attachment":[{"href":"https:\/\/www.billigtrikotde.com\/sv\/wp-json\/wp\/v2\/media?parent=7016"}],"wp:term":[{"taxonomy":"product_brand","embeddable":true,"href":"https:\/\/www.billigtrikotde.com\/sv\/wp-json\/wp\/v2\/product_brand?post=7016"},{"taxonomy":"product_cat","embeddable":true,"href":"https:\/\/www.billigtrikotde.com\/sv\/wp-json\/wp\/v2\/product_cat?post=7016"},{"taxonomy":"product_tag","embeddable":true,"href":"https:\/\/www.billigtrikotde.com\/sv\/wp-json\/wp\/v2\/product_tag?post=7016"}],"curies":[{"name":"wp","href":"https:\/\/api.w.org\/{rel}","templated":true}]}}