{"id":6918,"date":"2024-10-23T18:04:56","date_gmt":"2024-10-23T16:04:56","guid":{"rendered":"http:\/\/billigtrikots.com\/?post_type=product&#038;p=6918"},"modified":"2024-10-23T18:06:34","modified_gmt":"2024-10-23T16:06:34","slug":"herren-ac-milan-heimtrikot-2022-23-schwarz-rot-trikotsatz-bestellen-online-kalulu-86","status":"publish","type":"product","link":"https:\/\/www.billigtrikotde.com\/sv\/herren-ac-milan-heimtrikot-2022-23-schwarz-rot-trikotsatz-bestellen-online-kalulu-86\/","title":{"rendered":"Herr AC Milan Hemmatr\u00f6ja 2022\/23 Svart R\u00f6d Tr\u00f6ja Best\u00e4ll Online KALULU 86"},"content":{"rendered":"<p>Puma Milan 2022-23 fotbollstr\u00f6jan kombinerar Puma Svart och Tango R\u00f6d. Det \u00e4r samma f\u00e4rger som f\u00f6rra s\u00e4songen, bara att svart nu \u00e4r prim\u00e4rf\u00e4rgen och r\u00f6d \u00e4r sekund\u00e4rf\u00e4rgen.<\/p>\n<p>Tips f\u00f6r utskrift: Om namn och nummer p\u00e5 bilden \u00e4r exakt vad du vill ha, beh\u00f6ver du inte ange dem igen. Om inte, ska du ange \u00f6nskat namn och nummer.<\/p>\n<p>Tips f\u00f6r tv\u00e4tt: Det \u00e4r rekommenderat att tv\u00e4tta fotbollstr\u00f6jor f\u00f6r hand. Om du vill anv\u00e4nda tv\u00e4ttmaskinen ska du komma ih\u00e5g att v\u00e4nda fotbollstr\u00f6jorna ut och in och sedan tv\u00e4tta dem. Fyll maskinen med kallt vatten och anv\u00e4nd ett skonsamt program f\u00f6r att b\u00e4ttre skydda f\u00e4rgerna.<\/p>","protected":false},"excerpt":{"rendered":"<p>Puma Milan 2022-23 fotbollstr\u00f6jan kombinerar Puma Svart och Tango R\u00f6tt. Detta \u00e4r samma f\u00e4rger som f\u00f6rra s\u00e4songen, bara att Svart nu \u00e4r prim\u00e4rf\u00e4rg och R\u00f6tt sekund\u00e4rf\u00e4rg. Utskrifts-tips: Om namnet och numret p\u00e5 bilden exakt motsvarar dina \u00f6nskem\u00e5l beh\u00f6ver du inte ange dem igen. Om [\u2026]<\/p>","protected":false},"featured_media":6951,"comment_status":"open","ping_status":"closed","template":"","meta":[],"product_brand":[],"product_cat":[15],"product_tag":[295,292,293,294,20,21,22,23],"class_list":{"0":"post-6918","1":"product","2":"type-product","3":"status-publish","4":"has-post-thumbnail","6":"product_cat-unkategorisiert","7":"product_tag-ac-milan-heimtrikot-2022-23-neues","8":"product_tag-ac-milan-neues-trikot-22-23","9":"product_tag-ac-milan-trikot-bestellen","10":"product_tag-alle-ac-mailand-trikots","11":"product_tag-coole-fussballtrikots","12":"product_tag-fussballtrikot-fuer-herren","13":"product_tag-fussballtrikot-guenstig-kaufen","14":"product_tag-fussballtrikot-kurzarm","16":"first","17":"instock","18":"shipping-taxable","19":"purchasable","20":"product-type-variable"},"_links":{"self":[{"href":"https:\/\/www.billigtrikotde.com\/sv\/wp-json\/wp\/v2\/product\/6918","targetHints":{"allow":["GET"]}}],"collection":[{"href":"https:\/\/www.billigtrikotde.com\/sv\/wp-json\/wp\/v2\/product"}],"about":[{"href":"https:\/\/www.billigtrikotde.com\/sv\/wp-json\/wp\/v2\/types\/product"}],"replies":[{"embeddable":true,"href":"https:\/\/www.billigtrikotde.com\/sv\/wp-json\/wp\/v2\/comments?post=6918"}],"wp:featuredmedia":[{"embeddable":true,"href":"https:\/\/www.billigtrikotde.com\/sv\/wp-json\/wp\/v2\/media\/6951"}],"wp:attachment":[{"href":"https:\/\/www.billigtrikotde.com\/sv\/wp-json\/wp\/v2\/media?parent=6918"}],"wp:term":[{"taxonomy":"product_brand","embeddable":true,"href":"https:\/\/www.billigtrikotde.com\/sv\/wp-json\/wp\/v2\/product_brand?post=6918"},{"taxonomy":"product_cat","embeddable":true,"href":"https:\/\/www.billigtrikotde.com\/sv\/wp-json\/wp\/v2\/product_cat?post=6918"},{"taxonomy":"product_tag","embeddable":true,"href":"https:\/\/www.billigtrikotde.com\/sv\/wp-json\/wp\/v2\/product_tag?post=6918"}],"curies":[{"name":"wp","href":"https:\/\/api.w.org\/{rel}","templated":true}]}}