{"id":6793,"date":"2024-10-23T17:58:40","date_gmt":"2024-10-23T15:58:40","guid":{"rendered":"http:\/\/billigtrikots.com\/?post_type=product&#038;p=6793"},"modified":"2024-10-23T18:00:47","modified_gmt":"2024-10-23T16:00:47","slug":"herren-real-madrid-2022-2023-auswaertstrikots-kurzarm-mit-aufdruck-tchouameni-18","status":"publish","type":"product","link":"https:\/\/www.billigtrikotde.com\/sv\/herren-real-madrid-2022-2023-auswaertstrikots-kurzarm-mit-aufdruck-tchouameni-18\/","title":{"rendered":"Real Madrid 2022-2023 Bortatr\u00f6jor f\u00f6r herrar Kort\u00e4rmad med tryck TCHOUAMENI 18"},"content":{"rendered":"<p>Real Madrid CF:s bortatr\u00f6ja f\u00f6r s\u00e4songen 22-23 \u00e4r \u201eLjuslila\u201c. Ljuslila \u00e4r samma lila som ocks\u00e5 anv\u00e4nds f\u00f6r Real Madrid 22-23-tr\u00f6jan. F\u00e4rgen \u00e4r ganska blek, ljuslila. Uppt\u00e4ck Real Madrid 2022\/2023 bortatr\u00f6ja. B\u00e4r stolt Merengue-f\u00e4rgerna p\u00e5 planen eller utomhus. En flexibel och l\u00e4tt tr\u00f6ja med Adidas Aeroready-teknologi, ett plagg som f\u00f6rhindrar att svett tr\u00e4nger in i ditt spel eller tr\u00e4ning. H\u00e5ll dig torr efter dina accelerationer.<\/p>\n<p>Tips f\u00f6r utskrift: Om namn och nummer p\u00e5 bilden \u00e4r exakt vad du vill ha, beh\u00f6ver du inte ange dem igen. Om inte, ska du ange \u00f6nskat namn och nummer.<\/p>\n<p>Tips f\u00f6r tv\u00e4tt: Det \u00e4r rekommenderat att tv\u00e4tta fotbollstr\u00f6jor f\u00f6r hand. Om du vill anv\u00e4nda tv\u00e4ttmaskinen ska du komma ih\u00e5g att v\u00e4nda fotbollstr\u00f6jorna ut och in och sedan tv\u00e4tta dem. Fyll maskinen med kallt vatten och anv\u00e4nd ett skonsamt program f\u00f6r att b\u00e4ttre skydda f\u00e4rgerna.<\/p>","protected":false},"excerpt":{"rendered":"<p>Das Real Madrid CF 22-23 Ausw\u00e4rtstrikot ist \u201eLight Purple\u201c. Light Purple ist das gleiche Lila, das auch f\u00fcr das Trikot von Real Madrid 22-23 verwendet wird. Die Farbe selbst ist ein eher blasses, helles Lila. Entdecke das Real Madrid 2022\/2023 Ausw\u00e4rtstrikot. Tragen Sie stolz die Merengue-Farben auf dem Rasen oder im Freien.Ein flexibles und leichtes [&hellip;]<\/p>","protected":false},"featured_media":6830,"comment_status":"open","ping_status":"closed","template":"","meta":[],"product_brand":[],"product_cat":[45],"product_tag":[20,38,21,228,24,291,271,267,47,268],"class_list":{"0":"post-6793","1":"product","2":"type-product","3":"status-publish","4":"has-post-thumbnail","6":"product_cat-real-madrid","7":"product_tag-coole-fussballtrikots","8":"product_tag-fussball-trikot-langarm","9":"product_tag-fussballtrikot-fuer-herren","10":"product_tag-guenstige-fussballtrikot","11":"product_tag-guenstiges-fussballtrikot","12":"product_tag-real-madrid-2022-2023-auswaertstrikots","13":"product_tag-real-madrid-trikot-herren-guenstig","14":"product_tag-real-madrid-trikot-langarm-herren","15":"product_tag-real-madrid-trikots","16":"product_tag-real-madrid-trikots-22-23","18":"first","19":"instock","20":"shipping-taxable","21":"purchasable","22":"product-type-variable"},"_links":{"self":[{"href":"https:\/\/www.billigtrikotde.com\/sv\/wp-json\/wp\/v2\/product\/6793","targetHints":{"allow":["GET"]}}],"collection":[{"href":"https:\/\/www.billigtrikotde.com\/sv\/wp-json\/wp\/v2\/product"}],"about":[{"href":"https:\/\/www.billigtrikotde.com\/sv\/wp-json\/wp\/v2\/types\/product"}],"replies":[{"embeddable":true,"href":"https:\/\/www.billigtrikotde.com\/sv\/wp-json\/wp\/v2\/comments?post=6793"}],"wp:featuredmedia":[{"embeddable":true,"href":"https:\/\/www.billigtrikotde.com\/sv\/wp-json\/wp\/v2\/media\/6830"}],"wp:attachment":[{"href":"https:\/\/www.billigtrikotde.com\/sv\/wp-json\/wp\/v2\/media?parent=6793"}],"wp:term":[{"taxonomy":"product_brand","embeddable":true,"href":"https:\/\/www.billigtrikotde.com\/sv\/wp-json\/wp\/v2\/product_brand?post=6793"},{"taxonomy":"product_cat","embeddable":true,"href":"https:\/\/www.billigtrikotde.com\/sv\/wp-json\/wp\/v2\/product_cat?post=6793"},{"taxonomy":"product_tag","embeddable":true,"href":"https:\/\/www.billigtrikotde.com\/sv\/wp-json\/wp\/v2\/product_tag?post=6793"}],"curies":[{"name":"wp","href":"https:\/\/api.w.org\/{rel}","templated":true}]}}