{"id":673,"date":"2024-10-23T12:59:16","date_gmt":"2024-10-23T10:59:16","guid":{"rendered":"http:\/\/billigtrikots.com\/?post_type=product&#038;p=673"},"modified":"2024-10-23T13:01:16","modified_gmt":"2024-10-23T11:01:16","slug":"trikotsatz-paris-saint-germain-21-22-auswaertstrikot-weiss-mit-aufdruck-di-maria-11","status":"publish","type":"product","link":"https:\/\/www.billigtrikotde.com\/sv\/trikotsatz-paris-saint-germain-21-22-auswaertstrikot-weiss-mit-aufdruck-di-maria-11\/","title":{"rendered":"Paris Saint Germain 21\/22 bortast\u00e4ll vit med tryck Di Mar\u00eda 11"},"content":{"rendered":"<p>Visa din lojalitet till ditt lag med denna l\u00e4ttviktiga modell i vitt. Du kan verkligen inte g\u00e5 fel med den h\u00e4r sporttr\u00f6jan fr\u00e5n Nike. Som ett \u00e4kta Paris Saint-Germain-fan beh\u00f6ver du den h\u00e4r sporttr\u00f6jan. Den bekv\u00e4ma, andningsbara, svettavledande och l\u00e4tta modellen \u00e4r \u00f6vertygande \u00f6ver hela linjen. Det h\u00e4r \u00e4r en tr\u00f6ja som garanterat kommer att imponera med klubbm\u00e4rket p\u00e5 br\u00f6stet. Med den h\u00e4r sporttoppen kommer du att vara perfekt utrustad f\u00f6r varje session.<\/p>\n<p>Tips f\u00f6r utskrift: Om namn och nummer p\u00e5 bilden \u00e4r exakt vad du vill ha, beh\u00f6ver du inte ange dem igen. Om inte, ska du ange \u00f6nskat namn och nummer.<\/p>\n<p>Tips f\u00f6r tv\u00e4tt: Det \u00e4r rekommenderat att tv\u00e4tta fotbollstr\u00f6jor f\u00f6r hand. Om du vill anv\u00e4nda tv\u00e4ttmaskinen ska du komma ih\u00e5g att v\u00e4nda fotbollstr\u00f6jorna ut och in och sedan tv\u00e4tta dem. Fyll maskinen med kallt vatten och anv\u00e4nd ett skonsamt program f\u00f6r att b\u00e4ttre skydda f\u00e4rgerna.<\/p>","protected":false},"excerpt":{"rendered":"<p>Zeige deine Zugeh\u00f6rigkeit zu deinem Team durch das leichte Modell in Wei\u00df. Mit dem Sportshirt aus dem Hause Nike kann man wirklich nichts falsch machen. Als echter Paris Saint-Germain-Fan brauchst du dieses Sportshirt. Das bequeme, atmungsaktive, schwei\u00dfableitende und leichte Modell \u00fcberzeugt auf ganzer Linie. Dies ist ein Shirt, das durch das Vereinswappen auf der Brust [&hellip;]<\/p>","protected":false},"featured_media":703,"comment_status":"open","ping_status":"closed","template":"","meta":[],"product_brand":[],"product_cat":[39],"product_tag":[20,43,21,22,23,24,44,41],"class_list":{"0":"post-673","1":"product","2":"type-product","3":"status-publish","4":"has-post-thumbnail","6":"product_cat-paris-saint-germain","7":"product_tag-coole-fussballtrikots","8":"product_tag-fussballkleidung","9":"product_tag-fussballtrikot-fuer-herren","10":"product_tag-fussballtrikot-guenstig-kaufen","11":"product_tag-fussballtrikot-kurzarm","12":"product_tag-guenstiges-fussballtrikot","13":"product_tag-paris-saint-germain-auswaertstrikot","14":"product_tag-paris-saint-germain-trikots","16":"first","17":"instock","18":"featured","19":"shipping-taxable","20":"purchasable","21":"product-type-variable"},"_links":{"self":[{"href":"https:\/\/www.billigtrikotde.com\/sv\/wp-json\/wp\/v2\/product\/673","targetHints":{"allow":["GET"]}}],"collection":[{"href":"https:\/\/www.billigtrikotde.com\/sv\/wp-json\/wp\/v2\/product"}],"about":[{"href":"https:\/\/www.billigtrikotde.com\/sv\/wp-json\/wp\/v2\/types\/product"}],"replies":[{"embeddable":true,"href":"https:\/\/www.billigtrikotde.com\/sv\/wp-json\/wp\/v2\/comments?post=673"}],"wp:featuredmedia":[{"embeddable":true,"href":"https:\/\/www.billigtrikotde.com\/sv\/wp-json\/wp\/v2\/media\/703"}],"wp:attachment":[{"href":"https:\/\/www.billigtrikotde.com\/sv\/wp-json\/wp\/v2\/media?parent=673"}],"wp:term":[{"taxonomy":"product_brand","embeddable":true,"href":"https:\/\/www.billigtrikotde.com\/sv\/wp-json\/wp\/v2\/product_brand?post=673"},{"taxonomy":"product_cat","embeddable":true,"href":"https:\/\/www.billigtrikotde.com\/sv\/wp-json\/wp\/v2\/product_cat?post=673"},{"taxonomy":"product_tag","embeddable":true,"href":"https:\/\/www.billigtrikotde.com\/sv\/wp-json\/wp\/v2\/product_tag?post=673"}],"curies":[{"name":"wp","href":"https:\/\/api.w.org\/{rel}","templated":true}]}}