{"id":6604,"date":"2024-10-23T17:48:58","date_gmt":"2024-10-23T15:48:58","guid":{"rendered":"http:\/\/billigtrikots.com\/?post_type=product&#038;p=6604"},"modified":"2024-10-23T17:51:08","modified_gmt":"2024-10-23T15:51:08","slug":"herren-usa-heimtrikot-wm-2022-t-shirt-weiss-kurzarm-schwarz-kurze-hosen","status":"publish","type":"product","link":"https:\/\/www.billigtrikotde.com\/sv\/herren-usa-heimtrikot-wm-2022-t-shirt-weiss-kurzarm-schwarz-kurze-hosen\/","title":{"rendered":"Herrar USA Hemmatr\u00f6ja VM 2022 T-shirt vit Kort\u00e4rmad + svart Shorts"},"content":{"rendered":"<p>Nike United States 2022-tr\u00f6jan kombinerar de mest traditionella f\u00e4rgerna f\u00f6r USA:s fotbollslag - vitt och marinbl\u00e5tt. De officiella f\u00e4rgerna \u00e4r \"Vit \/ Loyal Blue\".<\/p>\n<p>Det speciella med Nike USA 2022 World Cup-tr\u00f6jan \u00e4r den troliga positioneringen av Swooshes. Ist\u00e4llet f\u00f6r Nike-logotypen p\u00e5 framsidan kommer Swooshes f\u00f6rmodligen att ses p\u00e5 \u00e4rmarna.<\/p>\n<p>Det \u00e4r samma logotypstil som vi k\u00e4nner igen fr\u00e5n NFL. Den har aldrig anv\u00e4nts p\u00e5 en Nike-fotbollstr\u00f6ja tidigare.<\/p>\n<p>Numret p\u00e5 framsidan skulle vara p\u00e5 motsatt sida av US Soccers vapensk\u00f6ld.<\/p>\n<p>Tips f\u00f6r utskrift: Om namn och nummer p\u00e5 bilden \u00e4r exakt vad du vill ha, beh\u00f6ver du inte ange dem igen. Om inte, ska du ange \u00f6nskat namn och nummer.<\/p>\n<p>Tips f\u00f6r tv\u00e4tt: Det \u00e4r rekommenderat att tv\u00e4tta fotbollstr\u00f6jor f\u00f6r hand. Om du vill anv\u00e4nda tv\u00e4ttmaskinen ska du komma ih\u00e5g att v\u00e4nda fotbollstr\u00f6jorna ut och in och sedan tv\u00e4tta dem. Fyll maskinen med kallt vatten och anv\u00e4nd ett skonsamt program f\u00f6r att b\u00e4ttre skydda f\u00e4rgerna.<\/p>","protected":false},"excerpt":{"rendered":"<p>Nike United States 2022-tr\u00f6jan kombinerar de mest traditionella f\u00e4rgerna f\u00f6r det svenska fotbollslaget \u2013 vitt och marinbl\u00e5tt. Officiellt heter f\u00e4rgerna \u201eWhite \/ Loyal Blue\u201c. Det speciella med Nike USA 2022 VM-tr\u00f6ja \u00e4r den sannolika placeringen av Swooshen. Ist\u00e4llet f\u00f6r Nike-logotypen p\u00e5 framsidan kommer Swooshes sannolikt att vara p\u00e5 \u00e4rmarna [...]<\/p>","protected":false},"featured_media":6643,"comment_status":"open","ping_status":"closed","template":"","meta":[],"product_brand":[],"product_cat":[245],"product_tag":[20,43,21,22,23,24,246,287,247,248,249,250,288],"class_list":{"0":"post-6604","1":"product","2":"type-product","3":"status-publish","4":"has-post-thumbnail","6":"product_cat-usa-trikots","7":"product_tag-coole-fussballtrikots","8":"product_tag-fussballkleidung","9":"product_tag-fussballtrikot-fuer-herren","10":"product_tag-fussballtrikot-guenstig-kaufen","11":"product_tag-fussballtrikot-kurzarm","12":"product_tag-guenstiges-fussballtrikot","13":"product_tag-united-states-2022-trikot","14":"product_tag-united-states-heimtrikot","15":"product_tag-usa-fussball-shop","16":"product_tag-usa-fussball-trikot","17":"product_tag-usa-nationalmannschaft","18":"product_tag-usa-trikot-herren","19":"product_tag-usa-trikots","21":"first","22":"instock","23":"shipping-taxable","24":"purchasable","25":"product-type-variable"},"_links":{"self":[{"href":"https:\/\/www.billigtrikotde.com\/sv\/wp-json\/wp\/v2\/product\/6604","targetHints":{"allow":["GET"]}}],"collection":[{"href":"https:\/\/www.billigtrikotde.com\/sv\/wp-json\/wp\/v2\/product"}],"about":[{"href":"https:\/\/www.billigtrikotde.com\/sv\/wp-json\/wp\/v2\/types\/product"}],"replies":[{"embeddable":true,"href":"https:\/\/www.billigtrikotde.com\/sv\/wp-json\/wp\/v2\/comments?post=6604"}],"wp:featuredmedia":[{"embeddable":true,"href":"https:\/\/www.billigtrikotde.com\/sv\/wp-json\/wp\/v2\/media\/6643"}],"wp:attachment":[{"href":"https:\/\/www.billigtrikotde.com\/sv\/wp-json\/wp\/v2\/media?parent=6604"}],"wp:term":[{"taxonomy":"product_brand","embeddable":true,"href":"https:\/\/www.billigtrikotde.com\/sv\/wp-json\/wp\/v2\/product_brand?post=6604"},{"taxonomy":"product_cat","embeddable":true,"href":"https:\/\/www.billigtrikotde.com\/sv\/wp-json\/wp\/v2\/product_cat?post=6604"},{"taxonomy":"product_tag","embeddable":true,"href":"https:\/\/www.billigtrikotde.com\/sv\/wp-json\/wp\/v2\/product_tag?post=6604"}],"curies":[{"name":"wp","href":"https:\/\/api.w.org\/{rel}","templated":true}]}}