{"id":6530,"date":"2024-10-23T17:45:30","date_gmt":"2024-10-23T15:45:30","guid":{"rendered":"http:\/\/billigtrikots.com\/?post_type=product&#038;p=6530"},"modified":"2024-10-23T17:47:39","modified_gmt":"2024-10-23T15:47:39","slug":"kinder-paris-saint-germain-psg-heimtrikots-2022-2023-blau-kurzarm-kurze-hosen-marquinhos-5","status":"publish","type":"product","link":"https:\/\/www.billigtrikotde.com\/sv\/kinder-paris-saint-germain-psg-heimtrikots-2022-2023-blau-kurzarm-kurze-hosen-marquinhos-5\/","title":{"rendered":"Barn Paris Saint Germain PSG Hemmatr\u00f6jor 2022-2023 Bl\u00e5 Kort\u00e4rmad + Shorts MARQUINHOS 5"},"content":{"rendered":"<p>Efter den enf\u00e4rgade tr\u00f6jan fr\u00e5n 21-22 \u00e4r Nike PSG-tr\u00f6jan 2022-23 bl\u00e5 med ett vitt mittstreck, omgivet av tunnare r\u00f6da streck \u2013 en omv\u00e4nd hechter, om du s\u00e5 vill. Baksidan \u00e4r enf\u00e4rgad bl\u00e5.<\/p>\n<p>Tips f\u00f6r utskrift: Om namn och nummer p\u00e5 bilden \u00e4r exakt vad du vill ha, beh\u00f6ver du inte ange dem igen. Om inte, ska du ange \u00f6nskat namn och nummer.<\/p>\n<p>Tips f\u00f6r tv\u00e4tt: Det \u00e4r rekommenderat att tv\u00e4tta fotbollstr\u00f6jor f\u00f6r hand. Om du vill anv\u00e4nda tv\u00e4ttmaskinen ska du komma ih\u00e5g att v\u00e4nda fotbollstr\u00f6jorna ut och in och sedan tv\u00e4tta dem. Fyll maskinen med kallt vatten och anv\u00e4nd ett skonsamt program f\u00f6r att b\u00e4ttre skydda f\u00e4rgerna.<\/p>","protected":false},"excerpt":{"rendered":"<p>Efter den enf\u00e4rgade tr\u00f6jan fr\u00e5n 21-22 \u00e4r Nike PSG-tr\u00f6jan 2022-23 bl\u00e5 med ett vitt mittstreck, som \u00e4r omgivet av tunnare r\u00f6da streck \u2013 en omv\u00e4nd hatcher, om du s\u00e5 vill. Baksidan \u00e4r enf\u00e4rgad bl\u00e5. Tips f\u00f6r tryck: Om namnet och numret p\u00e5 bilden exakt motsvarar dina \u00f6nskem\u00e5l m\u00e5ste du [\u2026]<\/p>","protected":false},"featured_media":6562,"comment_status":"open","ping_status":"closed","template":"","meta":[],"product_brand":[],"product_cat":[160],"product_tag":[20,43,21,22,23,24,284,285,41],"class_list":{"0":"post-6530","1":"product","2":"type-product","3":"status-publish","4":"has-post-thumbnail","6":"product_cat-paris-saint-germain-kindertrikot","7":"product_tag-coole-fussballtrikots","8":"product_tag-fussballkleidung","9":"product_tag-fussballtrikot-fuer-herren","10":"product_tag-fussballtrikot-guenstig-kaufen","11":"product_tag-fussballtrikot-kurzarm","12":"product_tag-guenstiges-fussballtrikot","13":"product_tag-neuen-fussballtrikots","14":"product_tag-paris-saint-germain-heimtrikots-2022-2023","15":"product_tag-paris-saint-germain-trikots","17":"first","18":"instock","19":"shipping-taxable","20":"purchasable","21":"product-type-variable"},"_links":{"self":[{"href":"https:\/\/www.billigtrikotde.com\/sv\/wp-json\/wp\/v2\/product\/6530","targetHints":{"allow":["GET"]}}],"collection":[{"href":"https:\/\/www.billigtrikotde.com\/sv\/wp-json\/wp\/v2\/product"}],"about":[{"href":"https:\/\/www.billigtrikotde.com\/sv\/wp-json\/wp\/v2\/types\/product"}],"replies":[{"embeddable":true,"href":"https:\/\/www.billigtrikotde.com\/sv\/wp-json\/wp\/v2\/comments?post=6530"}],"wp:featuredmedia":[{"embeddable":true,"href":"https:\/\/www.billigtrikotde.com\/sv\/wp-json\/wp\/v2\/media\/6562"}],"wp:attachment":[{"href":"https:\/\/www.billigtrikotde.com\/sv\/wp-json\/wp\/v2\/media?parent=6530"}],"wp:term":[{"taxonomy":"product_brand","embeddable":true,"href":"https:\/\/www.billigtrikotde.com\/sv\/wp-json\/wp\/v2\/product_brand?post=6530"},{"taxonomy":"product_cat","embeddable":true,"href":"https:\/\/www.billigtrikotde.com\/sv\/wp-json\/wp\/v2\/product_cat?post=6530"},{"taxonomy":"product_tag","embeddable":true,"href":"https:\/\/www.billigtrikotde.com\/sv\/wp-json\/wp\/v2\/product_tag?post=6530"}],"curies":[{"name":"wp","href":"https:\/\/api.w.org\/{rel}","templated":true}]}}