{"id":6474,"date":"2024-10-23T17:42:45","date_gmt":"2024-10-23T15:42:45","guid":{"rendered":"http:\/\/billigtrikots.com\/?post_type=product&#038;p=6474"},"modified":"2024-10-23T17:44:51","modified_gmt":"2024-10-23T15:44:51","slug":"fc-barcelona-2022-23-home-kit-heimtrikot-kurzarm-fussballtrikots-pedri-8","status":"publish","type":"product","link":"https:\/\/www.billigtrikotde.com\/sv\/fc-barcelona-2022-23-home-kit-heimtrikot-kurzarm-fussballtrikots-pedri-8\/","title":{"rendered":"FC Barcelona 2022\/23 Hemkl\u00e4der Hemtr\u00f6ja Kort\u00e4rmad Fotbolls-tr\u00f6jor PEDRI 8"},"content":{"rendered":"<p>FC Barcelonas hemmatr\u00f6ja s\u00e4songen 2022-23 introducerar en chic look och tillf\u00f6r den traditionella Blaugrana-randningen m\u00f6rkbl\u00e5. \u00c4rmarna och kragen p\u00e5 Barcelona 22-23-tr\u00f6jan \u00e4r enf\u00e4rgade m\u00f6rkbl\u00e5, medan framsidan har ganska breda r\u00e4nder i m\u00f6rkbl\u00e5tt, kungbl\u00e5tt och r\u00f6tt. Det officiella namnet p\u00e5 den m\u00f6rkbl\u00e5 f\u00e4rg som anv\u00e4nds p\u00e5 tr\u00f6jan \u00e4r \u201eObsidian\u201c, vilket ocks\u00e5 \u00e4r f\u00e4rgen p\u00e5 logotyperna p\u00e5 den gyllene utomhustr\u00f6jan.<br \/>\nBarcelonas hemmatr\u00f6ja 2022\/23 l\u00e4gger till tv\u00e5 m\u00f6rkbl\u00e5 vertikala r\u00e4nder till klubbens ikoniska kungbl\u00e5 och r\u00f6da r\u00e4nder. F\u00e4rgerna i den katalanska flaggan \u00e4r placerade p\u00e5 nacken. F\u00f6r f\u00f6rsta g\u00e5ngen anv\u00e4nds ett marinbl\u00e5tt block f\u00f6r \u00f6vre br\u00f6stet, axlarna och \u00e4rmen p\u00e5 den tidigare Europam\u00e4staren.<\/p>\n<p>Tips f\u00f6r utskrift: Om namn och nummer p\u00e5 bilden \u00e4r exakt vad du vill ha, beh\u00f6ver du inte ange dem igen. Om inte, ska du ange \u00f6nskat namn och nummer.<\/p>\n<p>Tips f\u00f6r tv\u00e4tt: Det \u00e4r rekommenderat att tv\u00e4tta fotbollstr\u00f6jor f\u00f6r hand. Om du vill anv\u00e4nda tv\u00e4ttmaskinen ska du komma ih\u00e5g att v\u00e4nda fotbollstr\u00f6jorna ut och in och sedan tv\u00e4tta dem. Fyll maskinen med kallt vatten och anv\u00e4nd ett skonsamt program f\u00f6r att b\u00e4ttre skydda f\u00e4rgerna.<\/p>","protected":false},"excerpt":{"rendered":"<p>FC Barcelona 2022-23 Hemtr\u00f6jan introducerar en stilren look och l\u00e4gger till de traditionella Blaugrana-stripsen i m\u00f6rkbl\u00e5tt. \u00c4rmarna och kragen p\u00e5 Barcelona 22-23-tr\u00f6jan \u00e4r enf\u00e4rgade m\u00f6rkbl\u00e5, medan framsidan har ganska breda r\u00e4nder i m\u00f6rkbl\u00e5tt, kungabl\u00e5tt och r\u00f6tt. Den officiella f\u00e4rgen p\u00e5 m\u00f6rkbl\u00e5 som anv\u00e4nds p\u00e5 tr\u00f6jan \u00e4r 'Obsidian', vilket ocks\u00e5 \u00e4r namnet p\u00e5 f\u00e4rgen [...]<\/p>","protected":false},"featured_media":6512,"comment_status":"open","ping_status":"closed","template":"","meta":[],"product_brand":[],"product_cat":[31],"product_tag":[20,282,283,33,21,22,23,24],"class_list":{"0":"post-6474","1":"product","2":"type-product","3":"status-publish","4":"has-post-thumbnail","6":"product_cat-fc-barcelona","7":"product_tag-coole-fussballtrikots","8":"product_tag-fc-barcelona-2022-23-trikots","9":"product_tag-fc-barcelona-22-23-auswaertstrikot","10":"product_tag-fc-barcelona-trikots","11":"product_tag-fussballtrikot-fuer-herren","12":"product_tag-fussballtrikot-guenstig-kaufen","13":"product_tag-fussballtrikot-kurzarm","14":"product_tag-guenstiges-fussballtrikot","16":"first","17":"instock","18":"shipping-taxable","19":"purchasable","20":"product-type-variable"},"_links":{"self":[{"href":"https:\/\/www.billigtrikotde.com\/sv\/wp-json\/wp\/v2\/product\/6474","targetHints":{"allow":["GET"]}}],"collection":[{"href":"https:\/\/www.billigtrikotde.com\/sv\/wp-json\/wp\/v2\/product"}],"about":[{"href":"https:\/\/www.billigtrikotde.com\/sv\/wp-json\/wp\/v2\/types\/product"}],"replies":[{"embeddable":true,"href":"https:\/\/www.billigtrikotde.com\/sv\/wp-json\/wp\/v2\/comments?post=6474"}],"wp:featuredmedia":[{"embeddable":true,"href":"https:\/\/www.billigtrikotde.com\/sv\/wp-json\/wp\/v2\/media\/6512"}],"wp:attachment":[{"href":"https:\/\/www.billigtrikotde.com\/sv\/wp-json\/wp\/v2\/media?parent=6474"}],"wp:term":[{"taxonomy":"product_brand","embeddable":true,"href":"https:\/\/www.billigtrikotde.com\/sv\/wp-json\/wp\/v2\/product_brand?post=6474"},{"taxonomy":"product_cat","embeddable":true,"href":"https:\/\/www.billigtrikotde.com\/sv\/wp-json\/wp\/v2\/product_cat?post=6474"},{"taxonomy":"product_tag","embeddable":true,"href":"https:\/\/www.billigtrikotde.com\/sv\/wp-json\/wp\/v2\/product_tag?post=6474"}],"curies":[{"name":"wp","href":"https:\/\/api.w.org\/{rel}","templated":true}]}}