{"id":6448,"date":"2024-10-23T17:41:36","date_gmt":"2024-10-23T15:41:36","guid":{"rendered":"http:\/\/billigtrikots.com\/?post_type=product&#038;p=6448"},"modified":"2024-10-23T17:43:42","modified_gmt":"2024-10-23T15:43:42","slug":"fc-barcelona-2022-23-auswaertstrikots-goldene-kurzarm-mit-aufdruck-r-araujo-4","status":"publish","type":"product","link":"https:\/\/www.billigtrikotde.com\/sv\/fc-barcelona-2022-23-auswaertstrikots-goldene-kurzarm-mit-aufdruck-r-araujo-4\/","title":{"rendered":"FC Barcelona 2022\/23 Bortatr\u00f6jor Gyllene Kort\u00e4rmad med tryck R.ARAUJO 4"},"content":{"rendered":"<p>FC Barcelona presenterade sin nya bortatr\u00f6ja f\u00f6r s\u00e4songen 2022\/23 f\u00f6r allm\u00e4nheten p\u00e5 m\u00e5ndagen. Genom flera l\u00e4ckor var det redan i m\u00e5nader tydligt hur denna dr\u00e4kt i stora drag skulle se ut, nu sl\u00e4pptes de f\u00f6rsta officiella bilderna. Den andra tr\u00f6jan f\u00f6r katalanerna \u00e4r helt i guld, en hyllning till de Olympiska spelen, som \u00e4gde rum 1992 \u2013 allts\u00e5 f\u00f6r 30 \u00e5r sedan \u2013 i Barcelona och som p\u00e5 ett varaktigt positivt s\u00e4tt p\u00e5verkade stadens stadsbild samt den internationella uppfattningen av medelhavsstaden. En ytterligare referens till detta stora sportevenemang \u00e4r dekorationerna i Olympiska ringarnas f\u00e4rger p\u00e5 \u00e4rmarna och strumporna. Dessutom pryds tr\u00f6jan av layouten f\u00f6r staden Barcelona.<\/p>\n<p>Tips f\u00f6r utskrift: Om namn och nummer p\u00e5 bilden \u00e4r exakt vad du vill ha, beh\u00f6ver du inte ange dem igen. Om inte, ska du ange \u00f6nskat namn och nummer.<\/p>\n<p>Tips f\u00f6r tv\u00e4tt: Det \u00e4r rekommenderat att tv\u00e4tta fotbollstr\u00f6jor f\u00f6r hand. Om du vill anv\u00e4nda tv\u00e4ttmaskinen ska du komma ih\u00e5g att v\u00e4nda fotbollstr\u00f6jorna ut och in och sedan tv\u00e4tta dem. Fyll maskinen med kallt vatten och anv\u00e4nd ett skonsamt program f\u00f6r att b\u00e4ttre skydda f\u00e4rgerna.<\/p>","protected":false},"excerpt":{"rendered":"<p>Der FC Barcelona hat am Montag sein neues Ausw\u00e4rtstrikot f\u00fcr die Spielzeit 2022\/23 der \u00d6ffentlichkeit vorgestellt. Durch mehrere Leaks war bereits seit Monaten klar, wie dieser Dress im Gro\u00dfen und Ganzen aussehen w\u00fcrde, nun gab es die ersten offiziellen Bilder. Das zweite Trikot der Katalanen ist komplett in Gold gehalten, eine Hommage an die Olympischen [&hellip;]<\/p>","protected":false},"featured_media":6487,"comment_status":"open","ping_status":"closed","template":"","meta":[],"product_brand":[],"product_cat":[31],"product_tag":[20,282,283,33,21,22,23,24],"class_list":{"0":"post-6448","1":"product","2":"type-product","3":"status-publish","4":"has-post-thumbnail","6":"product_cat-fc-barcelona","7":"product_tag-coole-fussballtrikots","8":"product_tag-fc-barcelona-2022-23-trikots","9":"product_tag-fc-barcelona-22-23-auswaertstrikot","10":"product_tag-fc-barcelona-trikots","11":"product_tag-fussballtrikot-fuer-herren","12":"product_tag-fussballtrikot-guenstig-kaufen","13":"product_tag-fussballtrikot-kurzarm","14":"product_tag-guenstiges-fussballtrikot","16":"first","17":"instock","18":"shipping-taxable","19":"purchasable","20":"product-type-variable"},"_links":{"self":[{"href":"https:\/\/www.billigtrikotde.com\/sv\/wp-json\/wp\/v2\/product\/6448","targetHints":{"allow":["GET"]}}],"collection":[{"href":"https:\/\/www.billigtrikotde.com\/sv\/wp-json\/wp\/v2\/product"}],"about":[{"href":"https:\/\/www.billigtrikotde.com\/sv\/wp-json\/wp\/v2\/types\/product"}],"replies":[{"embeddable":true,"href":"https:\/\/www.billigtrikotde.com\/sv\/wp-json\/wp\/v2\/comments?post=6448"}],"wp:featuredmedia":[{"embeddable":true,"href":"https:\/\/www.billigtrikotde.com\/sv\/wp-json\/wp\/v2\/media\/6487"}],"wp:attachment":[{"href":"https:\/\/www.billigtrikotde.com\/sv\/wp-json\/wp\/v2\/media?parent=6448"}],"wp:term":[{"taxonomy":"product_brand","embeddable":true,"href":"https:\/\/www.billigtrikotde.com\/sv\/wp-json\/wp\/v2\/product_brand?post=6448"},{"taxonomy":"product_cat","embeddable":true,"href":"https:\/\/www.billigtrikotde.com\/sv\/wp-json\/wp\/v2\/product_cat?post=6448"},{"taxonomy":"product_tag","embeddable":true,"href":"https:\/\/www.billigtrikotde.com\/sv\/wp-json\/wp\/v2\/product_tag?post=6448"}],"curies":[{"name":"wp","href":"https:\/\/api.w.org\/{rel}","templated":true}]}}